{"id":3548,"date":"2019-08-20T12:10:13","date_gmt":"2019-08-20T12:10:13","guid":{"rendered":"https:\/\/destinasjonkvenver.no\/kontakt\/"},"modified":"2024-01-16T15:02:43","modified_gmt":"2024-01-16T15:02:43","slug":"kontakt","status":"publish","type":"page","link":"https:\/\/destinasjonkvenver.no\/no\/kontakt\/","title":{"rendered":"Kontakt"},"content":{"rendered":"\n<div style=\"height:20px\" aria-hidden=\"true\" class=\"wp-block-spacer\"><\/div>\n\n<div class=\"wp-block-columns has-2-columns is-layout-flex wp-container-core-columns-is-layout-9d6595d7 wp-block-columns-is-layout-flex\">\n<div class=\"wp-block-column is-layout-flow wp-block-column-is-layout-flow\">\n<div class=\"wp-block-getwid-advanced-heading\" style=\"margin-bottom:30px\"><h2 class=\"wp-block-getwid-advanced-heading__content\">Hvordan Kan Vi Hjelpe Deg?<\/h2><\/div>\n\n\n\n<p>Ta gjerne kontakt med oss \u200b\u200bdirekte hvis du har sp\u00f8rsm\u00e5l ang\u00e5ende overnatting eller annet relatert til v\u00e5re tjenester &#8211; vi vil gjerne ha deg p\u00e5 bes\u00f8k hos oss.<\/p>\n\n\n\n<p>Fyll inn dine personlige data og skriv en melding for \u00e5 komme i direkte kontakt med oss. Vi svarer innen 24 timer. Du kan ogs\u00e5 ringe oss direkte p\u00e5 telefonen ved \u00e5 bruke informasjonen nedenfor.  <\/p>\n\n\n\n<div style=\"height:20px\" aria-hidden=\"true\" class=\"wp-block-spacer\"><\/div>\n\n\n\n<div class=\"wp-block-getwid-advanced-heading has-custom-font-size\" style=\"font-size:14px;margin-bottom:0px\"><span class=\"wp-block-getwid-advanced-heading__content\"><strong>Adresse:<\/strong><\/span><\/div>\n\n\n\n<div class=\"wp-block-getwid-advanced-heading has-custom-font-size\" style=\"font-size:normal\"><span class=\"wp-block-getwid-advanced-heading__content has-text-color has-arsenic-color\" style=\"font-weight:500\">Sj\u00f8bakkan 15, 7243 Kvenv\u00e6r<\/span><\/div>\n\n\n\n<div class=\"wp-block-getwid-advanced-heading has-custom-font-size\" style=\"font-size:14px;margin-bottom:0px\"><span class=\"wp-block-getwid-advanced-heading__content\"><strong>Telefon:  <\/strong><\/span><\/div>\n\n\n\n<div class=\"wp-block-getwid-advanced-heading has-custom-font-size\" style=\"font-size:normal\"><span class=\"wp-block-getwid-advanced-heading__content has-text-color has-arsenic-color\" style=\"font-weight:500\">Bjarne Johan: <a href=\"tel:4791135987\">+47 911 35 987<\/a><br>(Den Flytende Suite &#038; Loft Suiten)<br><br>Christian: <a href=\"tel:4795961631\">+47 959 61 631<\/a><br>(Skj\u00e5en &#038; Fyrmesterboligen)<\/span><\/div>\n\n\n\n<div class=\"wp-block-getwid-advanced-heading has-custom-font-size\" style=\"font-size:14px;margin-bottom:0px\"><span class=\"wp-block-getwid-advanced-heading__content\"><strong>E-post:<\/strong><\/span><\/div>\n\n\n\n<div class=\"wp-block-getwid-advanced-heading has-custom-font-size\" style=\"font-size:normal\"><span class=\"wp-block-getwid-advanced-heading__content has-text-color has-arsenic-color\" style=\"font-weight:500\"><a href=\"mailto:faxvaag@hitra.com\">faxvaag@hitra.com<\/a><\/span><\/div>\n<\/div>\n\n\n\n<div class=\"wp-block-column is-layout-flow wp-block-column-is-layout-flow\">\n<div class=\"wp-block-getwid-section is-style-with-shadow\"><div class=\"wp-block-getwid-section__wrapper getwid-padding-top-medium getwid-padding-bottom-medium getwid-padding-left-medium getwid-padding-right-medium\"><div class=\"wp-block-getwid-section__inner-wrapper\"><div class=\"wp-block-getwid-section__background-holder\"><div class=\"wp-block-getwid-section__background has-background has-white-background-color\"><\/div><div class=\"wp-block-getwid-section__foreground\"><\/div><\/div><div class=\"wp-block-getwid-section__content\"><div class=\"wp-block-getwid-section__inner-content\"><div class=\"wpforms-container wpforms-container-full wpforms-block wpforms-block-1de0512f-13e8-48f1-ba27-e83bcdfac8fe wpforms-render-modern\" id=\"wpforms-1790\"><form id=\"wpforms-form-1790\" class=\"wpforms-validate wpforms-form wpforms-ajax-form\" data-formid=\"1790\" method=\"post\" enctype=\"multipart\/form-data\" action=\"\/no\/wp-json\/wp\/v2\/pages\/3548\" data-token=\"d3502500a5af57a5e51ddebf50bec5ce\" data-token-time=\"1776761056\"><noscript class=\"wpforms-error-noscript\">Please enable JavaScript in your browser to complete this form.<\/noscript><div id=\"wpforms-error-noscript\" style=\"display: none;\">Please enable JavaScript in your browser to complete this form.<\/div><div class=\"wpforms-field-container\"><div id=\"wpforms-1790-field_0-container\" class=\"wpforms-field wpforms-field-name\" data-field-id=\"0\"><fieldset><legend class=\"wpforms-field-label\">Navn <span class=\"wpforms-required-label\" aria-hidden=\"true\">*<\/span><\/legend><div class=\"wpforms-field-row wpforms-field-large\"><div class=\"wpforms-field-row-block wpforms-first wpforms-one-half\"><input type=\"text\" id=\"wpforms-1790-field_0\" class=\"wpforms-field-name-first wpforms-field-required\" name=\"wpforms[fields][0][first]\" aria-errormessage=\"wpforms-1790-field_0-error\" required><label for=\"wpforms-1790-field_0\" class=\"wpforms-field-sublabel after\">Fornavn<\/label><\/div><div class=\"wpforms-field-row-block wpforms-one-half\"><input type=\"text\" id=\"wpforms-1790-field_0-last\" class=\"wpforms-field-name-last wpforms-field-required\" name=\"wpforms[fields][0][last]\" aria-errormessage=\"wpforms-1790-field_0-last-error\" required><label for=\"wpforms-1790-field_0-last\" class=\"wpforms-field-sublabel after\">Etternavn<\/label><\/div><\/div><\/fieldset><\/div><div id=\"wpforms-1790-field_1-container\" class=\"wpforms-field wpforms-field-email\" data-field-id=\"1\"><label class=\"wpforms-field-label\" for=\"wpforms-1790-field_1\">E-post <span class=\"wpforms-required-label\" aria-hidden=\"true\">*<\/span><\/label><input type=\"email\" id=\"wpforms-1790-field_1\" class=\"wpforms-field-large wpforms-field-required\" name=\"wpforms[fields][1]\" spellcheck=\"false\" aria-errormessage=\"wpforms-1790-field_1-error\" required><\/div><div id=\"wpforms-1790-field_2-container\" class=\"wpforms-field wpforms-field-textarea\" data-field-id=\"2\"><label class=\"wpforms-field-label\" for=\"wpforms-1790-field_2\">Melding <span class=\"wpforms-required-label\" aria-hidden=\"true\">*<\/span><\/label><textarea id=\"wpforms-1790-field_2\" class=\"wpforms-field-medium wpforms-field-required\" name=\"wpforms[fields][2]\" aria-errormessage=\"wpforms-1790-field_2-error\" required><\/textarea><\/div><\/div><!-- .wpforms-field-container --><div class=\"wpforms-submit-container\" ><input type=\"hidden\" name=\"wpforms[id]\" value=\"1790\"><input type=\"hidden\" name=\"page_title\" value=\"\"><input type=\"hidden\" name=\"page_url\" value=\"https:\/\/destinasjonkvenver.no\/no\/wp-json\/wp\/v2\/pages\/3548\"><input type=\"hidden\" name=\"url_referer\" value=\"\"><button type=\"submit\" name=\"wpforms[submit]\" id=\"wpforms-submit-1790\" class=\"wpforms-submit submitknapp\" data-alt-text=\"Sender...\" data-submit-text=\"Send\" aria-live=\"assertive\" value=\"wpforms-submit\">Send<\/button><img decoding=\"async\" src=\"https:\/\/destinasjonkvenver.no\/wp-content\/plugins\/wpforms-lite\/assets\/images\/submit-spin.svg\" class=\"wpforms-submit-spinner\" style=\"display: none;\" width=\"26\" height=\"26\" alt=\"Loading\"><\/div><\/form><\/div>  <!-- .wpforms-container --><\/div><\/div><\/div><\/div><\/div>\n<\/div>\n<\/div>\n\n<div style=\"height:20px\" aria-hidden=\"true\" class=\"wp-block-spacer\"><\/div>\n\n<div data-map-zoom=\"15\" data-interaction=\"cooperative\" data-map-style=\"default\" data-map-center=\"{&quot;lat&quot;:63.534757567227366,&quot;lng&quot;:8.389435521496468}\" data-zoom-control=\"true\" data-type-control=\"false\" data-street-view-control=\"false\" data-full-screen-control=\"false\" data-map-markers=\"[{\"name\":\"Avenida General Gregorio Luper\u00f3n 5, Dominican Republic\",\"description\":\"Avenida General Gregorio Luper\u00f3n 5, Puerto Plata 57000, Dominican Republic\",\"popUpOpen\":false,\"popUpMaxWidth\":250,\"bounce\":false,\"coords\":{\"lat\":19.32504498106675,\"lng\":-69.54503237987137}},{\"name\":\"Urb. Campoalegre, 02005 Albacete\",\"description\":\"Urb. Campoalegre, 02005 Albacete, Spain\",\"popUpOpen\":false,\"popUpMaxWidth\":250,\"bounce\":false,\"coords\":{\"lat\":39.01639572959439,\"lng\":-1.839871901228321}}]\" class=\"wp-block-getwid-map\"><div style=\"height:400px\" class=\"wp-block-getwid-map__container\"><\/div><ul class=\"wp-block-getwid-map__points\"><li><a href=\"https:\/\/maps.google.com\/?q=19.32504498106675,-69.54503237987137&#038;ll=19.32504498106675,-69.54503237987137&#038;z=15\">Avenida General Gregorio Luper\u00f3n 5, Dominican Republic<\/a><\/li><li><a href=\"https:\/\/maps.google.com\/?q=39.01639572959439,-1.839871901228321&#038;ll=39.01639572959439,-1.839871901228321&#038;z=15\">Urb. Campoalegre, 02005 Albacete<\/a><\/li><\/ul><\/div>\n\n<div style=\"height:50px\" aria-hidden=\"true\" class=\"wp-block-spacer\"><\/div>\n\n<hr class=\"wp-block-separator has-css-opacity is-style-wide\"\/>\n\n<div style=\"height:30px\" aria-hidden=\"true\" class=\"wp-block-spacer\"><\/div>\n\n<div class=\"wp-block-getwid-advanced-heading\" style=\"margin-bottom:5px\"><h2 class=\"wp-block-getwid-advanced-heading__content\" style=\"text-align:center\">Ting \u00e5 vite<\/h2><\/div>\n\n<div class=\"wp-block-getwid-advanced-heading\" style=\"margin-bottom:40px\"><span class=\"wp-block-getwid-advanced-heading__content\" style=\"text-align:center\">Les v\u00e5re <a rel=\"noreferrer noopener\" href=\"https:\/\/destinasjonkvenver.no\/no\/betingelser-og-vilkar\/\" target=\"_blank\"><strong>vilk\u00e5r og betingelser<\/strong><\/a> hvis du \u00f8nsker \u00e5 l\u00e6re mer om hvordan vi h\u00e5ndterer v\u00e5re bestillinger.<\/span><\/div>\n\n<div class=\"wp-block-columns has-3-columns is-layout-flex wp-container-core-columns-is-layout-9d6595d7 wp-block-columns-is-layout-flex\">\n<div class=\"wp-block-column is-layout-flow wp-block-column-is-layout-flow\">\n<div class=\"wp-block-getwid-section is-style-with-shadow is-style-fit-parent\"><div class=\"wp-block-getwid-section__wrapper getwid-padding-left-medium getwid-padding-right-medium getwid-align-items-flex-start\" style=\"padding-top:50px;padding-bottom:50px\"><div class=\"wp-block-getwid-section__inner-wrapper\"><div class=\"wp-block-getwid-section__background-holder\"><div class=\"wp-block-getwid-section__background has-background has-white-background-color\"><\/div><div class=\"wp-block-getwid-section__foreground\"><\/div><\/div><div class=\"wp-block-getwid-section__content\"><div class=\"wp-block-getwid-section__inner-content\">\n<div class=\"wp-block-getwid-image-box getwid-animation has-text-center has-mobile-layout-default has-mobile-alignment-default\" data-animation=\"slideBottom\"><div style=\"margin-bottom:20px\" class=\"wp-block-getwid-image-box__image-container is-position-top\"><a href=\"#\" class=\"wp-block-getwid-image-box__image-wrapper\"><img decoding=\"async\" width=\"64\" height=\"64\" src=\"https:\/\/destinasjonkvenver.no\/wp-content\/uploads\/2019\/10\/booking-online1-1.png\" alt=\"\" class=\"wp-block-getwid-image-box__image wp-image-1086\"\/><\/a><\/div><div class=\"wp-block-getwid-image-box__content\">\n<div class=\"wp-block-getwid-advanced-heading\" style=\"margin-bottom:10px\"><h4 class=\"wp-block-getwid-advanced-heading__content\">Booking Online<\/h4><\/div>\n\n\n\n<p class=\"has-small-font-size\">V\u00e5rt helautomatiserte system lar v\u00e5re kunder velge de spesifikasjonene som passer deres ferie\u00f8nsker.<\/p>\n<\/div><\/div>\n<\/div><\/div><\/div><\/div><\/div>\n<\/div>\n\n\n\n<div class=\"wp-block-column is-layout-flow wp-block-column-is-layout-flow\">\n<div class=\"wp-block-getwid-section is-style-with-shadow is-style-fit-parent\"><div class=\"wp-block-getwid-section__wrapper getwid-padding-left-medium getwid-padding-right-medium getwid-align-items-flex-start\" style=\"padding-top:50px;padding-bottom:50px\"><div class=\"wp-block-getwid-section__inner-wrapper\"><div class=\"wp-block-getwid-section__background-holder\"><div class=\"wp-block-getwid-section__background has-background has-white-background-color\"><\/div><div class=\"wp-block-getwid-section__foreground\"><\/div><\/div><div class=\"wp-block-getwid-section__content\"><div class=\"wp-block-getwid-section__inner-content\">\n<div class=\"wp-block-getwid-image-box getwid-animation has-text-center has-mobile-layout-default has-mobile-alignment-default\" data-animation=\"slideBottom\"><div style=\"margin-bottom:20px\" class=\"wp-block-getwid-image-box__image-container is-position-top\"><a href=\"#\" class=\"wp-block-getwid-image-box__image-wrapper\"><img decoding=\"async\" width=\"64\" height=\"64\" src=\"https:\/\/destinasjonkvenver.no\/wp-content\/uploads\/2019\/10\/renting-out1-1.png\" alt=\"\" class=\"wp-block-getwid-image-box__image wp-image-1089\"\/><\/a><\/div><div class=\"wp-block-getwid-image-box__content\">\n<div class=\"wp-block-getwid-advanced-heading\" style=\"margin-bottom:10px\"><h4 class=\"wp-block-getwid-advanced-heading__content\">Profesjonell H\u00e5ndtering<\/h4><\/div>\n\n\n\n<p class=\"has-small-font-size\">V\u00e5re verter og ansatte er sv\u00e6rt erfarne med \u00e5 ta imot gjester, og vil s\u00f8rge for at oppholdet ditt svarer til dine forventninger.<\/p>\n<\/div><\/div>\n<\/div><\/div><\/div><\/div><\/div>\n<\/div>\n\n\n\n<div class=\"wp-block-column is-layout-flow wp-block-column-is-layout-flow\">\n<div class=\"wp-block-getwid-section is-style-with-shadow is-style-fit-parent\"><div class=\"wp-block-getwid-section__wrapper getwid-padding-left-medium getwid-padding-right-medium getwid-align-items-flex-start\" style=\"padding-top:50px;padding-bottom:50px\"><div class=\"wp-block-getwid-section__inner-wrapper\"><div class=\"wp-block-getwid-section__background-holder\"><div class=\"wp-block-getwid-section__background has-background has-white-background-color\"><\/div><div class=\"wp-block-getwid-section__foreground\"><\/div><\/div><div class=\"wp-block-getwid-section__content\"><div class=\"wp-block-getwid-section__inner-content\">\n<div class=\"wp-block-getwid-image-box getwid-animation has-text-center has-mobile-layout-default has-mobile-alignment-default\" data-animation=\"slideBottom\"><div style=\"margin-bottom:20px\" class=\"wp-block-getwid-image-box__image-container is-position-top\"><a href=\"#\" class=\"wp-block-getwid-image-box__image-wrapper\"><img loading=\"lazy\" decoding=\"async\" width=\"64\" height=\"64\" src=\"https:\/\/destinasjonkvenver.no\/wp-content\/uploads\/2019\/10\/cancellation-_-refunds1-1.png\" alt=\"\" class=\"wp-block-getwid-image-box__image wp-image-1085\"\/><\/a><\/div><div class=\"wp-block-getwid-image-box__content\">\n<div class=\"wp-block-getwid-advanced-heading\" style=\"margin-bottom:10px\"><h4 class=\"wp-block-getwid-advanced-heading__content\">Avbestilling\/Refusjon<\/h4><\/div>\n\n\n\n<p class=\"has-small-font-size\">Gratis avbestilling i 48 timer. Delvis refusjon gis innen en fastsatt tidsramme. Les mer i <strong><a href=\"https:\/\/destinasjonkvenver.no\/no\/betingelser-og-vilkar\/\">Vilk\u00e5r og Betingelser<\/a><\/strong> .<\/p>\n<\/div><\/div>\n<\/div><\/div><\/div><\/div><\/div>\n<\/div>\n<\/div>\n","protected":false},"excerpt":{"rendered":"<p>Ta gjerne kontakt med oss \u200b\u200bdirekte hvis du har sp\u00f8rsm\u00e5l ang\u00e5ende overnatting. Vi er veldig glade for at du velger oss og vil svare p\u00e5 alle dine sp\u00f8rsm\u00e5l.<\/p>\n","protected":false},"author":1,"featured_media":0,"parent":0,"menu_order":0,"comment_status":"closed","ping_status":"closed","template":"","meta":{"om_disable_all_campaigns":false,"inline_featured_image":false,"_monsterinsights_skip_tracking":false,"_monsterinsights_sitenote_active":false,"_monsterinsights_sitenote_note":"","_monsterinsights_sitenote_category":0,"_uf_show_specific_survey":0,"_uf_disable_surveys":false,"footnotes":""},"class_list":["post-3548","page","type-page","status-publish","hentry"],"aioseo_notices":[],"featured_image_src":"","featured_image_src_square":false,"rbea_author_info":{"display_name":"Peder Nygaard","author_link":"https:\/\/destinasjonkvenver.no\/no\/author\/peder_1998_s1e9239a\/"},"rbea_excerpt_info":"Ta gjerne kontakt med oss \u200b\u200bdirekte hvis du har sp\u00f8rsm\u00e5l ang\u00e5ende overnatting. Vi er veldig glade for at du velger oss og vil svare p\u00e5 alle dine sp\u00f8rsm\u00e5l.","_links":{"self":[{"href":"https:\/\/destinasjonkvenver.no\/no\/wp-json\/wp\/v2\/pages\/3548","targetHints":{"allow":["GET"]}}],"collection":[{"href":"https:\/\/destinasjonkvenver.no\/no\/wp-json\/wp\/v2\/pages"}],"about":[{"href":"https:\/\/destinasjonkvenver.no\/no\/wp-json\/wp\/v2\/types\/page"}],"author":[{"embeddable":true,"href":"https:\/\/destinasjonkvenver.no\/no\/wp-json\/wp\/v2\/users\/1"}],"replies":[{"embeddable":true,"href":"https:\/\/destinasjonkvenver.no\/no\/wp-json\/wp\/v2\/comments?post=3548"}],"version-history":[{"count":0,"href":"https:\/\/destinasjonkvenver.no\/no\/wp-json\/wp\/v2\/pages\/3548\/revisions"}],"wp:attachment":[{"href":"https:\/\/destinasjonkvenver.no\/no\/wp-json\/wp\/v2\/media?parent=3548"}],"curies":[{"name":"wp","href":"https:\/\/api.w.org\/{rel}","templated":true}]}}