{"id":3525,"date":"2019-10-10T14:19:16","date_gmt":"2019-10-10T14:19:16","guid":{"rendered":"https:\/\/destinasjonkvenver.no\/betingelser-og-vilkar\/"},"modified":"2023-10-17T17:35:36","modified_gmt":"2023-10-17T17:35:36","slug":"betingelser-og-vilkar","status":"publish","type":"page","link":"https:\/\/destinasjonkvenver.no\/no\/betingelser-og-vilkar\/","title":{"rendered":"Betingelser og vilk\u00e5r"},"content":{"rendered":"\n<h2 class=\"wp-block-heading\">Avbestilling og Refusjon<\/h2>\n\n<p>Avbestilling innen:<\/p>\n\n<ul class=\"wp-block-list\">\n<li>48 timer etter bestilling vil gi deg <strong>full refusjon<\/strong> .<\/li>\n\n\n\n<li>7 dager f\u00f8r innsjekkingsdatoen gir deg <strong>50 % refusjon<\/strong> .<\/li>\n\n\n\n<li>Mindre enn 7 dager f\u00f8r innsjekkingsdato vil resultere i <strong>ingen refusjon<\/strong> .<\/li>\n<\/ul>\n\n<p><\/p>\n\n<h2 class=\"wp-block-heading\">Generelle Husregler<\/h2>\n\n<p>Innsjekking etter kl. 16.00 og utsjekking f\u00f8r kl. 12.00 med n\u00f8kkelboks.<\/p>\n\n<p>Maksimalt antall oppf\u00f8rte gjester per hytte skal <strong>ikke<\/strong> overskrides.<\/p>\n\n<p>Ingen kj\u00e6ledyr.<\/p>\n\n<p>R\u00f8yking forbudt.<\/p>\n\n<p>Ingen fester eller store sammenkomster.<\/p>\n\n<p>Vanlige husregler gjelder ogs\u00e5. Ingen knivskj\u00e6ring direkte p\u00e5 tellere. Ingen treredskaper i oppvaskmaskinen.<\/p>\n\n<p>Fjern laken og ta med s\u00f8ppel til n\u00e6rliggende milj\u00f8stasjon ved utgang.  <\/p>\n\n<p>Spesifikke husregler for individuelle hytter kan ogs\u00e5 oppgis p\u00e5 deres respektfulle sider.<\/p>\n\n<p><\/p>\n\n<p>Hvis du har sp\u00f8rsm\u00e5l, kontakt v\u00e5re verter:<\/p>\n\n<p><strong>Bjarne Johan<\/strong> : <a href=\"tel:4791135987\" title=\"\">+47 911 35 987<\/a> (The Floating Suite &amp; The Loft Suite)<\/p>\n\n<p><strong>Christian<\/strong> : <a href=\"tel:4795961631\" title=\"\">+47 959 61 631<\/a> (Skj\u00e5en &amp; The Lighthouse Keeper&#8217;s Residence)<\/p>\n\n<p><\/p>\n\n<h2 class=\"wp-block-heading\">Sikkerhet<\/h2>\n\n<p>Noen av hyttene har ikke karbonmonoksidalarm.<\/p>\n\n<p>R\u00f8ykvarsler i alle hytter.<\/p>\n\n<p>Noen hytter krever tilsyn av voksne, p\u00e5 grunn av h\u00f8yder med begrenset rekkverk eller n\u00e6rhet til havet.<\/p>\n\n<p><\/p>\n","protected":false},"excerpt":{"rendered":"<p>Avbestilling og Refusjon Avbestilling innen: Generelle Husregler Innsjekking etter kl. 16.00 og utsjekking f\u00f8r kl. 12.00 med n\u00f8kkelboks. Maksimalt antall oppf\u00f8rte gjester per hytte skal ikke overskrides. Ingen kj\u00e6ledyr. R\u00f8yking forbudt. Ingen fester eller store sammenkomster. Vanlige husregler gjelder ogs\u00e5. Ingen knivskj\u00e6ring direkte p\u00e5 tellere. Ingen treredskaper i oppvaskmaskinen. Fjern laken og ta med s\u00f8ppel [&hellip;]<\/p>\n","protected":false},"author":1,"featured_media":0,"parent":0,"menu_order":0,"comment_status":"closed","ping_status":"closed","template":"","meta":{"om_disable_all_campaigns":false,"inline_featured_image":false,"_monsterinsights_skip_tracking":false,"_monsterinsights_sitenote_active":false,"_monsterinsights_sitenote_note":"","_monsterinsights_sitenote_category":0,"_uf_show_specific_survey":0,"_uf_disable_surveys":false,"footnotes":""},"class_list":["post-3525","page","type-page","status-publish","hentry"],"aioseo_notices":[],"featured_image_src":"","featured_image_src_square":false,"rbea_author_info":{"display_name":"Peder Nygaard","author_link":"https:\/\/destinasjonkvenver.no\/no\/author\/peder_1998_s1e9239a\/"},"rbea_excerpt_info":"Avbestilling og Refusjon Avbestilling innen: Generelle Husregler Innsjekking etter kl. 16.00 og utsjekking f\u00f8r kl. 12.00 med n\u00f8kkelboks. Maksimalt antall oppf\u00f8rte gjester per hytte skal ikke overskrides. Ingen kj\u00e6ledyr. R\u00f8yking forbudt. Ingen fester eller store sammenkomster. Vanlige husregler gjelder ogs\u00e5. Ingen knivskj\u00e6ring direkte p\u00e5 tellere. Ingen treredskaper i oppvaskmaskinen. Fjern laken og ta med s\u00f8ppel [&hellip;]","_links":{"self":[{"href":"https:\/\/destinasjonkvenver.no\/no\/wp-json\/wp\/v2\/pages\/3525","targetHints":{"allow":["GET"]}}],"collection":[{"href":"https:\/\/destinasjonkvenver.no\/no\/wp-json\/wp\/v2\/pages"}],"about":[{"href":"https:\/\/destinasjonkvenver.no\/no\/wp-json\/wp\/v2\/types\/page"}],"author":[{"embeddable":true,"href":"https:\/\/destinasjonkvenver.no\/no\/wp-json\/wp\/v2\/users\/1"}],"replies":[{"embeddable":true,"href":"https:\/\/destinasjonkvenver.no\/no\/wp-json\/wp\/v2\/comments?post=3525"}],"version-history":[{"count":0,"href":"https:\/\/destinasjonkvenver.no\/no\/wp-json\/wp\/v2\/pages\/3525\/revisions"}],"wp:attachment":[{"href":"https:\/\/destinasjonkvenver.no\/no\/wp-json\/wp\/v2\/media?parent=3525"}],"curies":[{"name":"wp","href":"https:\/\/api.w.org\/{rel}","templated":true}]}}