{"id":3472,"date":"2023-10-09T14:10:38","date_gmt":"2023-10-09T14:10:38","guid":{"rendered":"https:\/\/destinasjonkvenver.no\/juleselskap\/"},"modified":"2026-03-27T10:02:59","modified_gmt":"2026-03-27T10:02:59","slug":"juleselskap","status":"publish","type":"page","link":"https:\/\/destinasjonkvenver.no\/no\/juleselskap\/","title":{"rendered":"Juleselskap"},"content":{"rendered":"\n<div class=\"wp-block-getwid-section alignfull alignfull getwid-section-content-custom-width\"><div class=\"wp-block-getwid-section__wrapper getwid-padding-top-large getwid-padding-bottom-large getwid-padding-left-medium getwid-padding-right-medium\" style=\"min-height:70vh\"><div class=\"wp-block-getwid-section__inner-wrapper\" style=\"max-width:740px\"><div class=\"wp-block-getwid-section__background-holder\"><div class=\"wp-block-getwid-section__background\" style=\"background-image:url('https:\/\/destinasjonkvenver.no\/wp-content\/uploads\/2023\/10\/P1600675-scaled.jpg')\"><div class=\"wp-block-getwid-section__background-image-wrapper\"><img decoding=\"async\" class=\"wp-block-getwid-section__background-image\" src=\"https:\/\/destinasjonkvenver.no\/wp-content\/uploads\/2023\/10\/P1600675-scaled.jpg\" alt=\"\"\/><\/div><\/div><div class=\"wp-block-getwid-section__foreground\" style=\"opacity:0.65;background-color:#000000\"><\/div><\/div><div class=\"wp-block-getwid-section__content\"><div class=\"wp-block-getwid-section__inner-content\">\n<div class=\"wp-block-getwid-advanced-heading\" style=\"margin-bottom:30px;margin-top:10px\"><h2 class=\"wp-block-getwid-advanced-heading__content has-text-color\" style=\"text-align:center;color:#ffffff\"><strong>Kystjulebuffet p\u00e5 Kvenv\u00e6r<\/strong><\/h2><\/div>\n\n\n\n<p class=\"has-text-align-center has-text-color\" style=\"color:#ffffff\">Det n\u00e6rmer seg jul &#8211; det er p\u00e5 tide \u00e5 booke \u00e5rets juletreff!<\/p>\n<\/div><\/div><\/div><\/div><\/div>\n\n<div style=\"height:25px\" aria-hidden=\"true\" class=\"wp-block-spacer\"><\/div>\n\n<div class=\"wp-block-getwid-section alignfull alignfull getwid-section-content-custom-width\"><div class=\"wp-block-getwid-section__wrapper getwid-padding-left-medium getwid-padding-right-medium\"><div class=\"wp-block-getwid-section__inner-wrapper\" style=\"max-width:1140px\"><div class=\"wp-block-getwid-section__background-holder\"><div class=\"wp-block-getwid-section__background\"><\/div><div class=\"wp-block-getwid-section__foreground\"><\/div><\/div><div class=\"wp-block-getwid-section__content\"><div class=\"wp-block-getwid-section__inner-content\">\n<div class=\"wp-block-columns has-2-columns are-vertically-aligned-center is-layout-flex wp-container-core-columns-is-layout-9d6595d7 wp-block-columns-is-layout-flex\">\n<div class=\"wp-block-column is-vertically-aligned-center is-layout-flow wp-block-column-is-layout-flow\">\n<div class=\"wp-block-getwid-advanced-heading\" style=\"margin-bottom:30px;margin-top:10px\"><h2 class=\"wp-block-getwid-advanced-heading__content\">En julefeiring utenom det vanlige<\/h2><\/div>\n\n\n\n<p>Unn dine kolleger, familie eller venner og ta dem med til Kvenv\u00e6r for \u00e5 oppleve ekte julestemning; Brygga er pyntet for anledningen! Vi skreddersyr aktiviteter for deg, og tilbyr alt fra skj\u00e6rg\u00e5rdssightseeing, en dukkert i sj\u00f8en og avslapning i badstuen, bedriftsbes\u00f8k, julequiz og mer. <\/p>\n\n\n\n<p>Kvelden avsluttes med en usl\u00e5elig kombinasjon av tradisjonelle juleretter og det beste havet har \u00e5 by p\u00e5 \u2013 i v\u00e5r Kystjulebuff\u00e9.<\/p>\n\n\n\n<p>\u00d8nsker dere kanskje hele restauranten for dere selv til \u00e5rets julebord, er det fullt mulig for st\u00f8rre grupper (opptil 50 personer). I tillegg har vi n\u00e6rliggende leiligheter du kan leie dersom du \u00f8nsker \u00e5 forlenge denne spesielle feiringen. Kontakt oss for et godt tilbud.  <\/p>\n\n\n\n<p>Vi gleder oss til \u00e5 feire jul sammen med dere p\u00e5 Kvenv\u00e6r.<\/p>\n<\/div>\n\n\n\n<div class=\"wp-block-column is-vertically-aligned-center is-layout-flow wp-block-column-is-layout-flow\">\n<figure class=\"wp-block-image size-large\"><img fetchpriority=\"high\" decoding=\"async\" width=\"1024\" height=\"768\" src=\"https:\/\/destinasjonkvenver.no\/wp-content\/uploads\/2023\/10\/P1600679-1024x768.jpg\" alt=\"\" class=\"wp-image-2400\" srcset=\"https:\/\/destinasjonkvenver.no\/wp-content\/uploads\/2023\/10\/P1600679-1024x768.jpg 1024w, https:\/\/destinasjonkvenver.no\/wp-content\/uploads\/2023\/10\/P1600679-300x225.jpg 300w, https:\/\/destinasjonkvenver.no\/wp-content\/uploads\/2023\/10\/P1600679-768x576.jpg 768w, https:\/\/destinasjonkvenver.no\/wp-content\/uploads\/2023\/10\/P1600679-1536x1152.jpg 1536w, https:\/\/destinasjonkvenver.no\/wp-content\/uploads\/2023\/10\/P1600679-2048x1536.jpg 2048w, https:\/\/destinasjonkvenver.no\/wp-content\/uploads\/2023\/10\/P1600679-892x669.jpg 892w, https:\/\/destinasjonkvenver.no\/wp-content\/uploads\/2023\/10\/P1600679-1350x1012.jpg 1350w\" sizes=\"(max-width: 1024px) 100vw, 1024px\" \/><\/figure>\n<\/div>\n<\/div>\n<\/div><\/div><\/div><\/div><\/div>\n\n<div class=\"wp-block-getwid-section alignfull alignfull getwid-section-content-custom-width\"><div class=\"wp-block-getwid-section__wrapper getwid-padding-left-medium getwid-padding-right-medium\"><div class=\"wp-block-getwid-section__inner-wrapper\" style=\"max-width:1140px\"><div class=\"wp-block-getwid-section__background-holder\"><div class=\"wp-block-getwid-section__background\"><\/div><div class=\"wp-block-getwid-section__foreground\"><\/div><\/div><div class=\"wp-block-getwid-section__content\"><div class=\"wp-block-getwid-section__inner-content\">\n<div class=\"wp-block-columns has-2-columns are-vertically-aligned-center is-layout-flex wp-container-core-columns-is-layout-9d6595d7 wp-block-columns-is-layout-flex\">\n<div class=\"wp-block-column is-vertically-aligned-center is-layout-flow wp-block-column-is-layout-flow\">\n<figure class=\"wp-block-image size-large\"><img decoding=\"async\" width=\"683\" height=\"1024\" src=\"https:\/\/destinasjonkvenver.no\/wp-content\/uploads\/2023\/10\/DSCF8379-683x1024.jpg\" alt=\"\" class=\"wp-image-2393\" srcset=\"https:\/\/destinasjonkvenver.no\/wp-content\/uploads\/2023\/10\/DSCF8379-683x1024.jpg 683w, https:\/\/destinasjonkvenver.no\/wp-content\/uploads\/2023\/10\/DSCF8379-200x300.jpg 200w, https:\/\/destinasjonkvenver.no\/wp-content\/uploads\/2023\/10\/DSCF8379-768x1152.jpg 768w, https:\/\/destinasjonkvenver.no\/wp-content\/uploads\/2023\/10\/DSCF8379-1024x1536.jpg 1024w, https:\/\/destinasjonkvenver.no\/wp-content\/uploads\/2023\/10\/DSCF8379-1365x2048.jpg 1365w, https:\/\/destinasjonkvenver.no\/wp-content\/uploads\/2023\/10\/DSCF8379-892x1338.jpg 892w, https:\/\/destinasjonkvenver.no\/wp-content\/uploads\/2023\/10\/DSCF8379-1350x2025.jpg 1350w, https:\/\/destinasjonkvenver.no\/wp-content\/uploads\/2023\/10\/DSCF8379-scaled.jpg 1707w\" sizes=\"(max-width: 683px) 100vw, 683px\" \/><\/figure>\n<\/div>\n\n\n\n<div class=\"wp-block-column is-vertically-aligned-center is-layout-flow wp-block-column-is-layout-flow\">\n<div class=\"wp-block-getwid-section\"><div class=\"wp-block-getwid-section__wrapper getwid-padding-top-none getwid-padding-bottom-none getwid-padding-left-medium getwid-padding-right-none getwid-padding-mobile-left-none\"><div class=\"wp-block-getwid-section__inner-wrapper\"><div class=\"wp-block-getwid-section__background-holder\"><div class=\"wp-block-getwid-section__background\"><\/div><div class=\"wp-block-getwid-section__foreground\"><\/div><\/div><div class=\"wp-block-getwid-section__content\"><div class=\"wp-block-getwid-section__inner-content\">\n<div class=\"wp-block-getwid-advanced-heading\" style=\"margin-bottom:30px;margin-top:10px\"><h2 class=\"wp-block-getwid-advanced-heading__content\"><strong>Hva<\/strong> vi tilbyr<\/h2><\/div>\n\n\n\n<div class=\"wp-block-getwid-icon-box has-icon-left has-text-center\"><div class=\"wp-block-getwid-icon-box__icon-container is-position-top\"><div class=\"wp-block-getwid-icon-box__icon-wrapper\" style=\"font-size:40px\"><i class=\"fas fa-home\"><\/i><\/div><\/div><div class=\"wp-block-getwid-icon-box__content\">\n<h4 class=\"wp-block-heading\">Overnatting<\/h4>\n\n\n\n<p>Kvenv\u00e6r Sj\u00f8husferie | Pris fra kr. 750,-<\/p>\n<\/div><\/div>\n\n\n\n<div class=\"wp-block-getwid-icon-box has-icon-left has-text-center\"><div class=\"wp-block-getwid-icon-box__icon-container is-position-top\"><div class=\"wp-block-getwid-icon-box__icon-wrapper\" style=\"font-size:40px\"><i class=\"fas fa-coffee\"><\/i><\/div><\/div><div class=\"wp-block-getwid-icon-box__content\">\n<h4 class=\"wp-block-heading\">Varm lunsj<\/h4>\n\n\n\n<p>p\u00e5 Brygga Restaurant<\/p>\n<\/div><\/div>\n\n\n\n<div class=\"wp-block-getwid-icon-box has-icon-left has-text-center\"><div class=\"wp-block-getwid-icon-box__icon-container is-position-top\"><div class=\"wp-block-getwid-icon-box__icon-wrapper\" style=\"font-size:40px\"><i class=\"fas fa-hiking\"><\/i><\/div><\/div><div class=\"wp-block-getwid-icon-box__content\">\n<h4 class=\"wp-block-heading\">Aktiviteter<\/h4>\n\n\n\n<p>tilpasset ditt reiseselskap<\/p>\n<\/div><\/div>\n\n\n\n<div class=\"wp-block-getwid-icon-box has-icon-left has-text-center\"><div class=\"wp-block-getwid-icon-box__icon-container is-position-top\"><div class=\"wp-block-getwid-icon-box__icon-wrapper\" style=\"font-size:40px\"><i class=\"fas fa-air-freshener\"><\/i><\/div><\/div><div class=\"wp-block-getwid-icon-box__content\">\n<h4 class=\"wp-block-heading\">Juleaktiviteter<\/h4>\n\n\n\n<p>for eksempel en quiz eller f\u00f8rfest<\/p>\n<\/div><\/div>\n\n\n\n<div class=\"wp-block-getwid-icon-box has-icon-left has-text-center\"><div class=\"wp-block-getwid-icon-box__icon-container is-position-top\"><div class=\"wp-block-getwid-icon-box__icon-wrapper\" style=\"font-size:40px\"><i class=\"fas fa-swimming-pool\"><\/i><\/div><\/div><div class=\"wp-block-getwid-icon-box__content\">\n<h4 class=\"wp-block-heading\">Badstue og boblebad<\/h4>\n\n\n\n<p>ved havet<\/p>\n<\/div><\/div>\n\n\n\n<div class=\"wp-block-getwid-icon-box has-icon-left has-text-center\"><div class=\"wp-block-getwid-icon-box__icon-container is-position-top\"><div class=\"wp-block-getwid-icon-box__icon-wrapper\" style=\"font-size:40px\"><i class=\"fas fa-water\"><\/i><\/div><\/div><div class=\"wp-block-getwid-icon-box__content\">\n<h4 class=\"wp-block-heading\">B\u00e5ttur<\/h4>\n\n\n\n<p>sightseeing p\u00e5 \u00f8ya <\/p>\n<\/div><\/div>\n\n\n\n<div class=\"wp-block-getwid-icon-box has-icon-left has-text-center\"><div class=\"wp-block-getwid-icon-box__icon-container is-position-top\"><div class=\"wp-block-getwid-icon-box__icon-wrapper\" style=\"font-size:40px\"><i class=\"fas fa-utensils\"><\/i><\/div><\/div><div class=\"wp-block-getwid-icon-box__content\">\n<h4 class=\"wp-block-heading\">Ulike spisemuligheter<\/h4>\n\n\n\n<p>som tradisjonelle juleretter, eller noe som helst ferskt fra havet<\/p>\n<\/div><\/div>\n<\/div><\/div><\/div><\/div><\/div>\n<\/div>\n<\/div>\n<\/div><\/div><\/div><\/div><\/div>\n\n<div class=\"wp-block-group alignfull\"><div class=\"wp-block-group__inner-container is-layout-constrained wp-block-group-is-layout-constrained\">\n<div class=\"wp-block-getwid-section alignfull alignfull getwid-section-content-custom-width\"><div class=\"wp-block-getwid-section__wrapper getwid-padding-top-medium getwid-padding-bottom-medium getwid-padding-left-medium getwid-padding-right-medium\"><div class=\"wp-block-getwid-section__inner-wrapper\" style=\"max-width:1140px\"><div class=\"wp-block-getwid-section__background-holder\"><div class=\"wp-block-getwid-section__background\" style=\"background-image:url('https:\/\/cgw.motopress.com\/wp-content\/uploads\/2019\/11\/background-1.jpg')\"><div class=\"wp-block-getwid-section__background-image-wrapper\"><img decoding=\"async\" class=\"wp-block-getwid-section__background-image\" src=\"https:\/\/cgw.motopress.com\/wp-content\/uploads\/2019\/11\/background-1.jpg\" alt=\"\"\/><\/div><\/div><div class=\"wp-block-getwid-section__foreground\"><\/div><\/div><div class=\"wp-block-getwid-section__content\"><div class=\"wp-block-getwid-section__inner-content\">\n<div class=\"wp-block-columns has-2-columns are-vertically-aligned-center is-layout-flex wp-container-core-columns-is-layout-9d6595d7 wp-block-columns-is-layout-flex\">\n<div class=\"wp-block-column is-vertically-aligned-center is-layout-flow wp-block-column-is-layout-flow\">\n<div class=\"wp-block-getwid-section\"><div class=\"wp-block-getwid-section__wrapper getwid-padding-top-none getwid-padding-bottom-none getwid-padding-left-medium getwid-padding-right-none getwid-padding-mobile-left-none\"><div class=\"wp-block-getwid-section__inner-wrapper\"><div class=\"wp-block-getwid-section__background-holder\"><div class=\"wp-block-getwid-section__background\"><\/div><div class=\"wp-block-getwid-section__foreground\"><\/div><\/div><div class=\"wp-block-getwid-section__content\"><div class=\"wp-block-getwid-section__inner-content\">\n<div class=\"wp-block-getwid-advanced-heading\" style=\"margin-bottom:30px;margin-top:10px\"><h2 class=\"wp-block-getwid-advanced-heading__content\"><br>Gi en perfekt gave &#8211; en bit av Kvenv\u00e6r!<\/h2><\/div>\n\n\n\n<p>Det finnes ikke noe s\u00e5 perfekt som \u00e5 hjelpe en spesiell person med \u00e5 planlegge sitt neste eventyr! Hos oss kan du velge et gavekort med et selvvalgt bel\u00f8p som kan brukes til overnatting, badstue, restaurant osv. Vi har gjort det enkelt for kundene v\u00e5re, s\u00e5 gavekortet er tilgjengelig b\u00e5de digitalt og p\u00e5 papir.<\/p>\n\n\n<div class=\"wp-block-image size-large\">\n<figure class=\"aligncenter is-resized\"><img decoding=\"async\" width=\"1024\" height=\"726\" src=\"https:\/\/destinasjonkvenver.no\/wp-content\/uploads\/2025\/11\/Gavekort-2-1024x726.png\" alt=\"\" class=\"wp-image-6424\" style=\"width:254px;height:auto\" srcset=\"https:\/\/destinasjonkvenver.no\/wp-content\/uploads\/2025\/11\/Gavekort-2-1024x726.png 1024w, https:\/\/destinasjonkvenver.no\/wp-content\/uploads\/2025\/11\/Gavekort-2-300x213.png 300w, https:\/\/destinasjonkvenver.no\/wp-content\/uploads\/2025\/11\/Gavekort-2-768x545.png 768w, https:\/\/destinasjonkvenver.no\/wp-content\/uploads\/2025\/11\/Gavekort-2-1536x1090.png 1536w, https:\/\/destinasjonkvenver.no\/wp-content\/uploads\/2025\/11\/Gavekort-2-892x633.png 892w, https:\/\/destinasjonkvenver.no\/wp-content\/uploads\/2025\/11\/Gavekort-2-1350x958.png 1350w, https:\/\/destinasjonkvenver.no\/wp-content\/uploads\/2025\/11\/Gavekort-2.png 1748w\" sizes=\"(max-width: 1024px) 100vw, 1024px\" \/><\/figure>\n<\/div>\n\n\n<p>Vi ser frem til \u00e5 \u00f8nske deg velkommen og s\u00f8rge for at du f\u00e5r en minneverdig opplevelse.  <\/p>\n\n\n\n<p>For bordreservasjoner i restauranten eller for bestilling av julebord og gavekort, vennligst kontakt oss p\u00e5 <strong>+47 911 35 987<\/strong> eller send en e-post til <strong>faxvaag@hitra.com.<\/strong><\/p>\n\n\n\n<p>Du kan ogs\u00e5 kontakte oss via lenken nedenfor.<\/p>\n\n\n\n<div class=\"wp-block-getwid-advanced-spacer\" style=\"height:10px\" aria-hidden=\"true\"><\/div>\n\n\n\n<div class=\"wp-block-button\"><a class=\"wp-block-button__link wp-element-button\" href=\"https:\/\/destinasjonkvenver.no\/no\/kontakt\/\" target=\"_blank\" rel=\"noreferrer noopener\">Kontakt oss<\/a><\/div>\n<\/div><\/div><\/div><\/div><\/div>\n<\/div>\n\n\n\n<div class=\"wp-block-column is-vertically-aligned-center is-layout-flow wp-block-column-is-layout-flow\">\n<figure class=\"wp-block-image size-large\"><img loading=\"lazy\" decoding=\"async\" width=\"768\" height=\"1024\" src=\"https:\/\/destinasjonkvenver.no\/wp-content\/uploads\/2023\/10\/P1600648-768x1024.jpg\" alt=\"\" class=\"wp-image-2398\" srcset=\"https:\/\/destinasjonkvenver.no\/wp-content\/uploads\/2023\/10\/P1600648-768x1024.jpg 768w, https:\/\/destinasjonkvenver.no\/wp-content\/uploads\/2023\/10\/P1600648-225x300.jpg 225w, https:\/\/destinasjonkvenver.no\/wp-content\/uploads\/2023\/10\/P1600648-1152x1536.jpg 1152w, https:\/\/destinasjonkvenver.no\/wp-content\/uploads\/2023\/10\/P1600648-1536x2048.jpg 1536w, https:\/\/destinasjonkvenver.no\/wp-content\/uploads\/2023\/10\/P1600648-892x1190.jpg 892w, https:\/\/destinasjonkvenver.no\/wp-content\/uploads\/2023\/10\/P1600648-1350x1800.jpg 1350w, https:\/\/destinasjonkvenver.no\/wp-content\/uploads\/2023\/10\/P1600648-scaled.jpg 1920w\" sizes=\"(max-width: 768px) 100vw, 768px\" \/><\/figure>\n<\/div>\n<\/div>\n<\/div><\/div><\/div><\/div><\/div>\n<\/div><\/div>\n\n<div class=\"wp-block-getwid-section alignfull alignfull getwid-section-content-custom-width\"><div class=\"wp-block-getwid-section__wrapper getwid-padding-top-medium getwid-padding-bottom-medium getwid-padding-left-medium getwid-padding-right-medium\"><div class=\"wp-block-getwid-section__inner-wrapper\" style=\"max-width:1140px\"><div class=\"wp-block-getwid-section__background-holder\"><div class=\"wp-block-getwid-section__background\" style=\"background-image:url('https:\/\/cgw.motopress.com\/wp-content\/uploads\/2019\/11\/background-1.jpg')\"><div class=\"wp-block-getwid-section__background-image-wrapper\"><img decoding=\"async\" class=\"wp-block-getwid-section__background-image\" src=\"https:\/\/cgw.motopress.com\/wp-content\/uploads\/2019\/11\/background-1.jpg\" alt=\"\"\/><\/div><\/div><div class=\"wp-block-getwid-section__foreground\"><\/div><\/div><div class=\"wp-block-getwid-section__content\"><div class=\"wp-block-getwid-section__inner-content\">\n<div class=\"wp-block-columns has-2-columns are-vertically-aligned-center is-layout-flex wp-container-core-columns-is-layout-9d6595d7 wp-block-columns-is-layout-flex\">\n<div class=\"wp-block-column is-vertically-aligned-center is-layout-flow wp-block-column-is-layout-flow\"><\/div>\n\n\n\n<div class=\"wp-block-column is-vertically-aligned-center is-layout-flow wp-block-column-is-layout-flow\"><\/div>\n<\/div>\n<\/div><\/div><\/div><\/div><\/div>\n\n<p><\/p>\n","protected":false},"excerpt":{"rendered":"","protected":false},"author":1,"featured_media":0,"parent":0,"menu_order":0,"comment_status":"closed","ping_status":"closed","template":"","meta":{"om_disable_all_campaigns":false,"inline_featured_image":false,"_monsterinsights_skip_tracking":false,"_monsterinsights_sitenote_active":false,"_monsterinsights_sitenote_note":"","_monsterinsights_sitenote_category":0,"_uf_show_specific_survey":0,"_uf_disable_surveys":false,"footnotes":""},"class_list":["post-3472","page","type-page","status-publish","hentry"],"aioseo_notices":[],"featured_image_src":"","featured_image_src_square":false,"rbea_author_info":{"display_name":"Peder Nygaard","author_link":"https:\/\/destinasjonkvenver.no\/no\/author\/peder_1998_s1e9239a\/"},"rbea_excerpt_info":null,"_links":{"self":[{"href":"https:\/\/destinasjonkvenver.no\/no\/wp-json\/wp\/v2\/pages\/3472","targetHints":{"allow":["GET"]}}],"collection":[{"href":"https:\/\/destinasjonkvenver.no\/no\/wp-json\/wp\/v2\/pages"}],"about":[{"href":"https:\/\/destinasjonkvenver.no\/no\/wp-json\/wp\/v2\/types\/page"}],"author":[{"embeddable":true,"href":"https:\/\/destinasjonkvenver.no\/no\/wp-json\/wp\/v2\/users\/1"}],"replies":[{"embeddable":true,"href":"https:\/\/destinasjonkvenver.no\/no\/wp-json\/wp\/v2\/comments?post=3472"}],"version-history":[{"count":0,"href":"https:\/\/destinasjonkvenver.no\/no\/wp-json\/wp\/v2\/pages\/3472\/revisions"}],"wp:attachment":[{"href":"https:\/\/destinasjonkvenver.no\/no\/wp-json\/wp\/v2\/media?parent=3472"}],"curies":[{"name":"wp","href":"https:\/\/api.w.org\/{rel}","templated":true}]}}