{"id":3453,"date":"2023-10-09T14:11:06","date_gmt":"2023-10-09T14:11:06","guid":{"rendered":"https:\/\/destinasjonkvenver.no\/verksted\/"},"modified":"2024-07-29T16:45:12","modified_gmt":"2024-07-29T16:45:12","slug":"verksted","status":"publish","type":"page","link":"https:\/\/destinasjonkvenver.no\/no\/verksted\/","title":{"rendered":"Verksted"},"content":{"rendered":"\n<div class=\"wp-block-getwid-section alignfull alignfull getwid-section-content-custom-width\"><div class=\"wp-block-getwid-section__wrapper getwid-padding-top-large getwid-padding-bottom-large getwid-padding-left-medium getwid-padding-right-medium\" style=\"min-height:70vh\"><div class=\"wp-block-getwid-section__inner-wrapper\" style=\"max-width:740px\"><div class=\"wp-block-getwid-section__background-holder\"><div class=\"wp-block-getwid-section__background\" style=\"background-image:url('https:\/\/destinasjonkvenver.no\/wp-content\/uploads\/2023\/10\/P1610088-scaled.jpg')\"><div class=\"wp-block-getwid-section__background-image-wrapper\"><img decoding=\"async\" class=\"wp-block-getwid-section__background-image\" src=\"https:\/\/destinasjonkvenver.no\/wp-content\/uploads\/2023\/10\/P1610088-scaled.jpg\" alt=\"\"\/><\/div><\/div><div class=\"wp-block-getwid-section__foreground\" style=\"opacity:0.65;background-color:#000000\"><\/div><\/div><div class=\"wp-block-getwid-section__content\"><div class=\"wp-block-getwid-section__inner-content\">\n<div class=\"wp-block-getwid-advanced-heading\" style=\"margin-bottom:30px;margin-top:10px\"><h2 class=\"wp-block-getwid-advanced-heading__content has-text-color\" style=\"text-align:center;color:#ffffff\">Workshops med havutsikt<\/h2><\/div>\n\n\n\n<p class=\"has-text-align-center has-text-color\" style=\"color:#ffffff\">\u00d8nsker du \u00e5 organisere en minneverdig sammenkomst kollegene dine aldri vil glemme? Ta en tur til Kvenv\u00e6r og opplev naturens mektige p\u00e5virkning. V\u00e5rt hovedm\u00e5l er \u00e5 skape uforglemmelige opplevelser for deg og dine gjester, og vi skreddersyr pakker som passer perfekt til dine behov.<\/p>\n\n\n\n<div class=\"wp-block-getwid-advanced-spacer\" style=\"height:20px\" aria-hidden=\"true\"><\/div>\n\n\n\n<div class=\"wp-block-button aligncenter\"><a class=\"wp-block-button__link has-black-color has-white-background-color has-text-color has-background wp-element-button\" href=\"https:\/\/destinasjonkvenver.no\/no\/kontakt\/\" target=\"_blank\" rel=\"noreferrer noopener\">Kontakt oss<\/a><\/div>\n<\/div><\/div><\/div><\/div><\/div>\n\n<div class=\"wp-block-getwid-section alignfull alignfull getwid-section-content-custom-width\"><div class=\"wp-block-getwid-section__wrapper getwid-padding-left-medium getwid-padding-right-medium\"><div class=\"wp-block-getwid-section__inner-wrapper\" style=\"max-width:1140px\"><div class=\"wp-block-getwid-section__background-holder\"><div class=\"wp-block-getwid-section__background\"><\/div><div class=\"wp-block-getwid-section__foreground\"><\/div><\/div><div class=\"wp-block-getwid-section__content\"><div class=\"wp-block-getwid-section__inner-content\">\n<div class=\"wp-block-columns has-2-columns are-vertically-aligned-center is-layout-flex wp-container-core-columns-is-layout-9d6595d7 wp-block-columns-is-layout-flex\">\n<div class=\"wp-block-column is-vertically-aligned-center is-layout-flow wp-block-column-is-layout-flow\">\n<figure class=\"wp-block-image size-large\"><img fetchpriority=\"high\" decoding=\"async\" width=\"1024\" height=\"768\" src=\"https:\/\/destinasjonkvenver.no\/wp-content\/uploads\/2023\/10\/P1610056-1024x768.jpg\" alt=\"\" class=\"wp-image-2407\" srcset=\"https:\/\/destinasjonkvenver.no\/wp-content\/uploads\/2023\/10\/P1610056-1024x768.jpg 1024w, https:\/\/destinasjonkvenver.no\/wp-content\/uploads\/2023\/10\/P1610056-300x225.jpg 300w, https:\/\/destinasjonkvenver.no\/wp-content\/uploads\/2023\/10\/P1610056-768x576.jpg 768w, https:\/\/destinasjonkvenver.no\/wp-content\/uploads\/2023\/10\/P1610056-1536x1152.jpg 1536w, https:\/\/destinasjonkvenver.no\/wp-content\/uploads\/2023\/10\/P1610056-2048x1536.jpg 2048w, https:\/\/destinasjonkvenver.no\/wp-content\/uploads\/2023\/10\/P1610056-892x669.jpg 892w, https:\/\/destinasjonkvenver.no\/wp-content\/uploads\/2023\/10\/P1610056-1350x1013.jpg 1350w\" sizes=\"(max-width: 1024px) 100vw, 1024px\" \/><\/figure>\n<\/div>\n\n\n\n<div class=\"wp-block-column is-vertically-aligned-center is-layout-flow wp-block-column-is-layout-flow\">\n<div class=\"wp-block-getwid-advanced-heading\" style=\"margin-bottom:0px;margin-top:0px\"><span class=\"wp-block-getwid-advanced-heading__content\">Bli inspirert i nye omgivelser<\/span><\/div>\n\n\n\n<div class=\"wp-block-getwid-advanced-heading\" style=\"margin-bottom:30px;margin-top:10px\"><h2 class=\"wp-block-getwid-advanced-heading__content\">M\u00f8ter i Skj\u00e6rg\u00e5rden<\/h2><\/div>\n\n\n\n<p>Du har friheten til \u00e5 tilpasse programmet akkurat slik du \u00f8nsker. Under oppholdet hos oss kan du velge om du \u00f8nsker et rolig milj\u00f8 for \u00e5 jobbe med din egen agenda eller om du vil kombinere det med en eller flere av v\u00e5re aktiviteter.<\/p>\n<\/div>\n<\/div>\n<\/div><\/div><\/div><\/div><\/div>\n\n<div class=\"wp-block-getwid-section alignfull alignfull getwid-section-content-custom-width\"><div class=\"wp-block-getwid-section__wrapper getwid-padding-left-medium getwid-padding-right-medium\"><div class=\"wp-block-getwid-section__inner-wrapper\" style=\"max-width:1140px\"><div class=\"wp-block-getwid-section__background-holder\"><div class=\"wp-block-getwid-section__background\"><\/div><div class=\"wp-block-getwid-section__foreground\"><\/div><\/div><div class=\"wp-block-getwid-section__content\"><div class=\"wp-block-getwid-section__inner-content\">\n<div class=\"wp-block-columns has-2-columns are-vertically-aligned-center is-layout-flex wp-container-core-columns-is-layout-9d6595d7 wp-block-columns-is-layout-flex\">\n<div class=\"wp-block-column is-vertically-aligned-center is-layout-flow wp-block-column-is-layout-flow\">\n<div class=\"wp-block-getwid-advanced-heading\" style=\"margin-bottom:30px;margin-top:10px\"><h2 class=\"wp-block-getwid-advanced-heading__content\">Dine behov er v\u00e5r prioritet<\/h2><\/div>\n\n\n\n<p>Vi har alt som trengs for et vellykket arrangement og kan tilby en komplett pakke som inkluderer mat og overnatting. Uavhengig av dine preferanser, sikrer vi en s\u00f8ml\u00f8s og effektiv utf\u00f8relse.<\/p>\n\n\n\n<p>Vi kan ta imot grupper p\u00e5 inntil 20 personer for m\u00f8ter og inntil 60 personer for arrangementer med overnatting.<\/p>\n\n\n\n<div class=\"wp-block-getwid-advanced-spacer\" style=\"height:10px\" aria-hidden=\"true\"><\/div>\n\n\n\n<div class=\"wp-block-getwid-advanced-heading\" style=\"margin-bottom:0px;margin-top:0px\"><span class=\"wp-block-getwid-advanced-heading__content\"><em>Vi har mye \u00e5 tilby n\u00e5r grupper trenger \u00e5 samles i fred og ro \u2013 for \u00e5 v\u00e6re kreative, inspirere til gode ideer og ta kloke, dristige beslutninger.<\/em><\/span><\/div>\n\n\n\n<div class=\"wp-block-getwid-advanced-heading\" style=\"margin-bottom:0px;margin-top:0px\"><span class=\"wp-block-getwid-advanced-heading__content\" style=\"text-align:right\">&#8211; Bjarne Johan Faxvaag<\/span><\/div>\n\n\n\n<div class=\"wp-block-getwid-advanced-spacer\" style=\"height:10px\" aria-hidden=\"true\"><\/div>\n\n\n\n<div class=\"wp-block-button is-style-fill\"><a class=\"wp-block-button__link wp-element-button\" href=\"https:\/\/destinasjonkvenver.no\/no\/kontakt\/\" target=\"_blank\" rel=\"noreferrer noopener\">Kontakt oss<\/a><\/div>\n<\/div>\n\n\n\n<div class=\"wp-block-column is-vertically-aligned-center is-layout-flow wp-block-column-is-layout-flow\">\n<figure class=\"wp-block-image size-large\"><img decoding=\"async\" width=\"768\" height=\"1024\" src=\"https:\/\/destinasjonkvenver.no\/wp-content\/uploads\/2023\/10\/P1610027-768x1024.jpg\" alt=\"\" class=\"wp-image-2404\" srcset=\"https:\/\/destinasjonkvenver.no\/wp-content\/uploads\/2023\/10\/P1610027-768x1024.jpg 768w, https:\/\/destinasjonkvenver.no\/wp-content\/uploads\/2023\/10\/P1610027-225x300.jpg 225w, https:\/\/destinasjonkvenver.no\/wp-content\/uploads\/2023\/10\/P1610027-1152x1536.jpg 1152w, https:\/\/destinasjonkvenver.no\/wp-content\/uploads\/2023\/10\/P1610027-1536x2048.jpg 1536w, https:\/\/destinasjonkvenver.no\/wp-content\/uploads\/2023\/10\/P1610027-892x1189.jpg 892w, https:\/\/destinasjonkvenver.no\/wp-content\/uploads\/2023\/10\/P1610027-1350x1800.jpg 1350w, https:\/\/destinasjonkvenver.no\/wp-content\/uploads\/2023\/10\/P1610027-scaled.jpg 1920w\" sizes=\"(max-width: 768px) 100vw, 768px\" \/><\/figure>\n<\/div>\n<\/div>\n<\/div><\/div><\/div><\/div><\/div>\n\n<div class=\"wp-block-getwid-section alignfull alignfull getwid-section-content-custom-width\"><div class=\"wp-block-getwid-section__wrapper getwid-padding-top-large getwid-padding-bottom-large getwid-padding-left-medium getwid-padding-right-medium\" style=\"min-height:70vh\"><div class=\"wp-block-getwid-section__inner-wrapper\" style=\"max-width:1140px\"><div class=\"wp-block-getwid-section__background-holder\"><div class=\"wp-block-getwid-section__background\" style=\"background-image:url('https:\/\/destinasjonkvenver.no\/wp-content\/uploads\/2023\/08\/IMG_3664-2.jpg')\"><div class=\"wp-block-getwid-section__background-image-wrapper\"><img decoding=\"async\" class=\"wp-block-getwid-section__background-image\" src=\"https:\/\/destinasjonkvenver.no\/wp-content\/uploads\/2023\/08\/IMG_3664-2.jpg\" alt=\"\"\/><\/div><\/div><div class=\"wp-block-getwid-section__foreground\" style=\"opacity:0.5;background-color:#000000\"><\/div><\/div><div class=\"wp-block-getwid-section__content\"><div class=\"wp-block-getwid-section__inner-content\">\n<div class=\"wp-block-getwid-advanced-heading\" style=\"margin-bottom:0px;margin-top:0px\"><span class=\"wp-block-getwid-advanced-heading__content has-text-color\" style=\"color:#ffffff\">Skreddersy verkstedet for \u00e5 passe dine spesifikke behov<\/span><\/div>\n\n\n\n<div class=\"wp-block-columns has-2-columns is-layout-flex wp-container-core-columns-is-layout-9d6595d7 wp-block-columns-is-layout-flex\">\n<div class=\"wp-block-column is-layout-flow wp-block-column-is-layout-flow\">\n<div class=\"wp-block-getwid-advanced-heading\" style=\"margin-bottom:30px;margin-top:10px\"><h2 class=\"wp-block-getwid-advanced-heading__content has-text-color\" style=\"color:#ffffff\">M\u00f8tefasiliteter<\/h2><\/div>\n\n\n\n<p class=\"has-white-color has-text-color\">M\u00f8terom med mulighet for ulike bordoppsett, i henhold til dine behov og preferanser<\/p>\n\n\n\n<p class=\"has-white-color has-text-color\">H\u00f8yhastighets Wi-Fi<\/p>\n\n\n\n<p class=\"has-white-color has-text-color\">The Loft Suite, ca 10 personer<\/p>\n\n\n\n<p class=\"has-white-color has-text-color\">Skj\u00e5en, passer for mindre grupper p\u00e5 4-6 personer<\/p>\n\n\n\n<p class=\"has-white-color has-text-color\">Puben, ca 20 personer<\/p>\n<\/div>\n\n\n\n<div class=\"wp-block-column is-layout-flow wp-block-column-is-layout-flow\">\n<div class=\"wp-block-getwid-advanced-heading\" style=\"margin-bottom:30px;margin-top:10px\"><h2 class=\"wp-block-getwid-advanced-heading__content has-text-color\" style=\"color:#ffffff\">Overnatting fasiliteter<\/h2><\/div>\n\n\n\n<p class=\"has-white-color has-text-color\">Overnatting i hytter, leiligheter, rorbuer og suiter med 1-4 soverom<\/p>\n\n\n\n<p class=\"has-white-color has-text-color\">Senger laget med senget\u00f8y og h\u00e5ndkl\u00e6r<\/p>\n\n\n\n<p class=\"has-white-color has-text-color\">Tilgang til boblebad og badstue<\/p>\n<\/div>\n<\/div>\n<\/div><\/div><\/div><\/div><\/div>\n","protected":false},"excerpt":{"rendered":"","protected":false},"author":1,"featured_media":0,"parent":0,"menu_order":0,"comment_status":"closed","ping_status":"closed","template":"","meta":{"om_disable_all_campaigns":false,"inline_featured_image":false,"_monsterinsights_skip_tracking":false,"_monsterinsights_sitenote_active":false,"_monsterinsights_sitenote_note":"","_monsterinsights_sitenote_category":0,"_uf_show_specific_survey":0,"_uf_disable_surveys":false,"footnotes":""},"class_list":["post-3453","page","type-page","status-publish","hentry"],"aioseo_notices":[],"featured_image_src":"","featured_image_src_square":false,"rbea_author_info":{"display_name":"Peder Nygaard","author_link":"https:\/\/destinasjonkvenver.no\/no\/author\/peder_1998_s1e9239a\/"},"rbea_excerpt_info":null,"_links":{"self":[{"href":"https:\/\/destinasjonkvenver.no\/no\/wp-json\/wp\/v2\/pages\/3453","targetHints":{"allow":["GET"]}}],"collection":[{"href":"https:\/\/destinasjonkvenver.no\/no\/wp-json\/wp\/v2\/pages"}],"about":[{"href":"https:\/\/destinasjonkvenver.no\/no\/wp-json\/wp\/v2\/types\/page"}],"author":[{"embeddable":true,"href":"https:\/\/destinasjonkvenver.no\/no\/wp-json\/wp\/v2\/users\/1"}],"replies":[{"embeddable":true,"href":"https:\/\/destinasjonkvenver.no\/no\/wp-json\/wp\/v2\/comments?post=3453"}],"version-history":[{"count":0,"href":"https:\/\/destinasjonkvenver.no\/no\/wp-json\/wp\/v2\/pages\/3453\/revisions"}],"wp:attachment":[{"href":"https:\/\/destinasjonkvenver.no\/no\/wp-json\/wp\/v2\/media?parent=3453"}],"curies":[{"name":"wp","href":"https:\/\/api.w.org\/{rel}","templated":true}]}}