{"id":3443,"date":"2023-10-09T14:19:53","date_gmt":"2023-10-09T14:19:53","guid":{"rendered":"https:\/\/destinasjonkvenver.no\/private-arrangementer\/"},"modified":"2025-10-08T13:00:55","modified_gmt":"2025-10-08T13:00:55","slug":"private-arrangementer","status":"publish","type":"page","link":"https:\/\/destinasjonkvenver.no\/no\/private-arrangementer\/","title":{"rendered":"Private arrangementer"},"content":{"rendered":"\n<div class=\"wp-block-getwid-section alignfull alignfull getwid-section-content-custom-width\"><div class=\"wp-block-getwid-section__wrapper getwid-padding-top-large getwid-padding-bottom-large getwid-padding-left-medium getwid-padding-right-medium\" style=\"min-height:70vh\"><div class=\"wp-block-getwid-section__inner-wrapper\" style=\"max-width:740px\"><div class=\"wp-block-getwid-section__background-holder\"><div class=\"wp-block-getwid-section__background\" style=\"background-image:url('https:\/\/destinasjonkvenver.no\/wp-content\/uploads\/2023\/10\/P1600656-scaled.jpg')\"><div class=\"wp-block-getwid-section__background-image-wrapper\"><img decoding=\"async\" class=\"wp-block-getwid-section__background-image\" src=\"https:\/\/destinasjonkvenver.no\/wp-content\/uploads\/2023\/10\/P1600656-scaled.jpg\" alt=\"\"\/><\/div><\/div><div class=\"wp-block-getwid-section__foreground\" style=\"opacity:0.65;background-color:#000000\"><\/div><\/div><div class=\"wp-block-getwid-section__content\"><div class=\"wp-block-getwid-section__inner-content\">\n<div class=\"wp-block-getwid-advanced-heading\" style=\"margin-bottom:30px;margin-top:10px\"><h2 class=\"wp-block-getwid-advanced-heading__content has-text-color\" style=\"text-align:center;color:#ffffff\">Feir spesielle anledninger p\u00e5 Kvenv\u00e6r<\/h2><\/div>\n\n\n\n<p class=\"has-text-align-center has-text-color\" style=\"color:#ffffff\">Hos Kvenv\u00e6r er v\u00e5rt prim\u00e6re m\u00e5l \u00e5 sikre at du og dine gjester f\u00e5r en uforglemmelig opplevelse med en skreddersydd pakke som passer deg perfekt. Vi har erfaringen, kunnskapen og kapasiteten til \u00e5 gj\u00f8re bedriftsturen din til et vellykket arrangement.<\/p>\n<\/div><\/div><\/div><\/div><\/div>\n\n<div class=\"wp-block-getwid-advanced-spacer\" style=\"height:50px\" aria-hidden=\"true\"><\/div>\n\n<div class=\"wp-block-getwid-section alignfull alignfull getwid-section-content-custom-width\"><div class=\"wp-block-getwid-section__wrapper getwid-padding-left-medium getwid-padding-right-medium\"><div class=\"wp-block-getwid-section__inner-wrapper\" style=\"max-width:1140px\"><div class=\"wp-block-getwid-section__background-holder\"><div class=\"wp-block-getwid-section__background\"><\/div><div class=\"wp-block-getwid-section__foreground\"><\/div><\/div><div class=\"wp-block-getwid-section__content\"><div class=\"wp-block-getwid-section__inner-content\">\n<div class=\"wp-block-columns has-2-columns are-vertically-aligned-center is-layout-flex wp-container-core-columns-is-layout-9d6595d7 wp-block-columns-is-layout-flex\">\n<div class=\"wp-block-column is-vertically-aligned-center is-layout-flow wp-block-column-is-layout-flow\">\n<figure class=\"wp-block-image size-large\"><img fetchpriority=\"high\" decoding=\"async\" width=\"1024\" height=\"768\" src=\"https:\/\/destinasjonkvenver.no\/wp-content\/uploads\/2023\/10\/P1600745-1024x768.jpg\" alt=\"\" class=\"wp-image-2403\" srcset=\"https:\/\/destinasjonkvenver.no\/wp-content\/uploads\/2023\/10\/P1600745-1024x768.jpg 1024w, https:\/\/destinasjonkvenver.no\/wp-content\/uploads\/2023\/10\/P1600745-300x225.jpg 300w, https:\/\/destinasjonkvenver.no\/wp-content\/uploads\/2023\/10\/P1600745-768x576.jpg 768w, https:\/\/destinasjonkvenver.no\/wp-content\/uploads\/2023\/10\/P1600745-1536x1152.jpg 1536w, https:\/\/destinasjonkvenver.no\/wp-content\/uploads\/2023\/10\/P1600745-2048x1536.jpg 2048w, https:\/\/destinasjonkvenver.no\/wp-content\/uploads\/2023\/10\/P1600745-892x669.jpg 892w, https:\/\/destinasjonkvenver.no\/wp-content\/uploads\/2023\/10\/P1600745-1350x1012.jpg 1350w\" sizes=\"(max-width: 1024px) 100vw, 1024px\" \/><\/figure>\n<\/div>\n\n\n\n<div class=\"wp-block-column is-vertically-aligned-center is-layout-flow wp-block-column-is-layout-flow\">\n<div class=\"wp-block-getwid-section\"><div class=\"wp-block-getwid-section__wrapper getwid-padding-top-none getwid-padding-bottom-none getwid-padding-left-medium getwid-padding-right-none getwid-padding-mobile-left-none\"><div class=\"wp-block-getwid-section__inner-wrapper\"><div class=\"wp-block-getwid-section__background-holder\"><div class=\"wp-block-getwid-section__background\"><\/div><div class=\"wp-block-getwid-section__foreground\"><\/div><\/div><div class=\"wp-block-getwid-section__content\"><div class=\"wp-block-getwid-section__inner-content\">\n<h1 class=\"wp-block-heading has-text-color has-medium-font-size\" style=\"color:#000000\">Planlegg ditt neste arrangement med oss  <\/h1>\n\n\n\n<p>Enten du \u00f8nsker \u00e5 samles med n\u00e6re venner, kolleger eller familie, arrangere forretningsm\u00f8ter eller workshops, feire spesielle anledninger som d\u00e5p, konfirmasjon, begravelse, bursdag, bryllup eller bare \u00f8nsker \u00e5 ha en meningsfull minnesamv\u00e6r, er vi her for \u00e5 skape en minneverdig opplevelse for deg.<\/p>\n\n\n\n<p>De innbydende omgivelsene v\u00e5re gir mulighet til \u00e5 arrangere arrangementer for b\u00e5de sm\u00e5 og store grupper, med plass til opptil 50 personer.<\/p>\n\n\n\n<p class=\"has-text-align-left\">Kontakt oss i dag, s\u00e5 finner vi sammen den perfekte pakken som passer best for ditt arrangement.<\/p>\n\n\n\n<div class=\"wp-block-getwid-advanced-spacer\" style=\"height:10px\" aria-hidden=\"true\"><\/div>\n\n\n\n<div class=\"wp-block-button\"><a class=\"wp-block-button__link wp-element-button\" href=\"https:\/\/destinasjonkvenver.no\/no\/kontakt\/\" target=\"_blank\" rel=\"noreferrer noopener\">Kontakt oss<\/a><\/div>\n<\/div><\/div><\/div><\/div><\/div>\n<\/div>\n<\/div>\n<\/div><\/div><\/div><\/div><\/div>\n\n<div class=\"wp-block-getwid-advanced-spacer\" style=\"height:50px\" aria-hidden=\"true\"><\/div>\n\n<div class=\"wp-block-getwid-section alignfull alignfull getwid-section-content-custom-width\"><div class=\"wp-block-getwid-section__wrapper getwid-padding-left-medium getwid-padding-right-medium\"><div class=\"wp-block-getwid-section__inner-wrapper\" style=\"max-width:1140px\"><div class=\"wp-block-getwid-section__background-holder\"><div class=\"wp-block-getwid-section__background\"><\/div><div class=\"wp-block-getwid-section__foreground\"><\/div><\/div><div class=\"wp-block-getwid-section__content\"><div class=\"wp-block-getwid-section__inner-content\">\n<div class=\"wp-block-columns has-2-columns are-vertically-aligned-center is-layout-flex wp-container-core-columns-is-layout-9d6595d7 wp-block-columns-is-layout-flex\">\n<div class=\"wp-block-column is-vertically-aligned-center is-layout-flow wp-block-column-is-layout-flow\">\n<div class=\"wp-block-getwid-advanced-heading\" style=\"margin-bottom:0px;margin-top:0px\"><span class=\"wp-block-getwid-advanced-heading__content\">Skreddersy arrangementet ditt<\/span><\/div>\n\n\n\n<div class=\"wp-block-getwid-advanced-heading\" style=\"margin-bottom:30px;margin-top:10px\"><h2 class=\"wp-block-getwid-advanced-heading__content\">V\u00e5re kundetilpassede tilbud<\/h2><\/div>\n\n\n\n<p>Hos Kvenv\u00e6r er v\u00e5rt prim\u00e6re m\u00e5l \u00e5 sikre at du og dine gjester f\u00e5r en uforglemmelig opplevelse med en skreddersydd pakke som passer deg perfekt. Vi tilbyr skreddersydde programmer som passer b\u00e5de for de som s\u00f8ker spenning og de som \u00f8nsker mer avslappede opplevelser, uansett type arrangement.<\/p>\n\n\n\n<div class=\"wp-block-buttons is-vertical is-layout-flex wp-container-core-buttons-is-layout-8cf370e7 wp-block-buttons-is-layout-flex\">\n<div class=\"wp-block-button has-custom-width wp-block-button__width-50 is-style-outline is-style-outline--2\"><a class=\"wp-block-button__link wp-element-button\" href=\"https:\/\/destinasjonkvenver.no\/no\/verksted\/\">Verksted<\/a><\/div>\n\n\n\n<div class=\"wp-block-button has-custom-width wp-block-button__width-50 is-style-outline is-style-outline--3\"><a class=\"wp-block-button__link wp-element-button\" href=\"https:\/\/destinasjonkvenver.no\/no\/juleselskap\/\">Juleselskap<\/a><\/div>\n\n\n\n<div class=\"wp-block-button has-custom-width wp-block-button__width-50 is-style-outline is-style-outline--4\"><a class=\"wp-block-button__link wp-element-button\" href=\"https:\/\/destinasjonkvenver.no\/no\/firmareise\/\">Firmareise<\/a><\/div>\n<\/div>\n<\/div>\n\n\n\n<div class=\"wp-block-column is-vertically-aligned-center is-layout-flow wp-block-column-is-layout-flow\">\n<div class=\"wp-block-getwid-images-stack is-layout-zeta\"><div class=\"wp-block-getwid-images-stack__wrapper\"><div class=\"wp-block-getwid-images-stack__chunk\"><div class=\"wp-block-getwid-images-stack__media-wrapper\"><div class=\"wp-block-getwid-images-stack__media-inner-wrapper\"><img decoding=\"async\" width=\"1920\" height=\"2560\" class=\"wp-block-getwid-images-stack__media wp-image-2383\" src=\"https:\/\/destinasjonkvenver.no\/wp-content\/uploads\/2023\/10\/IMG_8864-scaled.jpg\" data-id=\"2383\" data-link=\"https:\/\/destinasjonkvenver.no\/private-events\/img_8864\/\" srcset=\"https:\/\/destinasjonkvenver.no\/wp-content\/uploads\/2023\/10\/IMG_8864-scaled.jpg 1920w, https:\/\/destinasjonkvenver.no\/wp-content\/uploads\/2023\/10\/IMG_8864-225x300.jpg 225w, https:\/\/destinasjonkvenver.no\/wp-content\/uploads\/2023\/10\/IMG_8864-768x1024.jpg 768w, https:\/\/destinasjonkvenver.no\/wp-content\/uploads\/2023\/10\/IMG_8864-1152x1536.jpg 1152w, https:\/\/destinasjonkvenver.no\/wp-content\/uploads\/2023\/10\/IMG_8864-1536x2048.jpg 1536w, https:\/\/destinasjonkvenver.no\/wp-content\/uploads\/2023\/10\/IMG_8864-892x1189.jpg 892w, https:\/\/destinasjonkvenver.no\/wp-content\/uploads\/2023\/10\/IMG_8864-1350x1800.jpg 1350w\" sizes=\"(max-width: 1920px) 100vw, 1920px\" \/><\/div><\/div><div class=\"wp-block-getwid-images-stack__media-wrapper\"><div class=\"wp-block-getwid-images-stack__media-inner-wrapper\"><img decoding=\"async\" width=\"2560\" height=\"1920\" class=\"wp-block-getwid-images-stack__media wp-image-2402\" src=\"https:\/\/destinasjonkvenver.no\/wp-content\/uploads\/2023\/10\/P1600699-scaled.jpg\" data-id=\"2402\" data-link=\"https:\/\/destinasjonkvenver.no\/private-events\/p1600699\/\" srcset=\"https:\/\/destinasjonkvenver.no\/wp-content\/uploads\/2023\/10\/P1600699-scaled.jpg 2560w, https:\/\/destinasjonkvenver.no\/wp-content\/uploads\/2023\/10\/P1600699-300x225.jpg 300w, https:\/\/destinasjonkvenver.no\/wp-content\/uploads\/2023\/10\/P1600699-1024x768.jpg 1024w, https:\/\/destinasjonkvenver.no\/wp-content\/uploads\/2023\/10\/P1600699-768x576.jpg 768w, https:\/\/destinasjonkvenver.no\/wp-content\/uploads\/2023\/10\/P1600699-1536x1152.jpg 1536w, https:\/\/destinasjonkvenver.no\/wp-content\/uploads\/2023\/10\/P1600699-2048x1536.jpg 2048w, https:\/\/destinasjonkvenver.no\/wp-content\/uploads\/2023\/10\/P1600699-892x669.jpg 892w, https:\/\/destinasjonkvenver.no\/wp-content\/uploads\/2023\/10\/P1600699-1350x1013.jpg 1350w\" sizes=\"(max-width: 2560px) 100vw, 2560px\" \/><\/div><\/div><div class=\"wp-block-getwid-images-stack__media-wrapper\"><div class=\"wp-block-getwid-images-stack__media-inner-wrapper\"><img loading=\"lazy\" decoding=\"async\" width=\"2560\" height=\"1920\" class=\"wp-block-getwid-images-stack__media wp-image-2408\" src=\"https:\/\/destinasjonkvenver.no\/wp-content\/uploads\/2023\/10\/P1610088-scaled.jpg\" data-id=\"2408\" data-link=\"https:\/\/destinasjonkvenver.no\/private-events\/p1610088\/\" srcset=\"https:\/\/destinasjonkvenver.no\/wp-content\/uploads\/2023\/10\/P1610088-scaled.jpg 2560w, https:\/\/destinasjonkvenver.no\/wp-content\/uploads\/2023\/10\/P1610088-300x225.jpg 300w, https:\/\/destinasjonkvenver.no\/wp-content\/uploads\/2023\/10\/P1610088-1024x768.jpg 1024w, https:\/\/destinasjonkvenver.no\/wp-content\/uploads\/2023\/10\/P1610088-768x576.jpg 768w, https:\/\/destinasjonkvenver.no\/wp-content\/uploads\/2023\/10\/P1610088-1536x1152.jpg 1536w, https:\/\/destinasjonkvenver.no\/wp-content\/uploads\/2023\/10\/P1610088-2048x1536.jpg 2048w, https:\/\/destinasjonkvenver.no\/wp-content\/uploads\/2023\/10\/P1610088-892x669.jpg 892w, https:\/\/destinasjonkvenver.no\/wp-content\/uploads\/2023\/10\/P1610088-1350x1013.jpg 1350w\" sizes=\"(max-width: 2560px) 100vw, 2560px\" \/><\/div><\/div><\/div><\/div><\/div>\n<\/div>\n<\/div>\n<\/div><\/div><\/div><\/div><\/div>\n","protected":false},"excerpt":{"rendered":"","protected":false},"author":1,"featured_media":0,"parent":0,"menu_order":0,"comment_status":"closed","ping_status":"closed","template":"","meta":{"om_disable_all_campaigns":false,"inline_featured_image":false,"_monsterinsights_skip_tracking":false,"_monsterinsights_sitenote_active":false,"_monsterinsights_sitenote_note":"","_monsterinsights_sitenote_category":0,"_uf_show_specific_survey":0,"_uf_disable_surveys":false,"footnotes":""},"class_list":["post-3443","page","type-page","status-publish","hentry"],"aioseo_notices":[],"featured_image_src":"","featured_image_src_square":false,"rbea_author_info":{"display_name":"Peder Nygaard","author_link":"https:\/\/destinasjonkvenver.no\/no\/author\/peder_1998_s1e9239a\/"},"rbea_excerpt_info":null,"_links":{"self":[{"href":"https:\/\/destinasjonkvenver.no\/no\/wp-json\/wp\/v2\/pages\/3443","targetHints":{"allow":["GET"]}}],"collection":[{"href":"https:\/\/destinasjonkvenver.no\/no\/wp-json\/wp\/v2\/pages"}],"about":[{"href":"https:\/\/destinasjonkvenver.no\/no\/wp-json\/wp\/v2\/types\/page"}],"author":[{"embeddable":true,"href":"https:\/\/destinasjonkvenver.no\/no\/wp-json\/wp\/v2\/users\/1"}],"replies":[{"embeddable":true,"href":"https:\/\/destinasjonkvenver.no\/no\/wp-json\/wp\/v2\/comments?post=3443"}],"version-history":[{"count":0,"href":"https:\/\/destinasjonkvenver.no\/no\/wp-json\/wp\/v2\/pages\/3443\/revisions"}],"wp:attachment":[{"href":"https:\/\/destinasjonkvenver.no\/no\/wp-json\/wp\/v2\/media?parent=3443"}],"curies":[{"name":"wp","href":"https:\/\/api.w.org\/{rel}","templated":true}]}}