{"id":3404,"date":"2019-08-20T11:29:12","date_gmt":"2019-08-20T11:29:12","guid":{"rendered":"https:\/\/destinasjonkvenver.no\/om-kvenvaer\/"},"modified":"2024-07-29T16:45:19","modified_gmt":"2024-07-29T16:45:19","slug":"om-kvenvaer","status":"publish","type":"page","link":"https:\/\/destinasjonkvenver.no\/no\/om-kvenvaer\/","title":{"rendered":"Om Kvenv\u00e6r"},"content":{"rendered":"\n<div class=\"wp-block-getwid-section\"><div class=\"wp-block-getwid-section__wrapper\"><div class=\"wp-block-getwid-section__inner-wrapper\"><div class=\"wp-block-getwid-section__background-holder\"><div class=\"wp-block-getwid-section__background\"><\/div><div class=\"wp-block-getwid-section__foreground\"><\/div><\/div><div class=\"wp-block-getwid-section__content\"><div class=\"wp-block-getwid-section__inner-content\">\n<div style=\"height:40px\" aria-hidden=\"true\" class=\"wp-block-spacer\"><\/div>\n\n\n\n<div class=\"wp-block-columns has-3-columns is-layout-flex wp-container-core-columns-is-layout-9d6595d7 wp-block-columns-is-layout-flex\">\n<div class=\"wp-block-column is-layout-flow wp-block-column-is-layout-flow\">\n<div class=\"wp-block-getwid-advanced-heading\"><h2 class=\"wp-block-getwid-advanced-heading__content\">Hundrevis av forn\u00f8yde bes\u00f8kende har valgt oss<\/h2><\/div>\n<\/div>\n\n\n\n<div class=\"wp-block-column is-layout-flow wp-block-column-is-layout-flow\">\n<p>Vi setter en stor \u00e6re i \u00e5 gi en uforglemmelig opplevelse for alle v\u00e5re verdsatte gjester. Vi har blitt et p\u00e5litelig valg for de som s\u00f8ker et minneverdig tilfluktssted i Norge.<\/p>\n<\/div>\n\n\n\n<div class=\"wp-block-column is-layout-flow wp-block-column-is-layout-flow\">\n<p>Du vil bli m\u00f8tt av den varme gjestfriheten til v\u00e5re dedikerte verter og ansatte. Alltid klar med et smil, og sikrer at alle dine behov blir dekket gjennom hele oppholdet.<\/p>\n<\/div>\n<\/div>\n\n\n\n<div style=\"height:40px\" aria-hidden=\"true\" class=\"wp-block-spacer\"><\/div>\n\n\n\n<div class=\"wp-block-columns has-2-columns is-layout-flex wp-container-core-columns-is-layout-9d6595d7 wp-block-columns-is-layout-flex\">\n<div class=\"wp-block-column is-layout-flow wp-block-column-is-layout-flow\">\n<figure class=\"wp-block-image size-large\"><img fetchpriority=\"high\" decoding=\"async\" width=\"1024\" height=\"1024\" src=\"https:\/\/destinasjonkvenver.no\/wp-content\/uploads\/2023\/10\/IMG_8980_square-1024x1024.jpg\" alt=\"\" class=\"wp-image-3637\" srcset=\"https:\/\/destinasjonkvenver.no\/wp-content\/uploads\/2023\/10\/IMG_8980_square-1024x1024.jpg 1024w, https:\/\/destinasjonkvenver.no\/wp-content\/uploads\/2023\/10\/IMG_8980_square-300x300.jpg 300w, https:\/\/destinasjonkvenver.no\/wp-content\/uploads\/2023\/10\/IMG_8980_square-150x150.jpg 150w, https:\/\/destinasjonkvenver.no\/wp-content\/uploads\/2023\/10\/IMG_8980_square-768x768.jpg 768w, https:\/\/destinasjonkvenver.no\/wp-content\/uploads\/2023\/10\/IMG_8980_square-892x892.jpg 892w, https:\/\/destinasjonkvenver.no\/wp-content\/uploads\/2023\/10\/IMG_8980_square-1350x1350.jpg 1350w, https:\/\/destinasjonkvenver.no\/wp-content\/uploads\/2023\/10\/IMG_8980_square.jpg 1512w\" sizes=\"(max-width: 1024px) 100vw, 1024px\" \/><\/figure>\n<\/div>\n\n\n\n<div class=\"wp-block-column is-layout-flow wp-block-column-is-layout-flow\">\n<figure class=\"wp-block-gallery has-nested-images columns-2 is-cropped wp-block-gallery-2 is-layout-flex wp-block-gallery-is-layout-flex\">\n<figure class=\"wp-block-image size-large\"><img decoding=\"async\" width=\"1024\" height=\"1024\" data-id=\"3630\" src=\"https:\/\/destinasjonkvenver.no\/wp-content\/uploads\/2023\/10\/P1590359_square-1024x1024.jpg\" alt=\"\" class=\"wp-image-3630\" srcset=\"https:\/\/destinasjonkvenver.no\/wp-content\/uploads\/2023\/10\/P1590359_square-1024x1024.jpg 1024w, https:\/\/destinasjonkvenver.no\/wp-content\/uploads\/2023\/10\/P1590359_square-300x300.jpg 300w, https:\/\/destinasjonkvenver.no\/wp-content\/uploads\/2023\/10\/P1590359_square-150x150.jpg 150w, https:\/\/destinasjonkvenver.no\/wp-content\/uploads\/2023\/10\/P1590359_square-768x768.jpg 768w, https:\/\/destinasjonkvenver.no\/wp-content\/uploads\/2023\/10\/P1590359_square-1536x1536.jpg 1536w, https:\/\/destinasjonkvenver.no\/wp-content\/uploads\/2023\/10\/P1590359_square-2048x2048.jpg 2048w, https:\/\/destinasjonkvenver.no\/wp-content\/uploads\/2023\/10\/P1590359_square-892x892.jpg 892w, https:\/\/destinasjonkvenver.no\/wp-content\/uploads\/2023\/10\/P1590359_square-1350x1350.jpg 1350w\" sizes=\"(max-width: 1024px) 100vw, 1024px\" \/><\/figure>\n\n\n\n<figure class=\"wp-block-image size-large\"><img decoding=\"async\" width=\"1024\" height=\"1024\" data-id=\"2506\" src=\"https:\/\/destinasjonkvenver.no\/wp-content\/uploads\/2023\/10\/IMG_1269-scaled-e1697035726736-1024x1024.jpg\" alt=\"\" class=\"wp-image-2506\" srcset=\"https:\/\/destinasjonkvenver.no\/wp-content\/uploads\/2023\/10\/IMG_1269-scaled-e1697035726736-1024x1024.jpg 1024w, https:\/\/destinasjonkvenver.no\/wp-content\/uploads\/2023\/10\/IMG_1269-scaled-e1697035726736-300x300.jpg 300w, https:\/\/destinasjonkvenver.no\/wp-content\/uploads\/2023\/10\/IMG_1269-scaled-e1697035726736-150x150.jpg 150w, https:\/\/destinasjonkvenver.no\/wp-content\/uploads\/2023\/10\/IMG_1269-scaled-e1697035726736-768x768.jpg 768w, https:\/\/destinasjonkvenver.no\/wp-content\/uploads\/2023\/10\/IMG_1269-scaled-e1697035726736-1536x1536.jpg 1536w, https:\/\/destinasjonkvenver.no\/wp-content\/uploads\/2023\/10\/IMG_1269-scaled-e1697035726736-892x892.jpg 892w, https:\/\/destinasjonkvenver.no\/wp-content\/uploads\/2023\/10\/IMG_1269-scaled-e1697035726736-1350x1350.jpg 1350w, https:\/\/destinasjonkvenver.no\/wp-content\/uploads\/2023\/10\/IMG_1269-scaled-e1697035726736.jpg 1920w\" sizes=\"(max-width: 1024px) 100vw, 1024px\" \/><\/figure>\n\n\n\n<figure class=\"wp-block-image size-large\"><img loading=\"lazy\" decoding=\"async\" width=\"1024\" height=\"683\" data-id=\"2124\" src=\"https:\/\/destinasjonkvenver.no\/wp-content\/uploads\/2023\/08\/ok-1024x683.jpg\" alt=\"\" class=\"wp-image-2124\" srcset=\"https:\/\/destinasjonkvenver.no\/wp-content\/uploads\/2023\/08\/ok-1024x683.jpg 1024w, https:\/\/destinasjonkvenver.no\/wp-content\/uploads\/2023\/08\/ok-300x200.jpg 300w, https:\/\/destinasjonkvenver.no\/wp-content\/uploads\/2023\/08\/ok-768x512.jpg 768w, https:\/\/destinasjonkvenver.no\/wp-content\/uploads\/2023\/08\/ok-1536x1024.jpg 1536w, https:\/\/destinasjonkvenver.no\/wp-content\/uploads\/2023\/08\/ok-2048x1365.jpg 2048w, https:\/\/destinasjonkvenver.no\/wp-content\/uploads\/2023\/08\/ok-892x595.jpg 892w, https:\/\/destinasjonkvenver.no\/wp-content\/uploads\/2023\/08\/ok-1350x900.jpg 1350w\" sizes=\"(max-width: 1024px) 100vw, 1024px\" \/><\/figure>\n\n\n\n<figure class=\"wp-block-image size-large\"><img loading=\"lazy\" decoding=\"async\" width=\"1024\" height=\"1024\" data-id=\"1441\" src=\"https:\/\/destinasjonkvenver.no\/wp-content\/uploads\/2023\/06\/Bilde-29.05.2022-15-18-16-scaled-e1688398348584-1024x1024.jpg\" alt=\"\" class=\"wp-image-1441\" srcset=\"https:\/\/destinasjonkvenver.no\/wp-content\/uploads\/2023\/06\/Bilde-29.05.2022-15-18-16-scaled-e1688398348584-1024x1024.jpg 1024w, https:\/\/destinasjonkvenver.no\/wp-content\/uploads\/2023\/06\/Bilde-29.05.2022-15-18-16-scaled-e1688398348584-300x300.jpg 300w, https:\/\/destinasjonkvenver.no\/wp-content\/uploads\/2023\/06\/Bilde-29.05.2022-15-18-16-scaled-e1688398348584-150x150.jpg 150w, https:\/\/destinasjonkvenver.no\/wp-content\/uploads\/2023\/06\/Bilde-29.05.2022-15-18-16-scaled-e1688398348584-768x768.jpg 768w, https:\/\/destinasjonkvenver.no\/wp-content\/uploads\/2023\/06\/Bilde-29.05.2022-15-18-16-scaled-e1688398348584-1536x1536.jpg 1536w, https:\/\/destinasjonkvenver.no\/wp-content\/uploads\/2023\/06\/Bilde-29.05.2022-15-18-16-scaled-e1688398348584-892x892.jpg 892w, https:\/\/destinasjonkvenver.no\/wp-content\/uploads\/2023\/06\/Bilde-29.05.2022-15-18-16-scaled-e1688398348584-1350x1350.jpg 1350w, https:\/\/destinasjonkvenver.no\/wp-content\/uploads\/2023\/06\/Bilde-29.05.2022-15-18-16-scaled-e1688398348584.jpg 1862w\" sizes=\"(max-width: 1024px) 100vw, 1024px\" \/><\/figure>\n<\/figure>\n<\/div>\n<\/div>\n\n\n\n<div style=\"height:40px\" aria-hidden=\"true\" class=\"wp-block-spacer\"><\/div>\n<\/div><\/div><\/div><\/div><\/div>\n\n<div class=\"wp-block-getwid-section\"><div class=\"wp-block-getwid-section__wrapper\"><div class=\"wp-block-getwid-section__inner-wrapper\"><div class=\"wp-block-getwid-section__background-holder\"><div class=\"wp-block-getwid-section__background\"><\/div><div class=\"wp-block-getwid-section__foreground\"><\/div><\/div><div class=\"wp-block-getwid-section__content\"><div class=\"wp-block-getwid-section__inner-content\">\n<div class=\"wp-block-columns is-layout-flex wp-container-core-columns-is-layout-9d6595d7 wp-block-columns-is-layout-flex\">\n<div class=\"wp-block-column is-layout-flow wp-block-column-is-layout-flow\" style=\"flex-basis:33.33%\">\n<div class=\"wp-block-getwid-advanced-spacer\" style=\"height:20px\" aria-hidden=\"true\"><\/div>\n\n\n\n<div class=\"wp-block-getwid-advanced-heading\" style=\"margin-bottom:5px;margin-top:46px\"><h2 class=\"wp-block-getwid-advanced-heading__content\" style=\"text-align:center\">Kart over Kvenv\u00e6r<\/h2><\/div>\n\n\n\n<div class=\"wp-block-getwid-advanced-spacer\" style=\"height:20px\" aria-hidden=\"true\"><\/div>\n\n\n\n<div class=\"wp-block-getwid-advanced-heading\" style=\"margin-bottom:45px\"><span class=\"wp-block-getwid-advanced-heading__content\" style=\"text-align:left\">Med alt du trenger i umiddelbar n\u00e6rhet, inkludert alle hyttene v\u00e5re, restauranten og butikken, ligger alt til rette for en stressfri (og til og med bilfri) ferie ved havet.<br><br>Klikk p\u00e5<strong>&laquo;+<\/strong>&laquo;-ikonene for \u00e5 finne ut mer om hvor de ulike stedene v\u00e5re ligger.<\/span><\/div>\n<\/div>\n\n\n\n<div class=\"wp-block-column is-layout-flow wp-block-column-is-layout-flow\" style=\"flex-basis:66.66%\">\n<div class=\"wp-block-getwid-image-hotspot\" data-appearance-animation=\"none\" data-image-points=\"[{\"link\":\"https:\/\/destinasjonkvenver.no\/accommodation\/skjaen\/\",\"icon\":\"\",\"title\":\"Skj\u00e5en\",\"color\":\"#ffffff\",\"content\":\"\",\"backgroundColor\":\"#13b0bb\",\"newTab\":true,\"popUpOpen\":false,\"popUpWidth\":350,\"placement\":\"top\",\"position\":{\"x\":\"73.43%\",\"y\":\"13.94%\"}},{\"link\":\"https:\/\/destinasjonkvenver.no\/accommodation\/the-lighthouse-keepers-residence\/\",\"icon\":\"\",\"title\":\"The Lighthouse Keeper's Residence\",\"color\":\"\",\"content\":\"\",\"backgroundColor\":\"#13b0bb\",\"newTab\":true,\"popUpOpen\":false,\"popUpWidth\":350,\"placement\":\"top\",\"position\":{\"x\":\"90.81%\",\"y\":\"12.10%\"}},{\"link\":\"https:\/\/destinasjonkvenver.no\/accommodation\/the-loft-suite\/\",\"icon\":\"\",\"title\":\"The Loft Suite\",\"color\":\"\",\"content\":\"\",\"backgroundColor\":\"#13b0bb\",\"newTab\":true,\"popUpOpen\":false,\"popUpWidth\":350,\"placement\":\"top\",\"position\":{\"x\":\"39.69%\",\"y\":\"64.17%\"}},{\"link\":\"https:\/\/destinasjonkvenver.no\/accommodation\/the-floating-suite\/\",\"icon\":\"\",\"title\":\"The Floating Suite\",\"color\":\"\",\"content\":\"\",\"backgroundColor\":\"#13b0bb\",\"newTab\":true,\"popUpOpen\":false,\"popUpWidth\":350,\"placement\":\"top\",\"position\":{\"x\":\"27.80%\",\"y\":\"67.69%\"}},{\"link\":\"https:\/\/destinasjonkvenver.no\/restaurant\/\",\"icon\":\"\",\"title\":\"Brygga Restaurant\",\"color\":\"\",\"content\":\"\",\"backgroundColor\":\"#13b0bb\",\"newTab\":true,\"popUpOpen\":false,\"popUpWidth\":350,\"placement\":\"top\",\"position\":{\"x\":\"38.45%\",\"y\":\"69.68%\"}},{\"link\":\"\",\"icon\":\"\",\"title\":\"General Store\",\"color\":\"\",\"content\":\"\",\"backgroundColor\":\"#13b0bb\",\"newTab\":false,\"popUpOpen\":false,\"popUpWidth\":350,\"placement\":\"top\",\"position\":{\"x\":\"43.05%\",\"y\":\"68.30%\"}}]\" data-trigger=\"click\" data-theme=\"light\" data-tooltip-animation=\"shift-toward\" data-arrow=\"true\"><div class=\"wp-block-getwid-image-hotspot__wrapper\"><img loading=\"lazy\" decoding=\"async\" width=\"1083\" height=\"793\" src=\"https:\/\/destinasjonkvenver.no\/wp-content\/uploads\/2023\/07\/kvenver-kart-flyfoto.png\" alt=\"\" class=\"wp-block-getwid-image-hotspot__image wp-image-1871\" srcset=\"https:\/\/destinasjonkvenver.no\/wp-content\/uploads\/2023\/07\/kvenver-kart-flyfoto.png 1083w, https:\/\/destinasjonkvenver.no\/wp-content\/uploads\/2023\/07\/kvenver-kart-flyfoto-300x220.png 300w, https:\/\/destinasjonkvenver.no\/wp-content\/uploads\/2023\/07\/kvenver-kart-flyfoto-1024x750.png 1024w, https:\/\/destinasjonkvenver.no\/wp-content\/uploads\/2023\/07\/kvenver-kart-flyfoto-768x562.png 768w, https:\/\/destinasjonkvenver.no\/wp-content\/uploads\/2023\/07\/kvenver-kart-flyfoto-892x653.png 892w\" sizes=\"(max-width: 1083px) 100vw, 1083px\" \/><div data-point-id=\"0\" class=\"wp-block-getwid-image-hotspot__dot has-animation-pulse\" style=\"left:73.43%;top:13.94%;background-color:#13b0bb\"><div class=\"wp-block-getwid-image-hotspot__dot-wrapper\"><div style=\"color:#ffffff\" class=\"wp-block-getwid-image-hotspot__dot-content\"><i class=\"fas fa-plus wp-block-getwid-image-hotspot__dot-icon\"><\/i><\/div><\/div><div class=\"wp-block-getwid-image-hotspot__dot-description\"><div class=\"wp-block-getwid-image-hotspot__dot-title\"><a href=\"https:\/\/destinasjonkvenver.no\/no\/accommodation\/skjaen\/\" target=\"_blank\" rel=\"noopener noreferrer\">Skj\u00e5en<\/a><\/div><\/div><\/div><div data-point-id=\"1\" class=\"wp-block-getwid-image-hotspot__dot has-animation-pulse\" style=\"left:90.81%;top:12.10%;background-color:#13b0bb\"><div class=\"wp-block-getwid-image-hotspot__dot-wrapper\"><div class=\"wp-block-getwid-image-hotspot__dot-content\"><i class=\"fas fa-plus wp-block-getwid-image-hotspot__dot-icon\"><\/i><\/div><\/div><div class=\"wp-block-getwid-image-hotspot__dot-description\"><div class=\"wp-block-getwid-image-hotspot__dot-title\"><a href=\"https:\/\/destinasjonkvenver.no\/no\/accommodation\/fyrvokterboligen\/\" target=\"_blank\" rel=\"noopener noreferrer\">Fyrvokterboligen<\/a><\/div><\/div><\/div><div data-point-id=\"2\" class=\"wp-block-getwid-image-hotspot__dot has-animation-pulse\" style=\"left:39.69%;top:64.17%;background-color:#13b0bb\"><div class=\"wp-block-getwid-image-hotspot__dot-wrapper\"><div class=\"wp-block-getwid-image-hotspot__dot-content\"><i class=\"fas fa-plus wp-block-getwid-image-hotspot__dot-icon\"><\/i><\/div><\/div><div class=\"wp-block-getwid-image-hotspot__dot-description\"><div class=\"wp-block-getwid-image-hotspot__dot-title\"><a href=\"https:\/\/destinasjonkvenver.no\/no\/accommodation\/loftsuiten\/\" target=\"_blank\" rel=\"noopener noreferrer\">Loftsuiten<\/a><\/div><\/div><\/div><div data-point-id=\"3\" class=\"wp-block-getwid-image-hotspot__dot has-animation-pulse\" style=\"left:27.80%;top:67.69%;background-color:#13b0bb\"><div class=\"wp-block-getwid-image-hotspot__dot-wrapper\"><div class=\"wp-block-getwid-image-hotspot__dot-content\"><i class=\"fas fa-plus wp-block-getwid-image-hotspot__dot-icon\"><\/i><\/div><\/div><div class=\"wp-block-getwid-image-hotspot__dot-description\"><div class=\"wp-block-getwid-image-hotspot__dot-title\"><a href=\"https:\/\/destinasjonkvenver.no\/no\/accommodation\/den-flytende-suiten\/\" target=\"_blank\" rel=\"noopener noreferrer\">Den flytende suiten<\/a><\/div><\/div><\/div><div data-point-id=\"4\" class=\"wp-block-getwid-image-hotspot__dot has-animation-pulse\" style=\"left:38.45%;top:69.68%;background-color:#13b0bb\"><div class=\"wp-block-getwid-image-hotspot__dot-wrapper\"><div class=\"wp-block-getwid-image-hotspot__dot-content\"><i class=\"fas fa-plus wp-block-getwid-image-hotspot__dot-icon\"><\/i><\/div><\/div><div class=\"wp-block-getwid-image-hotspot__dot-description\"><div class=\"wp-block-getwid-image-hotspot__dot-title\"><a href=\"https:\/\/destinasjonkvenver.no\/no\/restaurant-brygga-kvenvaer\/\" target=\"_blank\" rel=\"noopener noreferrer\">Brygga Restaurant<\/a><\/div><\/div><\/div><div data-point-id=\"5\" class=\"wp-block-getwid-image-hotspot__dot has-animation-pulse\" style=\"left:43.05%;top:68.30%;background-color:#13b0bb\"><div class=\"wp-block-getwid-image-hotspot__dot-wrapper\"><div class=\"wp-block-getwid-image-hotspot__dot-content\"><i class=\"fas fa-plus wp-block-getwid-image-hotspot__dot-icon\"><\/i><\/div><\/div><div class=\"wp-block-getwid-image-hotspot__dot-description\"><div class=\"wp-block-getwid-image-hotspot__dot-title\">General Store<\/div><\/div><\/div><\/div><\/div>\n<\/div>\n<\/div>\n\n\n\n<div style=\"height:30px\" aria-hidden=\"true\" class=\"wp-block-spacer\"><\/div>\n<\/div><\/div><\/div><\/div><\/div>\n\n<div class=\"wp-block-getwid-section\"><div class=\"wp-block-getwid-section__wrapper\"><div class=\"wp-block-getwid-section__inner-wrapper\"><div class=\"wp-block-getwid-section__background-holder\"><div class=\"wp-block-getwid-section__background\"><\/div><div class=\"wp-block-getwid-section__foreground\"><\/div><\/div><div class=\"wp-block-getwid-section__content\"><div class=\"wp-block-getwid-section__inner-content\">\n<div class=\"wp-block-getwid-video-popup has-image\"><a class=\"wp-block-getwid-video-popup__link\" href=\"https:\/\/www.youtube.com\/watch?v=1t8BJmfvnxA&amp;t=70s\" aria-label=\"A birds-eye view of our wonderful archipelago\"><div class=\"wp-block-getwid-video-popup__wrapper\"><img loading=\"lazy\" decoding=\"async\" width=\"2560\" height=\"1440\" src=\"https:\/\/destinasjonkvenver.no\/wp-content\/uploads\/2023\/08\/DJI_0061-Kopie-scaled.jpg\" alt=\"Et fugleperspektiv av v\u00e5r fantastiske skj\u00e6rg\u00e5rd\" class=\"wp-block-getwid-video-popup__image wp-block-getwid-video-popup__source wp-image-2100\" srcset=\"https:\/\/destinasjonkvenver.no\/wp-content\/uploads\/2023\/08\/DJI_0061-Kopie-scaled.jpg 2560w, https:\/\/destinasjonkvenver.no\/wp-content\/uploads\/2023\/08\/DJI_0061-Kopie-300x169.jpg 300w, https:\/\/destinasjonkvenver.no\/wp-content\/uploads\/2023\/08\/DJI_0061-Kopie-1024x576.jpg 1024w, https:\/\/destinasjonkvenver.no\/wp-content\/uploads\/2023\/08\/DJI_0061-Kopie-768x432.jpg 768w, https:\/\/destinasjonkvenver.no\/wp-content\/uploads\/2023\/08\/DJI_0061-Kopie-1536x864.jpg 1536w, https:\/\/destinasjonkvenver.no\/wp-content\/uploads\/2023\/08\/DJI_0061-Kopie-2048x1152.jpg 2048w, https:\/\/destinasjonkvenver.no\/wp-content\/uploads\/2023\/08\/DJI_0061-Kopie-892x502.jpg 892w, https:\/\/destinasjonkvenver.no\/wp-content\/uploads\/2023\/08\/DJI_0061-Kopie-1350x759.jpg 1350w\" sizes=\"(max-width: 2560px) 100vw, 2560px\" \/><div class=\"wp-block-getwid-video-popup__button is-style-outline\" style=\"border-color:#ffffff\"><div class=\"wp-block-getwid-video-popup__icon has-text-color has-white-color has-background has-white-background-color\" style=\"border-color:#ffffff\"><i class=\"fas fa-play\" aria-hidden=\"true\"><\/i><\/div><\/div><\/div><\/a><div class=\"wp-block-getwid-video-popup__caption\"><p class=\"wp-block-getwid-video-popup__title\">Et fugleperspektiv av v\u00e5r fantastiske skj\u00e6rg\u00e5rd<\/p><\/div><\/div>\n<\/div><\/div><\/div><\/div><\/div>\n","protected":false},"excerpt":{"rendered":"","protected":false},"author":1,"featured_media":0,"parent":0,"menu_order":0,"comment_status":"closed","ping_status":"closed","template":"template-wide-page.php","meta":{"om_disable_all_campaigns":false,"inline_featured_image":false,"_monsterinsights_skip_tracking":false,"_monsterinsights_sitenote_active":false,"_monsterinsights_sitenote_note":"","_monsterinsights_sitenote_category":0,"_uf_show_specific_survey":0,"_uf_disable_surveys":false,"footnotes":""},"class_list":["post-3404","page","type-page","status-publish","hentry"],"aioseo_notices":[],"featured_image_src":"","featured_image_src_square":false,"rbea_author_info":{"display_name":"Peder Nygaard","author_link":"https:\/\/destinasjonkvenver.no\/no\/author\/peder_1998_s1e9239a\/"},"rbea_excerpt_info":null,"_links":{"self":[{"href":"https:\/\/destinasjonkvenver.no\/no\/wp-json\/wp\/v2\/pages\/3404","targetHints":{"allow":["GET"]}}],"collection":[{"href":"https:\/\/destinasjonkvenver.no\/no\/wp-json\/wp\/v2\/pages"}],"about":[{"href":"https:\/\/destinasjonkvenver.no\/no\/wp-json\/wp\/v2\/types\/page"}],"author":[{"embeddable":true,"href":"https:\/\/destinasjonkvenver.no\/no\/wp-json\/wp\/v2\/users\/1"}],"replies":[{"embeddable":true,"href":"https:\/\/destinasjonkvenver.no\/no\/wp-json\/wp\/v2\/comments?post=3404"}],"version-history":[{"count":0,"href":"https:\/\/destinasjonkvenver.no\/no\/wp-json\/wp\/v2\/pages\/3404\/revisions"}],"wp:attachment":[{"href":"https:\/\/destinasjonkvenver.no\/no\/wp-json\/wp\/v2\/media?parent=3404"}],"curies":[{"name":"wp","href":"https:\/\/api.w.org\/{rel}","templated":true}]}}