{"id":6466,"date":"2025-11-22T14:49:42","date_gmt":"2025-11-22T14:49:42","guid":{"rendered":"https:\/\/destinasjonkvenver.no\/schenken-sie-ein-perfektes-geschenk-ein-stueck-kvenvaer\/"},"modified":"2025-11-26T12:16:18","modified_gmt":"2025-11-26T12:16:18","slug":"schenken-sie-ein-perfektes-geschenk-ein-stueck-kvenvaer","status":"publish","type":"page","link":"https:\/\/destinasjonkvenver.no\/de\/schenken-sie-ein-perfektes-geschenk-ein-stueck-kvenvaer\/","title":{"rendered":"Geschenkkarte"},"content":{"rendered":"<div class=\"wp-block-image\">\n<figure class=\"aligncenter size-large is-resized\"><img fetchpriority=\"high\" decoding=\"async\" width=\"1024\" height=\"726\" src=\"https:\/\/destinasjonkvenver.no\/wp-content\/uploads\/2025\/11\/Gavekort-3-1024x726.png\" alt=\"\" class=\"wp-image-6439\" style=\"width:354px;height:auto\" srcset=\"https:\/\/destinasjonkvenver.no\/wp-content\/uploads\/2025\/11\/Gavekort-3-1024x726.png 1024w, https:\/\/destinasjonkvenver.no\/wp-content\/uploads\/2025\/11\/Gavekort-3-300x213.png 300w, https:\/\/destinasjonkvenver.no\/wp-content\/uploads\/2025\/11\/Gavekort-3-768x545.png 768w, https:\/\/destinasjonkvenver.no\/wp-content\/uploads\/2025\/11\/Gavekort-3-1536x1090.png 1536w, https:\/\/destinasjonkvenver.no\/wp-content\/uploads\/2025\/11\/Gavekort-3-892x633.png 892w, https:\/\/destinasjonkvenver.no\/wp-content\/uploads\/2025\/11\/Gavekort-3-1350x958.png 1350w, https:\/\/destinasjonkvenver.no\/wp-content\/uploads\/2025\/11\/Gavekort-3.png 1748w\" sizes=\"(max-width: 1024px) 100vw, 1024px\" \/><\/figure>\n<\/div>\n\n\n<h2 class=\"wp-block-heading has-text-align-center\"><strong>Danke, dass Sie eine Geschenkkarte bestellt haben! Sie erhalten bald eine Best\u00e4tigung von uns!<\/strong><\/h2>\n\n\n\n<p class=\"has-text-align-center\">Es gibt kein perfekteres Geschenk, als einem besonderen Menschen bei der Planung seines n\u00e4chsten Abenteuers zu helfen! Bei uns k\u00f6nnen Sie eine Geschenkkarte mit einem Betrag Ihrer Wahl w\u00e4hlen, die Sie f\u00fcr die Unterkunft, die Sauna, das Restaurant usw. verwenden k\u00f6nnen. Wir haben es unseren Kunden leicht gemacht, denn die Geschenkkarte ist sowohl digital als auch in Papierform erh\u00e4ltlich. Passen Sie Ihre Geschenkkarte unten an!<\/p>\n\n\n<style id=\"wpforms-css-vars-6430-block-8888df4b-c1c3-45e7-ae68-9b8752768f6b\">\n\t\t\t\t#wpforms-6430.wpforms-block-8888df4b-c1c3-45e7-ae68-9b8752768f6b {\n\t\t\t\t--wpforms-field-size-input-height: 43px;\n--wpforms-field-size-input-spacing: 15px;\n--wpforms-field-size-font-size: 16px;\n--wpforms-field-size-line-height: 19px;\n--wpforms-field-size-padding-h: 14px;\n--wpforms-field-size-checkbox-size: 16px;\n--wpforms-field-size-sublabel-spacing: 5px;\n--wpforms-field-size-icon-size: 1;\n--wpforms-label-size-font-size: 16px;\n--wpforms-label-size-line-height: 19px;\n--wpforms-label-size-sublabel-font-size: 14px;\n--wpforms-label-size-sublabel-line-height: 17px;\n--wpforms-button-size-font-size: 17px;\n--wpforms-button-size-height: 41px;\n--wpforms-button-size-padding-h: 15px;\n--wpforms-button-size-margin-top: 10px;\n\t\t\t}\n\t\t\t<\/style><div class=\"wpforms-container wpforms-container-full wpforms-block wpforms-block-8888df4b-c1c3-45e7-ae68-9b8752768f6b wpforms-render-modern\" id=\"wpforms-6430\"><form id=\"wpforms-form-6430\" class=\"wpforms-validate wpforms-form wpforms-ajax-form\" data-formid=\"6430\" method=\"post\" enctype=\"multipart\/form-data\" action=\"\/de\/wp-json\/wp\/v2\/pages\/6466\" data-token=\"6394d08012397cf772776d3966a0dd4d\" data-token-time=\"1776421318\"><noscript class=\"wpforms-error-noscript\">Bitte aktiviere JavaScript in deinem Browser, um dieses Formular fertigzustellen.<\/noscript><div id=\"wpforms-error-noscript\" style=\"display: none;\">Bitte aktiviere JavaScript in deinem Browser, um dieses Formular fertigzustellen.<\/div><div class=\"wpforms-field-container\"><div id=\"wpforms-6430-field_7-container\" class=\"wpforms-field wpforms-field-name\" data-field-id=\"7\"><label class=\"wpforms-field-label\" for=\"wpforms-6430-field_7\">Von <span class=\"wpforms-required-label\" aria-hidden=\"true\">*<\/span><\/label><input type=\"text\" id=\"wpforms-6430-field_7\" class=\"wpforms-field-medium wpforms-field-required\" name=\"wpforms[fields][7]\" aria-errormessage=\"wpforms-6430-field_7-error\" required><\/div><div id=\"wpforms-6430-field_1-container\" class=\"wpforms-field wpforms-field-name\" data-field-id=\"1\"><label class=\"wpforms-field-label\" for=\"wpforms-6430-field_1\">An <span class=\"wpforms-required-label\" aria-hidden=\"true\">*<\/span><\/label><input type=\"text\" id=\"wpforms-6430-field_1\" class=\"wpforms-field-medium wpforms-field-required\" name=\"wpforms[fields][1]\" aria-errormessage=\"wpforms-6430-field_1-error\" required><\/div><div id=\"wpforms-6430-field_9-container\" class=\"wpforms-field wpforms-field-text\" data-field-id=\"9\"><label class=\"wpforms-field-label\" for=\"wpforms-6430-field_9\">Zweck<\/label><input type=\"text\" id=\"wpforms-6430-field_9\" class=\"wpforms-field-medium\" name=\"wpforms[fields][9]\" aria-errormessage=\"wpforms-6430-field_9-error\" ><\/div><div id=\"wpforms-6430-field_10-container\" class=\"wpforms-field wpforms-field-number\" data-field-id=\"10\"><label class=\"wpforms-field-label\" for=\"wpforms-6430-field_10\">Betrag<\/label><input type=\"number\" id=\"wpforms-6430-field_10\" class=\"wpforms-field-medium\" name=\"wpforms[fields][10]\" step=\"any\" aria-errormessage=\"wpforms-6430-field_10-error\" ><\/div><div id=\"wpforms-6430-field_3-container\" class=\"wpforms-field wpforms-field-text\" data-field-id=\"3\"><label class=\"wpforms-field-label\" for=\"wpforms-6430-field_3\">E-Mail<\/label><input type=\"text\" id=\"wpforms-6430-field_3\" class=\"wpforms-field-medium\" name=\"wpforms[fields][3]\" aria-errormessage=\"wpforms-6430-field_3-error\" ><\/div>\t\t<div id=\"wpforms-6430-field_2-container\"\n\t\t\tclass=\"wpforms-field wpforms-field-text\"\n\t\t\tdata-field-type=\"text\"\n\t\t\tdata-field-id=\"2\"\n\t\t\t>\n\t\t\t<label class=\"wpforms-field-label\" for=\"wpforms-6430-field_2\" >Betrag E-Mail Von<\/label>\n\t\t\t<input type=\"text\" id=\"wpforms-6430-field_2\" class=\"wpforms-field-medium\" name=\"wpforms[fields][2]\" >\n\t\t<\/div>\n\t\t<div id=\"wpforms-6430-field_6-container\" class=\"wpforms-field wpforms-field-textarea\" data-field-id=\"6\"><label class=\"wpforms-field-label\" for=\"wpforms-6430-field_6\">Fragen oder Kommentare<\/label><textarea id=\"wpforms-6430-field_6\" class=\"wpforms-field-medium\" name=\"wpforms[fields][6]\" aria-errormessage=\"wpforms-6430-field_6-error\" ><\/textarea><\/div><script>\n\t\t\t\t( function() {\n\t\t\t\t\tconst style = document.createElement( 'style' );\n\t\t\t\t\tstyle.appendChild( document.createTextNode( '#wpforms-6430-field_2-container { position: absolute !important; overflow: hidden !important; display: inline !important; height: 1px !important; width: 1px !important; z-index: -1000 !important; padding: 0 !important; } #wpforms-6430-field_2-container input { visibility: hidden; } #wpforms-conversational-form-page #wpforms-6430-field_2-container label { counter-increment: none; }' ) );\n\t\t\t\t\tdocument.head.appendChild( style );\n\t\t\t\t\tdocument.currentScript?.remove();\n\t\t\t\t} )();\n\t\t\t<\/script><\/div><!-- .wpforms-field-container --><div class=\"wpforms-submit-container\" ><input type=\"hidden\" name=\"wpforms[id]\" value=\"6430\"><input type=\"hidden\" name=\"page_title\" value=\"\"><input type=\"hidden\" name=\"page_url\" value=\"https:\/\/destinasjonkvenver.no\/de\/wp-json\/wp\/v2\/pages\/6466\"><input type=\"hidden\" name=\"url_referer\" value=\"\"><button type=\"submit\" name=\"wpforms[submit]\" id=\"wpforms-submit-6430\" class=\"wpforms-submit\" data-alt-text=\"Senden Sie...\" data-submit-text=\"Einreichen\" aria-live=\"assertive\" value=\"wpforms-submit\">Einreichen<\/button><img decoding=\"async\" src=\"https:\/\/destinasjonkvenver.no\/wp-content\/plugins\/wpforms-lite\/assets\/images\/submit-spin.svg\" class=\"wpforms-submit-spinner\" style=\"display: none;\" width=\"26\" height=\"26\" alt=\"Wird geladen\"><\/div><\/form><\/div>  <!-- .wpforms-container -->\n\n\n<p><\/p>\n","protected":false},"excerpt":{"rendered":"<p>Danke, dass Sie eine Geschenkkarte bestellt haben! Sie erhalten bald eine Best\u00e4tigung von uns! Es gibt kein perfekteres Geschenk, als einem besonderen Menschen bei der Planung seines n\u00e4chsten Abenteuers zu helfen! Bei uns k\u00f6nnen Sie eine Geschenkkarte mit einem Betrag Ihrer Wahl w\u00e4hlen, die Sie f\u00fcr die Unterkunft, die Sauna, das Restaurant usw. verwenden k\u00f6nnen. [&hellip;]<\/p>\n","protected":false},"author":6,"featured_media":0,"parent":0,"menu_order":0,"comment_status":"closed","ping_status":"closed","template":"","meta":{"om_disable_all_campaigns":false,"inline_featured_image":false,"_monsterinsights_skip_tracking":false,"_monsterinsights_sitenote_active":false,"_monsterinsights_sitenote_note":"","_monsterinsights_sitenote_category":0,"_uf_show_specific_survey":0,"_uf_disable_surveys":false,"footnotes":""},"class_list":["post-6466","page","type-page","status-publish","hentry"],"aioseo_notices":[],"featured_image_src":"","featured_image_src_square":false,"rbea_author_info":{"display_name":"Sharmine Aune","author_link":"https:\/\/destinasjonkvenver.no\/de\/author\/sharmine\/"},"rbea_excerpt_info":"Danke, dass Sie eine Geschenkkarte bestellt haben! Sie erhalten bald eine Best\u00e4tigung von uns! Es gibt kein perfekteres Geschenk, als einem besonderen Menschen bei der Planung seines n\u00e4chsten Abenteuers zu helfen! Bei uns k\u00f6nnen Sie eine Geschenkkarte mit einem Betrag Ihrer Wahl w\u00e4hlen, die Sie f\u00fcr die Unterkunft, die Sauna, das Restaurant usw. verwenden k\u00f6nnen. [&hellip;]","_links":{"self":[{"href":"https:\/\/destinasjonkvenver.no\/de\/wp-json\/wp\/v2\/pages\/6466","targetHints":{"allow":["GET"]}}],"collection":[{"href":"https:\/\/destinasjonkvenver.no\/de\/wp-json\/wp\/v2\/pages"}],"about":[{"href":"https:\/\/destinasjonkvenver.no\/de\/wp-json\/wp\/v2\/types\/page"}],"author":[{"embeddable":true,"href":"https:\/\/destinasjonkvenver.no\/de\/wp-json\/wp\/v2\/users\/6"}],"replies":[{"embeddable":true,"href":"https:\/\/destinasjonkvenver.no\/de\/wp-json\/wp\/v2\/comments?post=6466"}],"version-history":[{"count":0,"href":"https:\/\/destinasjonkvenver.no\/de\/wp-json\/wp\/v2\/pages\/6466\/revisions"}],"wp:attachment":[{"href":"https:\/\/destinasjonkvenver.no\/de\/wp-json\/wp\/v2\/media?parent=6466"}],"curies":[{"name":"wp","href":"https:\/\/api.w.org\/{rel}","templated":true}]}}