{"id":3522,"date":"2019-10-10T14:19:16","date_gmt":"2019-10-10T14:19:16","guid":{"rendered":"https:\/\/destinasjonkvenver.no\/bedingungen-und-konditionen\/"},"modified":"2023-10-13T15:14:43","modified_gmt":"2023-10-13T15:14:43","slug":"bedingungen-und-konditionen","status":"publish","type":"page","link":"https:\/\/destinasjonkvenver.no\/de\/bedingungen-und-konditionen\/","title":{"rendered":"Bedingungen und Konditionen"},"content":{"rendered":"\n<h2 class=\"wp-block-heading\">Stornierung und R\u00fcckerstattung<\/h2>\n\n<p>Stornierung innerhalb:<\/p>\n\n<ul class=\"wp-block-list\">\n<li>48 Stunden nach der Buchung erhalten Sie eine <strong>volle R\u00fcckerstattung<\/strong>.<\/li>\n\n\n\n<li>7 Tage vor dem Check-in-Datum erhalten Sie eine <strong>R\u00fcckerstattung von 50 %<\/strong>.<\/li>\n\n\n\n<li>Bei weniger als 7 Tagen vor Anreisedatum erfolgt <strong>keine Erstattung<\/strong>.<\/li>\n<\/ul>\n\n<p><\/p>\n\n<h2 class=\"wp-block-heading\">Allgemeine Hausordnung<\/h2>\n\n<p>Check-in nach 16:00 Uhr und Check-out vor 12:00 Uhr mit Schl\u00fcsselkasten.<\/p>\n\n<p>Die maximale Anzahl der aufgef\u00fchrten G\u00e4ste pro Kabine darf <strong>nicht <\/strong>\u00fcberschritten werden.<\/p>\n\n<p>Keine Haustiere.<\/p>\n\n<p>Rauchen verboten.<\/p>\n\n<p>Keine Partys oder gro\u00dfe Versammlungen.<\/p>\n\n<p>Au\u00dferdem gelten die normalen Hausregeln. Keine Messerschnitte direkt auf der Theke. Keine Holzutensilien im Geschirrsp\u00fcler.<\/p>\n\n<p>Entfernen Sie die Bettlaken und bringen Sie die Abf\u00e4lle beim Verlassen des Hauses zur nahe gelegenen Umweltstation.  <\/p>\n\n<p>Spezifische Hausregeln f\u00fcr einzelne H\u00fctten k\u00f6nnen auch auf den jeweiligen Seiten angegeben werden.<\/p>\n\n<p><\/p>\n\n<p>Wenn Sie Fragen haben, wenden Sie sich an unsere Gastgeber:<\/p>\n\n<p><strong>Bjarne Johan<\/strong>: <a href=\"tel:4791135987\" title=\"\">+47 911 35 987<\/a> (Die schwebende Suite und die Loft-Suite)<\/p>\n\n<p><strong>Christian<\/strong>: <a href=\"tel:4795961631\" title=\"\">+47 959 61 631<\/a> (Skj\u00e5en und die Leuchtturmw\u00e4rter-Residenz)<\/p>\n\n<p><\/p>\n\n<h2 class=\"wp-block-heading\">Sicherheit<\/h2>\n\n<p>Einige H\u00fctten sind nicht mit einem Kohlenmonoxidalarm ausgestattet.<\/p>\n\n<p>Rauchmelder in allen Kabinen.<\/p>\n\n<p>Einige Kabinen m\u00fcssen von Erwachsenen beaufsichtigt werden, da sie zu hoch sind und nur \u00fcber ein begrenztes Gel\u00e4nder verf\u00fcgen oder in unmittelbarer N\u00e4he zum Meer liegen.<\/p>\n\n<p><\/p>\n","protected":false},"excerpt":{"rendered":"<p>Stornierung und R\u00fcckerstattung Stornierung innerhalb: Allgemeine Hausordnung Check-in nach 16:00 Uhr und Check-out vor 12:00 Uhr mit Schl\u00fcsselkasten. Die maximale Anzahl der aufgef\u00fchrten G\u00e4ste pro Kabine darf nicht \u00fcberschritten werden. Keine Haustiere. Rauchen verboten. Keine Partys oder gro\u00dfe Versammlungen. Au\u00dferdem gelten die normalen Hausregeln. Keine Messerschnitte direkt auf der Theke. Keine Holzutensilien im Geschirrsp\u00fcler. Entfernen [&hellip;]<\/p>\n","protected":false},"author":1,"featured_media":0,"parent":0,"menu_order":0,"comment_status":"closed","ping_status":"closed","template":"","meta":{"om_disable_all_campaigns":false,"inline_featured_image":false,"_monsterinsights_skip_tracking":false,"_monsterinsights_sitenote_active":false,"_monsterinsights_sitenote_note":"","_monsterinsights_sitenote_category":0,"_uf_show_specific_survey":0,"_uf_disable_surveys":false,"footnotes":""},"class_list":["post-3522","page","type-page","status-publish","hentry"],"aioseo_notices":[],"featured_image_src":"","featured_image_src_square":false,"rbea_author_info":{"display_name":"Peder Nygaard","author_link":"https:\/\/destinasjonkvenver.no\/de\/author\/peder_1998_s1e9239a\/"},"rbea_excerpt_info":"Stornierung und R\u00fcckerstattung Stornierung innerhalb: Allgemeine Hausordnung Check-in nach 16:00 Uhr und Check-out vor 12:00 Uhr mit Schl\u00fcsselkasten. Die maximale Anzahl der aufgef\u00fchrten G\u00e4ste pro Kabine darf nicht \u00fcberschritten werden. Keine Haustiere. Rauchen verboten. Keine Partys oder gro\u00dfe Versammlungen. Au\u00dferdem gelten die normalen Hausregeln. Keine Messerschnitte direkt auf der Theke. Keine Holzutensilien im Geschirrsp\u00fcler. Entfernen [&hellip;]","_links":{"self":[{"href":"https:\/\/destinasjonkvenver.no\/de\/wp-json\/wp\/v2\/pages\/3522","targetHints":{"allow":["GET"]}}],"collection":[{"href":"https:\/\/destinasjonkvenver.no\/de\/wp-json\/wp\/v2\/pages"}],"about":[{"href":"https:\/\/destinasjonkvenver.no\/de\/wp-json\/wp\/v2\/types\/page"}],"author":[{"embeddable":true,"href":"https:\/\/destinasjonkvenver.no\/de\/wp-json\/wp\/v2\/users\/1"}],"replies":[{"embeddable":true,"href":"https:\/\/destinasjonkvenver.no\/de\/wp-json\/wp\/v2\/comments?post=3522"}],"version-history":[{"count":0,"href":"https:\/\/destinasjonkvenver.no\/de\/wp-json\/wp\/v2\/pages\/3522\/revisions"}],"wp:attachment":[{"href":"https:\/\/destinasjonkvenver.no\/de\/wp-json\/wp\/v2\/media?parent=3522"}],"curies":[{"name":"wp","href":"https:\/\/api.w.org\/{rel}","templated":true}]}}