{"id":3462,"date":"2023-10-09T14:10:38","date_gmt":"2023-10-09T14:10:38","guid":{"rendered":"https:\/\/destinasjonkvenver.no\/weihnachtsfeier\/"},"modified":"2025-10-08T12:35:29","modified_gmt":"2025-10-08T12:35:29","slug":"weihnachtsfeier","status":"publish","type":"page","link":"https:\/\/destinasjonkvenver.no\/de\/weihnachtsfeier\/","title":{"rendered":"Weihnachtsfeier"},"content":{"rendered":"\n<div class=\"wp-block-getwid-section alignfull alignfull getwid-section-content-custom-width\"><div class=\"wp-block-getwid-section__wrapper getwid-padding-top-large getwid-padding-bottom-large getwid-padding-left-medium getwid-padding-right-medium\" style=\"min-height:70vh\"><div class=\"wp-block-getwid-section__inner-wrapper\" style=\"max-width:740px\"><div class=\"wp-block-getwid-section__background-holder\"><div class=\"wp-block-getwid-section__background\" style=\"background-image:url('https:\/\/destinasjonkvenver.no\/wp-content\/uploads\/2023\/10\/P1600675-scaled.jpg')\"><div class=\"wp-block-getwid-section__background-image-wrapper\"><img decoding=\"async\" class=\"wp-block-getwid-section__background-image\" src=\"https:\/\/destinasjonkvenver.no\/wp-content\/uploads\/2023\/10\/P1600675-scaled.jpg\" alt=\"\"\/><\/div><\/div><div class=\"wp-block-getwid-section__foreground\" style=\"opacity:0.65;background-color:#000000\"><\/div><\/div><div class=\"wp-block-getwid-section__content\"><div class=\"wp-block-getwid-section__inner-content\">\n<div class=\"wp-block-getwid-advanced-heading\" style=\"margin-bottom:30px;margin-top:10px\"><h2 class=\"wp-block-getwid-advanced-heading__content has-text-color\" style=\"text-align:center;color:#ffffff\"><strong>Weihnachtsbuffet an der K\u00fcste im Kvenv\u00e6r<\/strong><\/h2><\/div>\n\n\n\n<p class=\"has-text-align-center has-text-color\" style=\"color:#ffffff\">Weihnachten steht vor der T\u00fcr &#8211; es ist Zeit, das diesj\u00e4hrige Weihnachtsfest zu buchen!<\/p>\n<\/div><\/div><\/div><\/div><\/div>\n\n<div style=\"height:25px\" aria-hidden=\"true\" class=\"wp-block-spacer\"><\/div>\n\n<div class=\"wp-block-getwid-section alignfull alignfull getwid-section-content-custom-width\"><div class=\"wp-block-getwid-section__wrapper getwid-padding-left-medium getwid-padding-right-medium\"><div class=\"wp-block-getwid-section__inner-wrapper\" style=\"max-width:1140px\"><div class=\"wp-block-getwid-section__background-holder\"><div class=\"wp-block-getwid-section__background\"><\/div><div class=\"wp-block-getwid-section__foreground\"><\/div><\/div><div class=\"wp-block-getwid-section__content\"><div class=\"wp-block-getwid-section__inner-content\">\n<div class=\"wp-block-columns has-2-columns are-vertically-aligned-center is-layout-flex wp-container-core-columns-is-layout-9d6595d7 wp-block-columns-is-layout-flex\">\n<div class=\"wp-block-column is-vertically-aligned-center is-layout-flow wp-block-column-is-layout-flow\">\n<div class=\"wp-block-getwid-advanced-heading\" style=\"margin-bottom:30px;margin-top:10px\"><h2 class=\"wp-block-getwid-advanced-heading__content\">Ein Weihnachtsfest au\u00dferhalb des Gew\u00f6hnlichen<\/h2><\/div>\n\n\n\n<p>Verw\u00f6hnen Sie Ihre Kollegen, Familienmitglieder oder Freunde und nehmen Sie sie mit nach Kvenv\u00e6r, um echte Weihnachtsstimmung zu erleben; Brygga ist f\u00fcr diesen Anlass geschm\u00fcckt! Wir bieten Ihnen ma\u00dfgeschneiderte Aktivit\u00e4ten an, von der Besichtigung der Sch\u00e4ren \u00fcber ein Bad im Meer und einen entspannenden Saunagang bis hin zu Firmenbesichtigungen, Weihnachtsquiz und vielem mehr.  <\/p>\n\n\n\n<p>Der Abend endet mit einer unschlagbaren Kombination aus traditionellen Weihnachtsgerichten und dem Besten, was das Meer zu bieten hat &#8211; bei unserem Weihnachtsbuffet an der K\u00fcste.<\/p>\n\n\n\n<p>Willkommen zu unserem Weihnachtsprogramm:<\/p>\n\n\n\n<ul class=\"wp-block-list\">\n<li>Samstag, 29. november (kl.18:00) | Weihnachtsabend mit Tor Arne Vannebo kr. 950,- pro pers  <\/li>\n\n\n\n<li>Samstag, 6. desember (kl. 18:00 | Weihnachtsabend mit Frode Jektvik kr. 950,- pro pers   <\/li>\n<\/ul>\n\n\n\n<p>Wenn Sie diese Weihnachtsfeier f\u00fcr sich selbst ausrichten m\u00f6chten, ist das f\u00fcr gr\u00f6\u00dfere Gruppen (bis zu 50 Personen) durchaus m\u00f6glich. Au\u00dferdem haben wir in der N\u00e4he Wohnungen, die Sie mieten k\u00f6nnen, wenn Sie diese besondere Feier verl\u00e4ngern m\u00f6chten. Kontaktieren Sie uns f\u00fcr ein gutes Angebot.  <\/p>\n\n\n\n<p>Wir freuen uns darauf, Weihnachten mit Ihnen auf Kvenv\u00e6r zu verbringen!<\/p>\n<\/div>\n\n\n\n<div class=\"wp-block-column is-vertically-aligned-center is-layout-flow wp-block-column-is-layout-flow\">\n<figure class=\"wp-block-image size-large\"><img fetchpriority=\"high\" decoding=\"async\" width=\"1024\" height=\"768\" src=\"https:\/\/destinasjonkvenver.no\/wp-content\/uploads\/2023\/10\/P1600679-1024x768.jpg\" alt=\"\" class=\"wp-image-2400\" srcset=\"https:\/\/destinasjonkvenver.no\/wp-content\/uploads\/2023\/10\/P1600679-1024x768.jpg 1024w, https:\/\/destinasjonkvenver.no\/wp-content\/uploads\/2023\/10\/P1600679-300x225.jpg 300w, https:\/\/destinasjonkvenver.no\/wp-content\/uploads\/2023\/10\/P1600679-768x576.jpg 768w, https:\/\/destinasjonkvenver.no\/wp-content\/uploads\/2023\/10\/P1600679-1536x1152.jpg 1536w, https:\/\/destinasjonkvenver.no\/wp-content\/uploads\/2023\/10\/P1600679-2048x1536.jpg 2048w, https:\/\/destinasjonkvenver.no\/wp-content\/uploads\/2023\/10\/P1600679-892x669.jpg 892w, https:\/\/destinasjonkvenver.no\/wp-content\/uploads\/2023\/10\/P1600679-1350x1012.jpg 1350w\" sizes=\"(max-width: 1024px) 100vw, 1024px\" \/><\/figure>\n<\/div>\n<\/div>\n<\/div><\/div><\/div><\/div><\/div>\n\n<div class=\"wp-block-getwid-section alignfull alignfull getwid-section-content-custom-width\"><div class=\"wp-block-getwid-section__wrapper getwid-padding-left-medium getwid-padding-right-medium\"><div class=\"wp-block-getwid-section__inner-wrapper\" style=\"max-width:1140px\"><div class=\"wp-block-getwid-section__background-holder\"><div class=\"wp-block-getwid-section__background\"><\/div><div class=\"wp-block-getwid-section__foreground\"><\/div><\/div><div class=\"wp-block-getwid-section__content\"><div class=\"wp-block-getwid-section__inner-content\">\n<div class=\"wp-block-columns has-2-columns are-vertically-aligned-center is-layout-flex wp-container-core-columns-is-layout-9d6595d7 wp-block-columns-is-layout-flex\">\n<div class=\"wp-block-column is-vertically-aligned-center is-layout-flow wp-block-column-is-layout-flow\">\n<figure class=\"wp-block-image size-large\"><img decoding=\"async\" width=\"683\" height=\"1024\" src=\"https:\/\/destinasjonkvenver.no\/wp-content\/uploads\/2023\/10\/DSCF8379-683x1024.jpg\" alt=\"\" class=\"wp-image-2393\" srcset=\"https:\/\/destinasjonkvenver.no\/wp-content\/uploads\/2023\/10\/DSCF8379-683x1024.jpg 683w, https:\/\/destinasjonkvenver.no\/wp-content\/uploads\/2023\/10\/DSCF8379-200x300.jpg 200w, https:\/\/destinasjonkvenver.no\/wp-content\/uploads\/2023\/10\/DSCF8379-768x1152.jpg 768w, https:\/\/destinasjonkvenver.no\/wp-content\/uploads\/2023\/10\/DSCF8379-1024x1536.jpg 1024w, https:\/\/destinasjonkvenver.no\/wp-content\/uploads\/2023\/10\/DSCF8379-1365x2048.jpg 1365w, https:\/\/destinasjonkvenver.no\/wp-content\/uploads\/2023\/10\/DSCF8379-892x1338.jpg 892w, https:\/\/destinasjonkvenver.no\/wp-content\/uploads\/2023\/10\/DSCF8379-1350x2025.jpg 1350w, https:\/\/destinasjonkvenver.no\/wp-content\/uploads\/2023\/10\/DSCF8379-scaled.jpg 1707w\" sizes=\"(max-width: 683px) 100vw, 683px\" \/><\/figure>\n<\/div>\n\n\n\n<div class=\"wp-block-column is-vertically-aligned-center is-layout-flow wp-block-column-is-layout-flow\">\n<div class=\"wp-block-getwid-section\"><div class=\"wp-block-getwid-section__wrapper getwid-padding-top-none getwid-padding-bottom-none getwid-padding-left-medium getwid-padding-right-none getwid-padding-mobile-left-none\"><div class=\"wp-block-getwid-section__inner-wrapper\"><div class=\"wp-block-getwid-section__background-holder\"><div class=\"wp-block-getwid-section__background\"><\/div><div class=\"wp-block-getwid-section__foreground\"><\/div><\/div><div class=\"wp-block-getwid-section__content\"><div class=\"wp-block-getwid-section__inner-content\">\n<div class=\"wp-block-getwid-advanced-heading\" style=\"margin-bottom:30px;margin-top:10px\"><h2 class=\"wp-block-getwid-advanced-heading__content\"><strong>Was<\/strong>wir anbieten<\/h2><\/div>\n\n\n\n<div class=\"wp-block-getwid-icon-box has-icon-left has-text-center\"><div class=\"wp-block-getwid-icon-box__icon-container is-position-top\"><div class=\"wp-block-getwid-icon-box__icon-wrapper\" style=\"font-size:40px\"><i class=\"fas fa-home\"><\/i><\/div><\/div><div class=\"wp-block-getwid-icon-box__content\">\n<h4 class=\"wp-block-heading\">Unterkunft<\/h4>\n\n\n\n<p>Kvenv\u00e6r Sj\u00f8husferie | Preis ab kr. 750,-<\/p>\n<\/div><\/div>\n\n\n\n<div class=\"wp-block-getwid-icon-box has-icon-left has-text-center\"><div class=\"wp-block-getwid-icon-box__icon-container is-position-top\"><div class=\"wp-block-getwid-icon-box__icon-wrapper\" style=\"font-size:40px\"><i class=\"fas fa-coffee\"><\/i><\/div><\/div><div class=\"wp-block-getwid-icon-box__content\">\n<h4 class=\"wp-block-heading\">Warmes Mittagessen<\/h4>\n\n\n\n<p>im Restaurant Brygga<\/p>\n<\/div><\/div>\n\n\n\n<div class=\"wp-block-getwid-icon-box has-icon-left has-text-center\"><div class=\"wp-block-getwid-icon-box__icon-container is-position-top\"><div class=\"wp-block-getwid-icon-box__icon-wrapper\" style=\"font-size:40px\"><i class=\"fas fa-hiking\"><\/i><\/div><\/div><div class=\"wp-block-getwid-icon-box__content\">\n<h4 class=\"wp-block-heading\">Aktivit\u00e4ten<\/h4>\n\n\n\n<p>ma\u00dfgeschneidert f\u00fcr Ihr Reiseunternehmen<\/p>\n<\/div><\/div>\n\n\n\n<div class=\"wp-block-getwid-icon-box has-icon-left has-text-center\"><div class=\"wp-block-getwid-icon-box__icon-container is-position-top\"><div class=\"wp-block-getwid-icon-box__icon-wrapper\" style=\"font-size:40px\"><i class=\"fas fa-air-freshener\"><\/i><\/div><\/div><div class=\"wp-block-getwid-icon-box__content\">\n<h4 class=\"wp-block-heading\">Aktivit\u00e4ten zu Weihnachten<\/h4>\n\n\n\n<p>wie ein Quiz oder eine Vorparty<\/p>\n<\/div><\/div>\n\n\n\n<div class=\"wp-block-getwid-icon-box has-icon-left has-text-center\"><div class=\"wp-block-getwid-icon-box__icon-container is-position-top\"><div class=\"wp-block-getwid-icon-box__icon-wrapper\" style=\"font-size:40px\"><i class=\"fas fa-swimming-pool\"><\/i><\/div><\/div><div class=\"wp-block-getwid-icon-box__content\">\n<h4 class=\"wp-block-heading\">Sauna &amp; Whirlpool<\/h4>\n\n\n\n<p>direkt am Meer<\/p>\n<\/div><\/div>\n\n\n\n<div class=\"wp-block-getwid-icon-box has-icon-left has-text-center\"><div class=\"wp-block-getwid-icon-box__icon-container is-position-top\"><div class=\"wp-block-getwid-icon-box__icon-wrapper\" style=\"font-size:40px\"><i class=\"fas fa-water\"><\/i><\/div><\/div><div class=\"wp-block-getwid-icon-box__content\">\n<h4 class=\"wp-block-heading\">Bootstour<\/h4>\n\n\n\n<p>Besichtigung der Inseln  <\/p>\n<\/div><\/div>\n\n\n\n<div class=\"wp-block-getwid-icon-box has-icon-left has-text-center\"><div class=\"wp-block-getwid-icon-box__icon-container is-position-top\"><div class=\"wp-block-getwid-icon-box__icon-wrapper\" style=\"font-size:40px\"><i class=\"fas fa-utensils\"><\/i><\/div><\/div><div class=\"wp-block-getwid-icon-box__content\">\n<h4 class=\"wp-block-heading\">Verschiedene Essensm\u00f6glichkeiten<\/h4>\n\n\n\n<p>wie traditionelle Weihnachtsgerichte oder alles, was frisch aus dem Meer kommt<\/p>\n<\/div><\/div>\n<\/div><\/div><\/div><\/div><\/div>\n<\/div>\n<\/div>\n<\/div><\/div><\/div><\/div><\/div>\n\n<div class=\"wp-block-getwid-section alignfull alignfull getwid-section-content-custom-width\"><div class=\"wp-block-getwid-section__wrapper getwid-padding-top-medium getwid-padding-bottom-medium getwid-padding-left-medium getwid-padding-right-medium\"><div class=\"wp-block-getwid-section__inner-wrapper\" style=\"max-width:1140px\"><div class=\"wp-block-getwid-section__background-holder\"><div class=\"wp-block-getwid-section__background\" style=\"background-image:url('https:\/\/cgw.motopress.com\/wp-content\/uploads\/2019\/11\/background-1.jpg')\"><div class=\"wp-block-getwid-section__background-image-wrapper\"><img decoding=\"async\" class=\"wp-block-getwid-section__background-image\" src=\"https:\/\/cgw.motopress.com\/wp-content\/uploads\/2019\/11\/background-1.jpg\" alt=\"\"\/><\/div><\/div><div class=\"wp-block-getwid-section__foreground\"><\/div><\/div><div class=\"wp-block-getwid-section__content\"><div class=\"wp-block-getwid-section__inner-content\">\n<div class=\"wp-block-columns has-2-columns are-vertically-aligned-center is-layout-flex wp-container-core-columns-is-layout-9d6595d7 wp-block-columns-is-layout-flex\">\n<div class=\"wp-block-column is-vertically-aligned-center is-layout-flow wp-block-column-is-layout-flow\">\n<div class=\"wp-block-getwid-section\"><div class=\"wp-block-getwid-section__wrapper getwid-padding-top-none getwid-padding-bottom-none getwid-padding-left-medium getwid-padding-right-none getwid-padding-mobile-left-none\"><div class=\"wp-block-getwid-section__inner-wrapper\"><div class=\"wp-block-getwid-section__background-holder\"><div class=\"wp-block-getwid-section__background\"><\/div><div class=\"wp-block-getwid-section__foreground\"><\/div><\/div><div class=\"wp-block-getwid-section__content\"><div class=\"wp-block-getwid-section__inner-content\">\n<div class=\"wp-block-getwid-advanced-heading\" style=\"margin-bottom:30px;margin-top:10px\"><h2 class=\"wp-block-getwid-advanced-heading__content\">Herzlich willkommen!<\/h2><\/div>\n\n\n\n<p>Wir freuen uns darauf, Sie willkommen zu hei\u00dfen und Ihnen ein unvergessliches Erlebnis zu bieten.  <\/p>\n\n\n\n<p>F\u00fcr Tischreservierungen im Restaurant oder f\u00fcr die Buchung von Weihnachtsfeiern kontaktieren Sie uns bitte unter <strong>+47 911 35 987<\/strong> oder senden Sie eine E-Mail an <strong>faxvaag@hitra.com.<\/strong><\/p>\n\n\n\n<p>Sie k\u00f6nnen uns auch \u00fcber den unten stehenden Link kontaktieren.<\/p>\n\n\n\n<div class=\"wp-block-getwid-advanced-spacer\" style=\"height:10px\" aria-hidden=\"true\"><\/div>\n\n\n\n<div class=\"wp-block-button\"><a class=\"wp-block-button__link wp-element-button\" href=\"https:\/\/destinasjonkvenver.no\/de\/kontakt\/\" target=\"_blank\" rel=\"noreferrer noopener\">Kontakt<\/a><\/div>\n<\/div><\/div><\/div><\/div><\/div>\n<\/div>\n\n\n\n<div class=\"wp-block-column is-vertically-aligned-center is-layout-flow wp-block-column-is-layout-flow\">\n<figure class=\"wp-block-image size-large\"><img decoding=\"async\" width=\"768\" height=\"1024\" src=\"https:\/\/destinasjonkvenver.no\/wp-content\/uploads\/2023\/10\/P1600648-768x1024.jpg\" alt=\"\" class=\"wp-image-2398\" srcset=\"https:\/\/destinasjonkvenver.no\/wp-content\/uploads\/2023\/10\/P1600648-768x1024.jpg 768w, https:\/\/destinasjonkvenver.no\/wp-content\/uploads\/2023\/10\/P1600648-225x300.jpg 225w, https:\/\/destinasjonkvenver.no\/wp-content\/uploads\/2023\/10\/P1600648-1152x1536.jpg 1152w, https:\/\/destinasjonkvenver.no\/wp-content\/uploads\/2023\/10\/P1600648-1536x2048.jpg 1536w, https:\/\/destinasjonkvenver.no\/wp-content\/uploads\/2023\/10\/P1600648-892x1190.jpg 892w, https:\/\/destinasjonkvenver.no\/wp-content\/uploads\/2023\/10\/P1600648-1350x1800.jpg 1350w, https:\/\/destinasjonkvenver.no\/wp-content\/uploads\/2023\/10\/P1600648-scaled.jpg 1920w\" sizes=\"(max-width: 768px) 100vw, 768px\" \/><\/figure>\n<\/div>\n<\/div>\n<\/div><\/div><\/div><\/div><\/div>\n","protected":false},"excerpt":{"rendered":"","protected":false},"author":1,"featured_media":0,"parent":0,"menu_order":0,"comment_status":"closed","ping_status":"closed","template":"","meta":{"om_disable_all_campaigns":false,"inline_featured_image":false,"_monsterinsights_skip_tracking":false,"_monsterinsights_sitenote_active":false,"_monsterinsights_sitenote_note":"","_monsterinsights_sitenote_category":0,"_uf_show_specific_survey":0,"_uf_disable_surveys":false,"footnotes":""},"class_list":["post-3462","page","type-page","status-publish","hentry"],"aioseo_notices":[],"featured_image_src":"","featured_image_src_square":false,"rbea_author_info":{"display_name":"Peder Nygaard","author_link":"https:\/\/destinasjonkvenver.no\/de\/author\/peder_1998_s1e9239a\/"},"rbea_excerpt_info":null,"_links":{"self":[{"href":"https:\/\/destinasjonkvenver.no\/de\/wp-json\/wp\/v2\/pages\/3462","targetHints":{"allow":["GET"]}}],"collection":[{"href":"https:\/\/destinasjonkvenver.no\/de\/wp-json\/wp\/v2\/pages"}],"about":[{"href":"https:\/\/destinasjonkvenver.no\/de\/wp-json\/wp\/v2\/types\/page"}],"author":[{"embeddable":true,"href":"https:\/\/destinasjonkvenver.no\/de\/wp-json\/wp\/v2\/users\/1"}],"replies":[{"embeddable":true,"href":"https:\/\/destinasjonkvenver.no\/de\/wp-json\/wp\/v2\/comments?post=3462"}],"version-history":[{"count":0,"href":"https:\/\/destinasjonkvenver.no\/de\/wp-json\/wp\/v2\/pages\/3462\/revisions"}],"wp:attachment":[{"href":"https:\/\/destinasjonkvenver.no\/de\/wp-json\/wp\/v2\/media?parent=3462"}],"curies":[{"name":"wp","href":"https:\/\/api.w.org\/{rel}","templated":true}]}}