{"id":3450,"date":"2023-10-09T14:11:06","date_gmt":"2023-10-09T14:11:06","guid":{"rendered":"https:\/\/destinasjonkvenver.no\/workshop\/"},"modified":"2024-07-29T16:45:15","modified_gmt":"2024-07-29T16:45:15","slug":"workshop","status":"publish","type":"page","link":"https:\/\/destinasjonkvenver.no\/de\/workshop\/","title":{"rendered":"Workshop"},"content":{"rendered":"\n<div class=\"wp-block-getwid-section alignfull alignfull getwid-section-content-custom-width\"><div class=\"wp-block-getwid-section__wrapper getwid-padding-top-large getwid-padding-bottom-large getwid-padding-left-medium getwid-padding-right-medium\" style=\"min-height:70vh\"><div class=\"wp-block-getwid-section__inner-wrapper\" style=\"max-width:740px\"><div class=\"wp-block-getwid-section__background-holder\"><div class=\"wp-block-getwid-section__background\" style=\"background-image:url('https:\/\/destinasjonkvenver.no\/wp-content\/uploads\/2023\/10\/P1610088-scaled.jpg')\"><div class=\"wp-block-getwid-section__background-image-wrapper\"><img decoding=\"async\" class=\"wp-block-getwid-section__background-image\" src=\"https:\/\/destinasjonkvenver.no\/wp-content\/uploads\/2023\/10\/P1610088-scaled.jpg\" alt=\"\"\/><\/div><\/div><div class=\"wp-block-getwid-section__foreground\" style=\"opacity:0.65;background-color:#000000\"><\/div><\/div><div class=\"wp-block-getwid-section__content\"><div class=\"wp-block-getwid-section__inner-content\">\n<div class=\"wp-block-getwid-advanced-heading\" style=\"margin-bottom:30px;margin-top:10px\"><h2 class=\"wp-block-getwid-advanced-heading__content has-text-color\" style=\"text-align:center;color:#ffffff\">Workshops mit Meerblick<\/h2><\/div>\n\n\n\n<p class=\"has-text-align-center has-text-color\" style=\"color:#ffffff\">M\u00f6chten Sie ein unvergessliches Treffen organisieren, das Ihre Kollegen nie vergessen werden? Machen Sie einen Ausflug nach Kvenv\u00e6r und erleben Sie den starken Einfluss der Natur. Unser Hauptziel ist es, unvergessliche Erlebnisse f\u00fcr Sie und Ihre G\u00e4ste zu schaffen, und wir schneidern Pakete, die perfekt auf Ihre Bed\u00fcrfnisse zugeschnitten sind.<\/p>\n\n\n\n<div class=\"wp-block-getwid-advanced-spacer\" style=\"height:20px\" aria-hidden=\"true\"><\/div>\n\n\n\n<div class=\"wp-block-button aligncenter\"><a class=\"wp-block-button__link has-black-color has-white-background-color has-text-color has-background wp-element-button\" href=\"https:\/\/destinasjonkvenver.no\/de\/kontakt\/\" target=\"_blank\" rel=\"noreferrer noopener\">Kontakt<\/a><\/div>\n<\/div><\/div><\/div><\/div><\/div>\n\n<div class=\"wp-block-getwid-section alignfull alignfull getwid-section-content-custom-width\"><div class=\"wp-block-getwid-section__wrapper getwid-padding-left-medium getwid-padding-right-medium\"><div class=\"wp-block-getwid-section__inner-wrapper\" style=\"max-width:1140px\"><div class=\"wp-block-getwid-section__background-holder\"><div class=\"wp-block-getwid-section__background\"><\/div><div class=\"wp-block-getwid-section__foreground\"><\/div><\/div><div class=\"wp-block-getwid-section__content\"><div class=\"wp-block-getwid-section__inner-content\">\n<div class=\"wp-block-columns has-2-columns are-vertically-aligned-center is-layout-flex wp-container-core-columns-is-layout-9d6595d7 wp-block-columns-is-layout-flex\">\n<div class=\"wp-block-column is-vertically-aligned-center is-layout-flow wp-block-column-is-layout-flow\">\n<figure class=\"wp-block-image size-large\"><img fetchpriority=\"high\" decoding=\"async\" width=\"1024\" height=\"768\" src=\"https:\/\/destinasjonkvenver.no\/wp-content\/uploads\/2023\/10\/P1610056-1024x768.jpg\" alt=\"\" class=\"wp-image-2407\" srcset=\"https:\/\/destinasjonkvenver.no\/wp-content\/uploads\/2023\/10\/P1610056-1024x768.jpg 1024w, https:\/\/destinasjonkvenver.no\/wp-content\/uploads\/2023\/10\/P1610056-300x225.jpg 300w, https:\/\/destinasjonkvenver.no\/wp-content\/uploads\/2023\/10\/P1610056-768x576.jpg 768w, https:\/\/destinasjonkvenver.no\/wp-content\/uploads\/2023\/10\/P1610056-1536x1152.jpg 1536w, https:\/\/destinasjonkvenver.no\/wp-content\/uploads\/2023\/10\/P1610056-2048x1536.jpg 2048w, https:\/\/destinasjonkvenver.no\/wp-content\/uploads\/2023\/10\/P1610056-892x669.jpg 892w, https:\/\/destinasjonkvenver.no\/wp-content\/uploads\/2023\/10\/P1610056-1350x1013.jpg 1350w\" sizes=\"(max-width: 1024px) 100vw, 1024px\" \/><\/figure>\n<\/div>\n\n\n\n<div class=\"wp-block-column is-vertically-aligned-center is-layout-flow wp-block-column-is-layout-flow\">\n<div class=\"wp-block-getwid-advanced-heading\" style=\"margin-bottom:0px;margin-top:0px\"><span class=\"wp-block-getwid-advanced-heading__content\">Lassen Sie sich in einer neuen Umgebung inspirieren<\/span><\/div>\n\n\n\n<div class=\"wp-block-getwid-advanced-heading\" style=\"margin-bottom:30px;margin-top:10px\"><h2 class=\"wp-block-getwid-advanced-heading__content\">Begegnungen im Archipel<\/h2><\/div>\n\n\n\n<p>Sie haben die Freiheit, das Programm genau so anzupassen, wie Sie es w\u00fcnschen. W\u00e4hrend Ihres Aufenthalts bei uns k\u00f6nnen Sie w\u00e4hlen, ob Sie in einer ruhigen Umgebung an Ihrer eigenen Agenda arbeiten wollen oder ob Sie ihn mit einer oder mehreren unserer Aktivit\u00e4ten kombinieren m\u00f6chten.<\/p>\n<\/div>\n<\/div>\n<\/div><\/div><\/div><\/div><\/div>\n\n<div class=\"wp-block-getwid-section alignfull alignfull getwid-section-content-custom-width\"><div class=\"wp-block-getwid-section__wrapper getwid-padding-left-medium getwid-padding-right-medium\"><div class=\"wp-block-getwid-section__inner-wrapper\" style=\"max-width:1140px\"><div class=\"wp-block-getwid-section__background-holder\"><div class=\"wp-block-getwid-section__background\"><\/div><div class=\"wp-block-getwid-section__foreground\"><\/div><\/div><div class=\"wp-block-getwid-section__content\"><div class=\"wp-block-getwid-section__inner-content\">\n<div class=\"wp-block-columns has-2-columns are-vertically-aligned-center is-layout-flex wp-container-core-columns-is-layout-9d6595d7 wp-block-columns-is-layout-flex\">\n<div class=\"wp-block-column is-vertically-aligned-center is-layout-flow wp-block-column-is-layout-flow\">\n<div class=\"wp-block-getwid-advanced-heading\" style=\"margin-bottom:30px;margin-top:10px\"><h2 class=\"wp-block-getwid-advanced-heading__content\">Ihre Bed\u00fcrfnisse sind unsere Priorit\u00e4t<\/h2><\/div>\n\n\n\n<p>Wir haben alles, was man f\u00fcr eine erfolgreiche Veranstaltung braucht, und k\u00f6nnen ein komplettes Paket anbieten, das auch Verpflegung und Unterkunft umfasst. Unabh\u00e4ngig von Ihren W\u00fcnschen sorgen wir f\u00fcr eine reibungslose und effiziente Durchf\u00fchrung.<\/p>\n\n\n\n<p>Wir k\u00f6nnen Gruppen von bis zu 20 Personen f\u00fcr Tagungen und bis zu 60 Personen f\u00fcr Veranstaltungen mit \u00dcbernachtung beherbergen.<\/p>\n\n\n\n<div class=\"wp-block-getwid-advanced-spacer\" style=\"height:10px\" aria-hidden=\"true\"><\/div>\n\n\n\n<div class=\"wp-block-getwid-advanced-heading\" style=\"margin-bottom:0px;margin-top:0px\"><span class=\"wp-block-getwid-advanced-heading__content\"><em>Wir haben viel zu bieten, wenn Gruppen in Ruhe und Frieden zusammenkommen m\u00fcssen, um kreativ zu sein, gro\u00dfartige Ideen zu entwickeln und kluge, mutige Entscheidungen zu treffen.<\/em><\/span><\/div>\n\n\n\n<div class=\"wp-block-getwid-advanced-heading\" style=\"margin-bottom:0px;margin-top:0px\"><span class=\"wp-block-getwid-advanced-heading__content\" style=\"text-align:right\">&#8211; Bjarne Johan Faxvaag<\/span><\/div>\n\n\n\n<div class=\"wp-block-getwid-advanced-spacer\" style=\"height:10px\" aria-hidden=\"true\"><\/div>\n\n\n\n<div class=\"wp-block-button is-style-fill\"><a class=\"wp-block-button__link wp-element-button\" href=\"https:\/\/destinasjonkvenver.no\/de\/kontakt\/\" target=\"_blank\" rel=\"noreferrer noopener\">Kontakt<\/a><\/div>\n<\/div>\n\n\n\n<div class=\"wp-block-column is-vertically-aligned-center is-layout-flow wp-block-column-is-layout-flow\">\n<figure class=\"wp-block-image size-large\"><img decoding=\"async\" width=\"768\" height=\"1024\" src=\"https:\/\/destinasjonkvenver.no\/wp-content\/uploads\/2023\/10\/P1610027-768x1024.jpg\" alt=\"\" class=\"wp-image-2404\" srcset=\"https:\/\/destinasjonkvenver.no\/wp-content\/uploads\/2023\/10\/P1610027-768x1024.jpg 768w, https:\/\/destinasjonkvenver.no\/wp-content\/uploads\/2023\/10\/P1610027-225x300.jpg 225w, https:\/\/destinasjonkvenver.no\/wp-content\/uploads\/2023\/10\/P1610027-1152x1536.jpg 1152w, https:\/\/destinasjonkvenver.no\/wp-content\/uploads\/2023\/10\/P1610027-1536x2048.jpg 1536w, https:\/\/destinasjonkvenver.no\/wp-content\/uploads\/2023\/10\/P1610027-892x1189.jpg 892w, https:\/\/destinasjonkvenver.no\/wp-content\/uploads\/2023\/10\/P1610027-1350x1800.jpg 1350w, https:\/\/destinasjonkvenver.no\/wp-content\/uploads\/2023\/10\/P1610027-scaled.jpg 1920w\" sizes=\"(max-width: 768px) 100vw, 768px\" \/><\/figure>\n<\/div>\n<\/div>\n<\/div><\/div><\/div><\/div><\/div>\n\n<div class=\"wp-block-getwid-section alignfull alignfull getwid-section-content-custom-width\"><div class=\"wp-block-getwid-section__wrapper getwid-padding-top-large getwid-padding-bottom-large getwid-padding-left-medium getwid-padding-right-medium\" style=\"min-height:70vh\"><div class=\"wp-block-getwid-section__inner-wrapper\" style=\"max-width:1140px\"><div class=\"wp-block-getwid-section__background-holder\"><div class=\"wp-block-getwid-section__background\" style=\"background-image:url('https:\/\/destinasjonkvenver.no\/wp-content\/uploads\/2023\/08\/IMG_3664-2.jpg')\"><div class=\"wp-block-getwid-section__background-image-wrapper\"><img decoding=\"async\" class=\"wp-block-getwid-section__background-image\" src=\"https:\/\/destinasjonkvenver.no\/wp-content\/uploads\/2023\/08\/IMG_3664-2.jpg\" alt=\"\"\/><\/div><\/div><div class=\"wp-block-getwid-section__foreground\" style=\"opacity:0.5;background-color:#000000\"><\/div><\/div><div class=\"wp-block-getwid-section__content\"><div class=\"wp-block-getwid-section__inner-content\">\n<div class=\"wp-block-getwid-advanced-heading\" style=\"margin-bottom:0px;margin-top:0px\"><span class=\"wp-block-getwid-advanced-heading__content has-text-color\" style=\"color:#ffffff\">Schneiden Sie Ihren Workshop auf Ihre speziellen Bed\u00fcrfnisse zu<\/span><\/div>\n\n\n\n<div class=\"wp-block-columns has-2-columns is-layout-flex wp-container-core-columns-is-layout-9d6595d7 wp-block-columns-is-layout-flex\">\n<div class=\"wp-block-column is-layout-flow wp-block-column-is-layout-flow\">\n<div class=\"wp-block-getwid-advanced-heading\" style=\"margin-bottom:30px;margin-top:10px\"><h2 class=\"wp-block-getwid-advanced-heading__content has-text-color\" style=\"color:#ffffff\">Tagungseinrichtungen<\/h2><\/div>\n\n\n\n<p class=\"has-white-color has-text-color\">Tagungsr\u00e4ume mit der M\u00f6glichkeit verschiedener Tischaufstellungen, je nach Bedarf und Vorlieben<\/p>\n\n\n\n<p class=\"has-white-color has-text-color\">Hochgeschwindigkeits-Wi-Fi<\/p>\n\n\n\n<p class=\"has-white-color has-text-color\">Die Loft-Suite, etwa 10 Personen<\/p>\n\n\n\n<p class=\"has-white-color has-text-color\">Skj\u00e5en, geeignet f\u00fcr kleinere Gruppen von 4-6 Personen<\/p>\n\n\n\n<p class=\"has-white-color has-text-color\">Der Pub, etwa 20 Personen<\/p>\n<\/div>\n\n\n\n<div class=\"wp-block-column is-layout-flow wp-block-column-is-layout-flow\">\n<div class=\"wp-block-getwid-advanced-heading\" style=\"margin-bottom:30px;margin-top:10px\"><h2 class=\"wp-block-getwid-advanced-heading__content has-text-color\" style=\"color:#ffffff\">Einrichtungen der Unterkunft<\/h2><\/div>\n\n\n\n<p class=\"has-white-color has-text-color\">Unterkunft in H\u00fctten, Appartements, Fischerh\u00fctten und Suiten mit 1-4 Schlafzimmern<\/p>\n\n\n\n<p class=\"has-white-color has-text-color\">Betten gemacht mit Bettw\u00e4sche und Handt\u00fcchern zur Verf\u00fcgung gestellt<\/p>\n\n\n\n<p class=\"has-white-color has-text-color\">Zugang zu Jacuzzi und Sauna<\/p>\n<\/div>\n<\/div>\n<\/div><\/div><\/div><\/div><\/div>\n","protected":false},"excerpt":{"rendered":"","protected":false},"author":1,"featured_media":0,"parent":0,"menu_order":0,"comment_status":"closed","ping_status":"closed","template":"","meta":{"om_disable_all_campaigns":false,"inline_featured_image":false,"_monsterinsights_skip_tracking":false,"_monsterinsights_sitenote_active":false,"_monsterinsights_sitenote_note":"","_monsterinsights_sitenote_category":0,"_uf_show_specific_survey":0,"_uf_disable_surveys":false,"footnotes":""},"class_list":["post-3450","page","type-page","status-publish","hentry"],"aioseo_notices":[],"featured_image_src":"","featured_image_src_square":false,"rbea_author_info":{"display_name":"Peder Nygaard","author_link":"https:\/\/destinasjonkvenver.no\/de\/author\/peder_1998_s1e9239a\/"},"rbea_excerpt_info":null,"_links":{"self":[{"href":"https:\/\/destinasjonkvenver.no\/de\/wp-json\/wp\/v2\/pages\/3450","targetHints":{"allow":["GET"]}}],"collection":[{"href":"https:\/\/destinasjonkvenver.no\/de\/wp-json\/wp\/v2\/pages"}],"about":[{"href":"https:\/\/destinasjonkvenver.no\/de\/wp-json\/wp\/v2\/types\/page"}],"author":[{"embeddable":true,"href":"https:\/\/destinasjonkvenver.no\/de\/wp-json\/wp\/v2\/users\/1"}],"replies":[{"embeddable":true,"href":"https:\/\/destinasjonkvenver.no\/de\/wp-json\/wp\/v2\/comments?post=3450"}],"version-history":[{"count":0,"href":"https:\/\/destinasjonkvenver.no\/de\/wp-json\/wp\/v2\/pages\/3450\/revisions"}],"wp:attachment":[{"href":"https:\/\/destinasjonkvenver.no\/de\/wp-json\/wp\/v2\/media?parent=3450"}],"curies":[{"name":"wp","href":"https:\/\/api.w.org\/{rel}","templated":true}]}}