{"id":3447,"date":"2023-10-09T14:12:51","date_gmt":"2023-10-09T14:12:51","guid":{"rendered":"https:\/\/destinasjonkvenver.no\/betriebsausflug\/"},"modified":"2024-07-29T16:45:12","modified_gmt":"2024-07-29T16:45:12","slug":"betriebsausflug","status":"publish","type":"page","link":"https:\/\/destinasjonkvenver.no\/de\/betriebsausflug\/","title":{"rendered":"Betriebsausflug"},"content":{"rendered":"\n<div class=\"wp-block-getwid-section alignfull alignfull getwid-section-content-custom-width\"><div class=\"wp-block-getwid-section__wrapper getwid-padding-top-large getwid-padding-bottom-large getwid-padding-left-medium getwid-padding-right-medium\" style=\"min-height:70vh\"><div class=\"wp-block-getwid-section__inner-wrapper\" style=\"max-width:740px\"><div class=\"wp-block-getwid-section__background-holder\"><div class=\"wp-block-getwid-section__background\" style=\"background-image:url('https:\/\/destinasjonkvenver.no\/wp-content\/uploads\/2023\/10\/P1600745-scaled.jpg')\"><div class=\"wp-block-getwid-section__background-image-wrapper\"><img decoding=\"async\" class=\"wp-block-getwid-section__background-image\" src=\"https:\/\/destinasjonkvenver.no\/wp-content\/uploads\/2023\/10\/P1600745-scaled.jpg\" alt=\"\"\/><\/div><\/div><div class=\"wp-block-getwid-section__foreground\" style=\"opacity:0.65;background-color:#000000\"><\/div><\/div><div class=\"wp-block-getwid-section__content\"><div class=\"wp-block-getwid-section__inner-content\">\n<div class=\"wp-block-getwid-advanced-heading\" style=\"margin-bottom:0px;margin-top:0px\"><span class=\"wp-block-getwid-advanced-heading__content has-text-color\" style=\"text-align:center;color:#ffffff\">Erforschen, erleben und genie\u00dfen<\/span><\/div>\n\n\n\n<div class=\"wp-block-getwid-advanced-heading\" style=\"margin-bottom:30px;margin-top:10px\"><h2 class=\"wp-block-getwid-advanced-heading__content has-text-color\" style=\"text-align:center;color:#ffffff\">Ein ma\u00dfgeschneiderter Betriebsausflug bei Kvenv\u00e6r<\/h2><\/div>\n\n\n\n<p class=\"has-text-align-center has-text-color\" style=\"color:#ffffff\">Wir helfen Ihnen gerne dabei, den perfekten Betriebsausflug f\u00fcr Ihre Kollegen, Kunden und Gesch\u00e4ftspartner unkompliziert und effektiv zu organisieren! Wir haben die Erfahrung, das Wissen und die Kapazit\u00e4ten, um Ihren Betriebsausflug zu einer erfolgreichen Veranstaltung zu machen.<\/p>\n\n\n\n<div class=\"wp-block-getwid-advanced-spacer\" style=\"height:20px\" aria-hidden=\"true\"><\/div>\n\n\n\n<div class=\"wp-block-button aligncenter\"><a class=\"wp-block-button__link has-text-color has-background wp-element-button\" href=\"https:\/\/destinasjonkvenver.no\/de\/kontakt\/\" style=\"color:#000000;background-color:#ffffff\" target=\"_blank\" rel=\"noreferrer noopener\">Kontakt<\/a><\/div>\n<\/div><\/div><\/div><\/div><\/div>\n\n<div class=\"wp-block-getwid-section alignfull alignfull\"><div class=\"wp-block-getwid-section__wrapper getwid-padding-top-medium getwid-padding-bottom-medium\" style=\"padding-left:80px;padding-right:80px\"><div class=\"wp-block-getwid-section__inner-wrapper\"><div class=\"wp-block-getwid-section__background-holder\"><div class=\"wp-block-getwid-section__background\"><\/div><div class=\"wp-block-getwid-section__foreground\"><\/div><\/div><div class=\"wp-block-getwid-section__content\"><div class=\"wp-block-getwid-section__inner-content\">\n<div class=\"wp-block-columns has-2-columns are-vertically-aligned-center is-layout-flex wp-container-core-columns-is-layout-9d6595d7 wp-block-columns-is-layout-flex\">\n<div class=\"wp-block-column is-vertically-aligned-center is-layout-flow wp-block-column-is-layout-flow\">\n<div class=\"wp-block-getwid-advanced-heading\" style=\"margin-bottom:30px;margin-top:10px\"><h2 class=\"wp-block-getwid-advanced-heading__content\">W\u00e4hlen Sie Ihr eigenes Aktivit\u00e4tsprogramm<\/h2><\/div>\n\n\n\n<p>Wir bieten ma\u00dfgeschneiderte Programme, die sowohl f\u00fcr diejenigen geeignet sind, die Aufregung suchen, als auch f\u00fcr diejenigen, die entspannte Erlebnisse w\u00fcnschen, sei es ein Betriebsausflug, ein \u00dcberraschungsausflug oder ein Teambuilding-Event f\u00fcr kleine oder gro\u00dfe Gruppen.<\/p>\n\n\n\n<div class=\"wp-block-getwid-advanced-spacer\" style=\"height:10px\" aria-hidden=\"true\"><\/div>\n\n\n\n<div class=\"wp-block-getwid-images-stack is-layout-zeta\"><div class=\"wp-block-getwid-images-stack__wrapper\"><div class=\"wp-block-getwid-images-stack__chunk\"><div class=\"wp-block-getwid-images-stack__media-wrapper\"><div class=\"wp-block-getwid-images-stack__media-inner-wrapper\"><img fetchpriority=\"high\" decoding=\"async\" width=\"1920\" height=\"2560\" class=\"wp-block-getwid-images-stack__media wp-image-2544\" src=\"https:\/\/destinasjonkvenver.no\/wp-content\/uploads\/2023\/10\/IMG_5995-scaled.jpg\" data-id=\"2544\" data-link=\"https:\/\/destinasjonkvenver.no\/activities\/img_5995\/\" srcset=\"https:\/\/destinasjonkvenver.no\/wp-content\/uploads\/2023\/10\/IMG_5995-scaled.jpg 1920w, https:\/\/destinasjonkvenver.no\/wp-content\/uploads\/2023\/10\/IMG_5995-225x300.jpg 225w, https:\/\/destinasjonkvenver.no\/wp-content\/uploads\/2023\/10\/IMG_5995-768x1024.jpg 768w, https:\/\/destinasjonkvenver.no\/wp-content\/uploads\/2023\/10\/IMG_5995-1152x1536.jpg 1152w, https:\/\/destinasjonkvenver.no\/wp-content\/uploads\/2023\/10\/IMG_5995-1536x2048.jpg 1536w, https:\/\/destinasjonkvenver.no\/wp-content\/uploads\/2023\/10\/IMG_5995-892x1189.jpg 892w, https:\/\/destinasjonkvenver.no\/wp-content\/uploads\/2023\/10\/IMG_5995-1350x1800.jpg 1350w\" sizes=\"(max-width: 1920px) 100vw, 1920px\" \/><\/div><\/div><div class=\"wp-block-getwid-images-stack__media-wrapper\"><div class=\"wp-block-getwid-images-stack__media-inner-wrapper\"><img decoding=\"async\" width=\"1920\" height=\"2560\" class=\"wp-block-getwid-images-stack__media wp-image-2385\" src=\"https:\/\/destinasjonkvenver.no\/wp-content\/uploads\/2023\/10\/P1600041-scaled.jpg\" data-id=\"2385\" data-link=\"https:\/\/destinasjonkvenver.no\/private-events\/p1600041\/\" srcset=\"https:\/\/destinasjonkvenver.no\/wp-content\/uploads\/2023\/10\/P1600041-scaled.jpg 1920w, https:\/\/destinasjonkvenver.no\/wp-content\/uploads\/2023\/10\/P1600041-225x300.jpg 225w, https:\/\/destinasjonkvenver.no\/wp-content\/uploads\/2023\/10\/P1600041-768x1024.jpg 768w, https:\/\/destinasjonkvenver.no\/wp-content\/uploads\/2023\/10\/P1600041-1152x1536.jpg 1152w, https:\/\/destinasjonkvenver.no\/wp-content\/uploads\/2023\/10\/P1600041-1536x2048.jpg 1536w, https:\/\/destinasjonkvenver.no\/wp-content\/uploads\/2023\/10\/P1600041-892x1189.jpg 892w, https:\/\/destinasjonkvenver.no\/wp-content\/uploads\/2023\/10\/P1600041-1350x1800.jpg 1350w\" sizes=\"(max-width: 1920px) 100vw, 1920px\" \/><\/div><\/div><div class=\"wp-block-getwid-images-stack__media-wrapper\"><div class=\"wp-block-getwid-images-stack__media-inner-wrapper\"><img decoding=\"async\" width=\"1920\" height=\"2560\" class=\"wp-block-getwid-images-stack__media wp-image-2420\" src=\"https:\/\/destinasjonkvenver.no\/wp-content\/uploads\/2023\/10\/P1590441-scaled.jpg\" data-id=\"2420\" data-link=\"https:\/\/destinasjonkvenver.no\/restaurant\/p1590441\/\" srcset=\"https:\/\/destinasjonkvenver.no\/wp-content\/uploads\/2023\/10\/P1590441-scaled.jpg 1920w, https:\/\/destinasjonkvenver.no\/wp-content\/uploads\/2023\/10\/P1590441-225x300.jpg 225w, https:\/\/destinasjonkvenver.no\/wp-content\/uploads\/2023\/10\/P1590441-768x1024.jpg 768w, https:\/\/destinasjonkvenver.no\/wp-content\/uploads\/2023\/10\/P1590441-1152x1536.jpg 1152w, https:\/\/destinasjonkvenver.no\/wp-content\/uploads\/2023\/10\/P1590441-1536x2048.jpg 1536w, https:\/\/destinasjonkvenver.no\/wp-content\/uploads\/2023\/10\/P1590441-892x1189.jpg 892w, https:\/\/destinasjonkvenver.no\/wp-content\/uploads\/2023\/10\/P1590441-1350x1800.jpg 1350w\" sizes=\"(max-width: 1920px) 100vw, 1920px\" \/><\/div><\/div><\/div><div class=\"wp-block-getwid-images-stack__chunk\"><div class=\"wp-block-getwid-images-stack__media-wrapper\"><div class=\"wp-block-getwid-images-stack__media-inner-wrapper\"><img loading=\"lazy\" decoding=\"async\" width=\"1920\" height=\"2560\" class=\"wp-block-getwid-images-stack__media wp-image-2401\" src=\"https:\/\/destinasjonkvenver.no\/wp-content\/uploads\/2023\/10\/P1600694-1-scaled.jpg\" data-id=\"2401\" data-link=\"https:\/\/destinasjonkvenver.no\/private-events\/p1600694-2\/\" srcset=\"https:\/\/destinasjonkvenver.no\/wp-content\/uploads\/2023\/10\/P1600694-1-scaled.jpg 1920w, https:\/\/destinasjonkvenver.no\/wp-content\/uploads\/2023\/10\/P1600694-1-225x300.jpg 225w, https:\/\/destinasjonkvenver.no\/wp-content\/uploads\/2023\/10\/P1600694-1-768x1024.jpg 768w, https:\/\/destinasjonkvenver.no\/wp-content\/uploads\/2023\/10\/P1600694-1-1152x1536.jpg 1152w, https:\/\/destinasjonkvenver.no\/wp-content\/uploads\/2023\/10\/P1600694-1-1536x2048.jpg 1536w, https:\/\/destinasjonkvenver.no\/wp-content\/uploads\/2023\/10\/P1600694-1-892x1189.jpg 892w, https:\/\/destinasjonkvenver.no\/wp-content\/uploads\/2023\/10\/P1600694-1-1350x1800.jpg 1350w\" sizes=\"(max-width: 1920px) 100vw, 1920px\" \/><\/div><\/div><div class=\"wp-block-getwid-images-stack__media-wrapper\"><div class=\"wp-block-getwid-images-stack__media-inner-wrapper\"><img loading=\"lazy\" decoding=\"async\" width=\"2560\" height=\"1920\" class=\"wp-block-getwid-images-stack__media wp-image-2472\" src=\"https:\/\/destinasjonkvenver.no\/wp-content\/uploads\/2023\/10\/P1590262-scaled.jpg\" data-id=\"2472\" data-link=\"https:\/\/destinasjonkvenver.no\/activities\/p1590262\/\" srcset=\"https:\/\/destinasjonkvenver.no\/wp-content\/uploads\/2023\/10\/P1590262-scaled.jpg 2560w, https:\/\/destinasjonkvenver.no\/wp-content\/uploads\/2023\/10\/P1590262-300x225.jpg 300w, https:\/\/destinasjonkvenver.no\/wp-content\/uploads\/2023\/10\/P1590262-1024x768.jpg 1024w, https:\/\/destinasjonkvenver.no\/wp-content\/uploads\/2023\/10\/P1590262-768x576.jpg 768w, https:\/\/destinasjonkvenver.no\/wp-content\/uploads\/2023\/10\/P1590262-1536x1152.jpg 1536w, https:\/\/destinasjonkvenver.no\/wp-content\/uploads\/2023\/10\/P1590262-2048x1536.jpg 2048w, https:\/\/destinasjonkvenver.no\/wp-content\/uploads\/2023\/10\/P1590262-892x669.jpg 892w, https:\/\/destinasjonkvenver.no\/wp-content\/uploads\/2023\/10\/P1590262-1350x1012.jpg 1350w\" sizes=\"(max-width: 2560px) 100vw, 2560px\" \/><\/div><\/div><div class=\"wp-block-getwid-images-stack__media-wrapper\"><div class=\"wp-block-getwid-images-stack__media-inner-wrapper\"><img loading=\"lazy\" decoding=\"async\" width=\"1920\" height=\"2560\" class=\"wp-block-getwid-images-stack__media wp-image-2386\" src=\"https:\/\/destinasjonkvenver.no\/wp-content\/uploads\/2023\/10\/P1600144-scaled.jpg\" data-id=\"2386\" data-link=\"https:\/\/destinasjonkvenver.no\/private-events\/p1600144\/\" srcset=\"https:\/\/destinasjonkvenver.no\/wp-content\/uploads\/2023\/10\/P1600144-scaled.jpg 1920w, https:\/\/destinasjonkvenver.no\/wp-content\/uploads\/2023\/10\/P1600144-225x300.jpg 225w, https:\/\/destinasjonkvenver.no\/wp-content\/uploads\/2023\/10\/P1600144-768x1024.jpg 768w, https:\/\/destinasjonkvenver.no\/wp-content\/uploads\/2023\/10\/P1600144-1152x1536.jpg 1152w, https:\/\/destinasjonkvenver.no\/wp-content\/uploads\/2023\/10\/P1600144-1536x2048.jpg 1536w, https:\/\/destinasjonkvenver.no\/wp-content\/uploads\/2023\/10\/P1600144-892x1189.jpg 892w, https:\/\/destinasjonkvenver.no\/wp-content\/uploads\/2023\/10\/P1600144-1350x1800.jpg 1350w\" sizes=\"(max-width: 1920px) 100vw, 1920px\" \/><\/div><\/div><\/div><\/div><\/div>\n<\/div>\n\n\n\n<div class=\"wp-block-column is-vertically-aligned-center is-layout-flow wp-block-column-is-layout-flow\">\n<div class=\"wp-block-group\"><div class=\"wp-block-group__inner-container is-layout-constrained wp-block-group-is-layout-constrained\">\n<div class=\"wp-block-group\"><div class=\"wp-block-group__inner-container is-layout-constrained wp-block-group-is-layout-constrained\">\n<div class=\"wp-block-getwid-images-stack is-layout-zeta\"><div class=\"wp-block-getwid-images-stack__wrapper\"><div class=\"wp-block-getwid-images-stack__chunk\"><div class=\"wp-block-getwid-images-stack__media-wrapper\"><div class=\"wp-block-getwid-images-stack__media-inner-wrapper\"><img loading=\"lazy\" decoding=\"async\" width=\"1920\" height=\"2560\" class=\"wp-block-getwid-images-stack__media wp-image-2475\" src=\"https:\/\/destinasjonkvenver.no\/wp-content\/uploads\/2023\/10\/P1590344-scaled.jpg\" data-id=\"2475\" data-link=\"https:\/\/destinasjonkvenver.no\/activities\/p1590344\/\" srcset=\"https:\/\/destinasjonkvenver.no\/wp-content\/uploads\/2023\/10\/P1590344-scaled.jpg 1920w, https:\/\/destinasjonkvenver.no\/wp-content\/uploads\/2023\/10\/P1590344-225x300.jpg 225w, https:\/\/destinasjonkvenver.no\/wp-content\/uploads\/2023\/10\/P1590344-768x1024.jpg 768w, https:\/\/destinasjonkvenver.no\/wp-content\/uploads\/2023\/10\/P1590344-1152x1536.jpg 1152w, https:\/\/destinasjonkvenver.no\/wp-content\/uploads\/2023\/10\/P1590344-1536x2048.jpg 1536w, https:\/\/destinasjonkvenver.no\/wp-content\/uploads\/2023\/10\/P1590344-892x1189.jpg 892w, https:\/\/destinasjonkvenver.no\/wp-content\/uploads\/2023\/10\/P1590344-1350x1800.jpg 1350w\" sizes=\"(max-width: 1920px) 100vw, 1920px\" \/><\/div><\/div><div class=\"wp-block-getwid-images-stack__media-wrapper\"><div class=\"wp-block-getwid-images-stack__media-inner-wrapper\"><img loading=\"lazy\" decoding=\"async\" width=\"1920\" height=\"2560\" class=\"wp-block-getwid-images-stack__media wp-image-2548\" src=\"https:\/\/destinasjonkvenver.no\/wp-content\/uploads\/2023\/10\/P1590372-scaled.jpg\" data-id=\"2548\" data-link=\"https:\/\/destinasjonkvenver.no\/activities\/p1590372\/\" srcset=\"https:\/\/destinasjonkvenver.no\/wp-content\/uploads\/2023\/10\/P1590372-scaled.jpg 1920w, https:\/\/destinasjonkvenver.no\/wp-content\/uploads\/2023\/10\/P1590372-225x300.jpg 225w, https:\/\/destinasjonkvenver.no\/wp-content\/uploads\/2023\/10\/P1590372-768x1024.jpg 768w, https:\/\/destinasjonkvenver.no\/wp-content\/uploads\/2023\/10\/P1590372-1152x1536.jpg 1152w, https:\/\/destinasjonkvenver.no\/wp-content\/uploads\/2023\/10\/P1590372-1536x2048.jpg 1536w, https:\/\/destinasjonkvenver.no\/wp-content\/uploads\/2023\/10\/P1590372-892x1190.jpg 892w, https:\/\/destinasjonkvenver.no\/wp-content\/uploads\/2023\/10\/P1590372-1350x1800.jpg 1350w\" sizes=\"(max-width: 1920px) 100vw, 1920px\" \/><\/div><\/div><div class=\"wp-block-getwid-images-stack__media-wrapper\"><div class=\"wp-block-getwid-images-stack__media-inner-wrapper\"><img loading=\"lazy\" decoding=\"async\" width=\"1920\" height=\"2560\" class=\"wp-block-getwid-images-stack__media wp-image-2439\" src=\"https:\/\/destinasjonkvenver.no\/wp-content\/uploads\/2023\/06\/P1590580-scaled.jpg\" data-id=\"2439\" data-link=\"https:\/\/destinasjonkvenver.no\/accommodation\/skjaen\/p1590580\/\" srcset=\"https:\/\/destinasjonkvenver.no\/wp-content\/uploads\/2023\/06\/P1590580-scaled.jpg 1920w, https:\/\/destinasjonkvenver.no\/wp-content\/uploads\/2023\/06\/P1590580-225x300.jpg 225w, https:\/\/destinasjonkvenver.no\/wp-content\/uploads\/2023\/06\/P1590580-768x1024.jpg 768w, https:\/\/destinasjonkvenver.no\/wp-content\/uploads\/2023\/06\/P1590580-1152x1536.jpg 1152w, https:\/\/destinasjonkvenver.no\/wp-content\/uploads\/2023\/06\/P1590580-1536x2048.jpg 1536w, https:\/\/destinasjonkvenver.no\/wp-content\/uploads\/2023\/06\/P1590580-892x1189.jpg 892w, https:\/\/destinasjonkvenver.no\/wp-content\/uploads\/2023\/06\/P1590580-1350x1800.jpg 1350w\" sizes=\"(max-width: 1920px) 100vw, 1920px\" \/><\/div><\/div><\/div><\/div><\/div>\n<\/div><\/div>\n<\/div><\/div>\n\n\n\n<div class=\"wp-block-getwid-advanced-spacer\" style=\"height:10px\" aria-hidden=\"true\"><\/div>\n\n\n\n<h2 class=\"wp-block-heading\">Die Aktivit\u00e4ten, die wir anbieten<\/h2>\n\n\n\n<p>&#8211; Kajak-Vermietung<\/p>\n\n\n\n<p>&#8211; Sauna und Jacuzzi<\/p>\n\n\n\n<p>&#8211; Gef\u00fchrte Sch\u00e4rentouren<\/p>\n\n\n\n<p>&#8211; Bootsvermietung<\/p>\n\n\n\n<p>&#8211; Unterkunft in einer schwimmenden Suite<\/p>\n\n\n\n<p>&#8211; Krabbenfang<\/p>\n\n\n\n<p>&#8211; Adler-Safaris<\/p>\n\n\n\n<p>&#8211; Besuche bei lokalen Unternehmen wie Hitra Farm Food und Fr\u00f8ya Brewery<\/p>\n\n\n\n<p>&#8211; Tonningen Rundwanderung<\/p>\n\n\n\n<p>&#8211; Fischen<\/p>\n\n\n\n<p>&#8211; Freitauchen<\/p>\n\n\n\n<p>&#8211; Stand-Up-Paddleboarding (SUP)<\/p>\n\n\n\n<p>&#8211; Und mehr<\/p>\n\n\n\n<p>Wir freuen uns darauf, Sie bei der Planung eines unvergesslichen Betriebsausflugs nach Kvenv\u00e6r zu unterst\u00fctzen!<\/p>\n\n\n\n<div class=\"wp-block-getwid-advanced-spacer\" style=\"height:10px\" aria-hidden=\"true\"><\/div>\n\n\n\n<div class=\"wp-block-buttons is-layout-flex wp-block-buttons-is-layout-flex\">\n<div class=\"wp-block-button\"><a class=\"wp-block-button__link wp-element-button\" href=\"https:\/\/destinasjonkvenver.no\/de\/kontakt\/\" target=\"_blank\" rel=\"noreferrer noopener\">Kontakt<\/a><\/div>\n<\/div>\n<\/div>\n<\/div>\n<\/div><\/div><\/div><\/div><\/div>\n","protected":false},"excerpt":{"rendered":"","protected":false},"author":1,"featured_media":0,"parent":0,"menu_order":0,"comment_status":"closed","ping_status":"closed","template":"","meta":{"om_disable_all_campaigns":false,"inline_featured_image":false,"_monsterinsights_skip_tracking":false,"_monsterinsights_sitenote_active":false,"_monsterinsights_sitenote_note":"","_monsterinsights_sitenote_category":0,"_uf_show_specific_survey":0,"_uf_disable_surveys":false,"footnotes":""},"class_list":["post-3447","page","type-page","status-publish","hentry"],"aioseo_notices":[],"featured_image_src":"","featured_image_src_square":false,"rbea_author_info":{"display_name":"Peder Nygaard","author_link":"https:\/\/destinasjonkvenver.no\/de\/author\/peder_1998_s1e9239a\/"},"rbea_excerpt_info":null,"_links":{"self":[{"href":"https:\/\/destinasjonkvenver.no\/de\/wp-json\/wp\/v2\/pages\/3447","targetHints":{"allow":["GET"]}}],"collection":[{"href":"https:\/\/destinasjonkvenver.no\/de\/wp-json\/wp\/v2\/pages"}],"about":[{"href":"https:\/\/destinasjonkvenver.no\/de\/wp-json\/wp\/v2\/types\/page"}],"author":[{"embeddable":true,"href":"https:\/\/destinasjonkvenver.no\/de\/wp-json\/wp\/v2\/users\/1"}],"replies":[{"embeddable":true,"href":"https:\/\/destinasjonkvenver.no\/de\/wp-json\/wp\/v2\/comments?post=3447"}],"version-history":[{"count":0,"href":"https:\/\/destinasjonkvenver.no\/de\/wp-json\/wp\/v2\/pages\/3447\/revisions"}],"wp:attachment":[{"href":"https:\/\/destinasjonkvenver.no\/de\/wp-json\/wp\/v2\/media?parent=3447"}],"curies":[{"name":"wp","href":"https:\/\/api.w.org\/{rel}","templated":true}]}}