{"id":3435,"date":"2023-10-09T14:19:53","date_gmt":"2023-10-09T14:19:53","guid":{"rendered":"https:\/\/destinasjonkvenver.no\/private-veranstaltungen\/"},"modified":"2025-10-08T13:01:25","modified_gmt":"2025-10-08T13:01:25","slug":"private-veranstaltungen","status":"publish","type":"page","link":"https:\/\/destinasjonkvenver.no\/de\/private-veranstaltungen\/","title":{"rendered":"Private Veranstaltungen"},"content":{"rendered":"\n<div class=\"wp-block-getwid-section alignfull alignfull getwid-section-content-custom-width\"><div class=\"wp-block-getwid-section__wrapper getwid-padding-top-large getwid-padding-bottom-large getwid-padding-left-medium getwid-padding-right-medium\" style=\"min-height:70vh\"><div class=\"wp-block-getwid-section__inner-wrapper\" style=\"max-width:740px\"><div class=\"wp-block-getwid-section__background-holder\"><div class=\"wp-block-getwid-section__background\" style=\"background-image:url('https:\/\/destinasjonkvenver.no\/wp-content\/uploads\/2023\/10\/P1600656-scaled.jpg')\"><div class=\"wp-block-getwid-section__background-image-wrapper\"><img decoding=\"async\" class=\"wp-block-getwid-section__background-image\" src=\"https:\/\/destinasjonkvenver.no\/wp-content\/uploads\/2023\/10\/P1600656-scaled.jpg\" alt=\"\"\/><\/div><\/div><div class=\"wp-block-getwid-section__foreground\" style=\"opacity:0.65;background-color:#000000\"><\/div><\/div><div class=\"wp-block-getwid-section__content\"><div class=\"wp-block-getwid-section__inner-content\">\n<div class=\"wp-block-getwid-advanced-heading\" style=\"margin-bottom:30px;margin-top:10px\"><h2 class=\"wp-block-getwid-advanced-heading__content has-text-color\" style=\"text-align:center;color:#ffffff\">Feiern Sie besondere Anl\u00e4sse im Kvenv\u00e6r<\/h2><\/div>\n\n\n\n<p class=\"has-text-align-center has-text-color\" style=\"color:#ffffff\">Unser oberstes Ziel bei Kvenv\u00e6r ist es, Ihnen und Ihren G\u00e4sten ein unvergessliches Erlebnis mit einem ma\u00dfgeschneiderten Paket zu bieten, das perfekt zu Ihnen passt. Wir haben die Erfahrung, das Wissen und die Kapazit\u00e4ten, um Ihren Betriebsausflug zu einer erfolgreichen Veranstaltung zu machen.<\/p>\n<\/div><\/div><\/div><\/div><\/div>\n\n<div class=\"wp-block-getwid-advanced-spacer\" style=\"height:50px\" aria-hidden=\"true\"><\/div>\n\n<div class=\"wp-block-getwid-section alignfull alignfull getwid-section-content-custom-width\"><div class=\"wp-block-getwid-section__wrapper getwid-padding-left-medium getwid-padding-right-medium\"><div class=\"wp-block-getwid-section__inner-wrapper\" style=\"max-width:1140px\"><div class=\"wp-block-getwid-section__background-holder\"><div class=\"wp-block-getwid-section__background\"><\/div><div class=\"wp-block-getwid-section__foreground\"><\/div><\/div><div class=\"wp-block-getwid-section__content\"><div class=\"wp-block-getwid-section__inner-content\">\n<div class=\"wp-block-columns has-2-columns are-vertically-aligned-center is-layout-flex wp-container-core-columns-is-layout-9d6595d7 wp-block-columns-is-layout-flex\">\n<div class=\"wp-block-column is-vertically-aligned-center is-layout-flow wp-block-column-is-layout-flow\">\n<figure class=\"wp-block-image size-large\"><img fetchpriority=\"high\" decoding=\"async\" width=\"1024\" height=\"768\" src=\"https:\/\/destinasjonkvenver.no\/wp-content\/uploads\/2023\/10\/P1600745-1024x768.jpg\" alt=\"\" class=\"wp-image-2403\" srcset=\"https:\/\/destinasjonkvenver.no\/wp-content\/uploads\/2023\/10\/P1600745-1024x768.jpg 1024w, https:\/\/destinasjonkvenver.no\/wp-content\/uploads\/2023\/10\/P1600745-300x225.jpg 300w, https:\/\/destinasjonkvenver.no\/wp-content\/uploads\/2023\/10\/P1600745-768x576.jpg 768w, https:\/\/destinasjonkvenver.no\/wp-content\/uploads\/2023\/10\/P1600745-1536x1152.jpg 1536w, https:\/\/destinasjonkvenver.no\/wp-content\/uploads\/2023\/10\/P1600745-2048x1536.jpg 2048w, https:\/\/destinasjonkvenver.no\/wp-content\/uploads\/2023\/10\/P1600745-892x669.jpg 892w, https:\/\/destinasjonkvenver.no\/wp-content\/uploads\/2023\/10\/P1600745-1350x1012.jpg 1350w\" sizes=\"(max-width: 1024px) 100vw, 1024px\" \/><\/figure>\n<\/div>\n\n\n\n<div class=\"wp-block-column is-vertically-aligned-center is-layout-flow wp-block-column-is-layout-flow\">\n<div class=\"wp-block-getwid-section\"><div class=\"wp-block-getwid-section__wrapper getwid-padding-top-none getwid-padding-bottom-none getwid-padding-left-medium getwid-padding-right-none getwid-padding-mobile-left-none\"><div class=\"wp-block-getwid-section__inner-wrapper\"><div class=\"wp-block-getwid-section__background-holder\"><div class=\"wp-block-getwid-section__background\"><\/div><div class=\"wp-block-getwid-section__foreground\"><\/div><\/div><div class=\"wp-block-getwid-section__content\"><div class=\"wp-block-getwid-section__inner-content\">\n<h1 class=\"wp-block-heading has-text-color has-medium-font-size\" style=\"color:#000000\">Planen Sie Ihre n\u00e4chste Veranstaltung mit uns  <\/h1>\n\n\n\n<p>Ganz gleich, ob Sie mit engen Freunden, Kollegen oder der Familie zusammenkommen, Gesch\u00e4ftstreffen oder Workshops veranstalten, besondere Anl\u00e4sse wie Taufen, Konfirmationen, Beerdigungen, Geburtstage oder Hochzeiten feiern oder einfach nur eine bedeutungsvolle Gedenkfeier abhalten m\u00f6chten &#8211; wir sind hier, um Ihnen ein unvergessliches Erlebnis zu bereiten.<\/p>\n\n\n\n<p>Unsere einladende Umgebung bietet die M\u00f6glichkeit, Veranstaltungen f\u00fcr kleine und gro\u00dfe Gruppen mit bis zu 50 Personen durchzuf\u00fchren.<\/p>\n\n\n\n<p class=\"has-text-align-left\">Setzen Sie sich noch heute mit uns in Verbindung, und wir werden gemeinsam das perfekte Paket f\u00fcr Ihre Veranstaltung finden.<\/p>\n\n\n\n<div class=\"wp-block-getwid-advanced-spacer\" style=\"height:10px\" aria-hidden=\"true\"><\/div>\n\n\n\n<div class=\"wp-block-button\"><a class=\"wp-block-button__link wp-element-button\" href=\"https:\/\/destinasjonkvenver.no\/de\/kontakt\/\" target=\"_blank\" rel=\"noreferrer noopener\">Kontakt<\/a><\/div>\n<\/div><\/div><\/div><\/div><\/div>\n<\/div>\n<\/div>\n<\/div><\/div><\/div><\/div><\/div>\n\n<div class=\"wp-block-getwid-advanced-spacer\" style=\"height:50px\" aria-hidden=\"true\"><\/div>\n\n<div class=\"wp-block-getwid-section alignfull alignfull getwid-section-content-custom-width\"><div class=\"wp-block-getwid-section__wrapper getwid-padding-left-medium getwid-padding-right-medium\"><div class=\"wp-block-getwid-section__inner-wrapper\" style=\"max-width:1140px\"><div class=\"wp-block-getwid-section__background-holder\"><div class=\"wp-block-getwid-section__background\"><\/div><div class=\"wp-block-getwid-section__foreground\"><\/div><\/div><div class=\"wp-block-getwid-section__content\"><div class=\"wp-block-getwid-section__inner-content\">\n<div class=\"wp-block-columns has-2-columns are-vertically-aligned-center is-layout-flex wp-container-core-columns-is-layout-9d6595d7 wp-block-columns-is-layout-flex\">\n<div class=\"wp-block-column is-vertically-aligned-center is-layout-flow wp-block-column-is-layout-flow\">\n<div class=\"wp-block-getwid-advanced-heading\" style=\"margin-bottom:0px;margin-top:0px\"><span class=\"wp-block-getwid-advanced-heading__content\">Ma\u00dfgeschneidert f\u00fcr Ihre Veranstaltung<\/span><\/div>\n\n\n\n<div class=\"wp-block-getwid-advanced-heading\" style=\"margin-bottom:30px;margin-top:10px\"><h2 class=\"wp-block-getwid-advanced-heading__content\">Unsere ma\u00dfgeschneiderten Angebote<\/h2><\/div>\n\n\n\n<p>Unser oberstes Ziel bei Kvenv\u00e6r ist es, Ihnen und Ihren G\u00e4sten ein unvergessliches Erlebnis mit einem ma\u00dfgeschneiderten Paket zu bieten, das perfekt zu Ihnen passt. Wir bieten ma\u00dfgeschneiderte Programme an, die sowohl f\u00fcr diejenigen geeignet sind, die Aufregung suchen, als auch f\u00fcr diejenigen, die entspannte Erlebnisse w\u00fcnschen, unabh\u00e4ngig von der Art der Veranstaltung.<\/p>\n\n\n\n<div class=\"wp-block-buttons is-vertical is-layout-flex wp-container-core-buttons-is-layout-8cf370e7 wp-block-buttons-is-layout-flex\">\n<div class=\"wp-block-button has-custom-width wp-block-button__width-50 is-style-outline is-style-outline--2\"><a class=\"wp-block-button__link wp-element-button\" href=\"https:\/\/destinasjonkvenver.no\/de\/workshop\/\">Workshop<\/a><\/div>\n\n\n\n<div class=\"wp-block-button has-custom-width wp-block-button__width-50 is-style-outline is-style-outline--3\"><a class=\"wp-block-button__link wp-element-button\" href=\"https:\/\/destinasjonkvenver.no\/de\/weihnachtsfeier\/\">Weihnachtsfeier<\/a><\/div>\n\n\n\n<div class=\"wp-block-button has-custom-width wp-block-button__width-50 is-style-outline is-style-outline--4\"><a class=\"wp-block-button__link wp-element-button\" href=\"https:\/\/destinasjonkvenver.no\/de\/betriebsausflug\/\">Betriebsausflug<\/a><\/div>\n<\/div>\n<\/div>\n\n\n\n<div class=\"wp-block-column is-vertically-aligned-center is-layout-flow wp-block-column-is-layout-flow\">\n<div class=\"wp-block-getwid-images-stack is-layout-zeta\"><div class=\"wp-block-getwid-images-stack__wrapper\"><div class=\"wp-block-getwid-images-stack__chunk\"><div class=\"wp-block-getwid-images-stack__media-wrapper\"><div class=\"wp-block-getwid-images-stack__media-inner-wrapper\"><img decoding=\"async\" width=\"1920\" height=\"2560\" class=\"wp-block-getwid-images-stack__media wp-image-2383\" src=\"https:\/\/destinasjonkvenver.no\/wp-content\/uploads\/2023\/10\/IMG_8864-scaled.jpg\" data-id=\"2383\" data-link=\"https:\/\/destinasjonkvenver.no\/private-events\/img_8864\/\" srcset=\"https:\/\/destinasjonkvenver.no\/wp-content\/uploads\/2023\/10\/IMG_8864-scaled.jpg 1920w, https:\/\/destinasjonkvenver.no\/wp-content\/uploads\/2023\/10\/IMG_8864-225x300.jpg 225w, https:\/\/destinasjonkvenver.no\/wp-content\/uploads\/2023\/10\/IMG_8864-768x1024.jpg 768w, https:\/\/destinasjonkvenver.no\/wp-content\/uploads\/2023\/10\/IMG_8864-1152x1536.jpg 1152w, https:\/\/destinasjonkvenver.no\/wp-content\/uploads\/2023\/10\/IMG_8864-1536x2048.jpg 1536w, https:\/\/destinasjonkvenver.no\/wp-content\/uploads\/2023\/10\/IMG_8864-892x1189.jpg 892w, https:\/\/destinasjonkvenver.no\/wp-content\/uploads\/2023\/10\/IMG_8864-1350x1800.jpg 1350w\" sizes=\"(max-width: 1920px) 100vw, 1920px\" \/><\/div><\/div><div class=\"wp-block-getwid-images-stack__media-wrapper\"><div class=\"wp-block-getwid-images-stack__media-inner-wrapper\"><img decoding=\"async\" width=\"2560\" height=\"1920\" class=\"wp-block-getwid-images-stack__media wp-image-2402\" src=\"https:\/\/destinasjonkvenver.no\/wp-content\/uploads\/2023\/10\/P1600699-scaled.jpg\" data-id=\"2402\" data-link=\"https:\/\/destinasjonkvenver.no\/private-events\/p1600699\/\" srcset=\"https:\/\/destinasjonkvenver.no\/wp-content\/uploads\/2023\/10\/P1600699-scaled.jpg 2560w, https:\/\/destinasjonkvenver.no\/wp-content\/uploads\/2023\/10\/P1600699-300x225.jpg 300w, https:\/\/destinasjonkvenver.no\/wp-content\/uploads\/2023\/10\/P1600699-1024x768.jpg 1024w, https:\/\/destinasjonkvenver.no\/wp-content\/uploads\/2023\/10\/P1600699-768x576.jpg 768w, https:\/\/destinasjonkvenver.no\/wp-content\/uploads\/2023\/10\/P1600699-1536x1152.jpg 1536w, https:\/\/destinasjonkvenver.no\/wp-content\/uploads\/2023\/10\/P1600699-2048x1536.jpg 2048w, https:\/\/destinasjonkvenver.no\/wp-content\/uploads\/2023\/10\/P1600699-892x669.jpg 892w, https:\/\/destinasjonkvenver.no\/wp-content\/uploads\/2023\/10\/P1600699-1350x1013.jpg 1350w\" sizes=\"(max-width: 2560px) 100vw, 2560px\" \/><\/div><\/div><div class=\"wp-block-getwid-images-stack__media-wrapper\"><div class=\"wp-block-getwid-images-stack__media-inner-wrapper\"><img loading=\"lazy\" decoding=\"async\" width=\"2560\" height=\"1920\" class=\"wp-block-getwid-images-stack__media wp-image-2408\" src=\"https:\/\/destinasjonkvenver.no\/wp-content\/uploads\/2023\/10\/P1610088-scaled.jpg\" data-id=\"2408\" data-link=\"https:\/\/destinasjonkvenver.no\/private-events\/p1610088\/\" srcset=\"https:\/\/destinasjonkvenver.no\/wp-content\/uploads\/2023\/10\/P1610088-scaled.jpg 2560w, https:\/\/destinasjonkvenver.no\/wp-content\/uploads\/2023\/10\/P1610088-300x225.jpg 300w, https:\/\/destinasjonkvenver.no\/wp-content\/uploads\/2023\/10\/P1610088-1024x768.jpg 1024w, https:\/\/destinasjonkvenver.no\/wp-content\/uploads\/2023\/10\/P1610088-768x576.jpg 768w, https:\/\/destinasjonkvenver.no\/wp-content\/uploads\/2023\/10\/P1610088-1536x1152.jpg 1536w, https:\/\/destinasjonkvenver.no\/wp-content\/uploads\/2023\/10\/P1610088-2048x1536.jpg 2048w, https:\/\/destinasjonkvenver.no\/wp-content\/uploads\/2023\/10\/P1610088-892x669.jpg 892w, https:\/\/destinasjonkvenver.no\/wp-content\/uploads\/2023\/10\/P1610088-1350x1013.jpg 1350w\" sizes=\"(max-width: 2560px) 100vw, 2560px\" \/><\/div><\/div><\/div><\/div><\/div>\n<\/div>\n<\/div>\n<\/div><\/div><\/div><\/div><\/div>\n","protected":false},"excerpt":{"rendered":"","protected":false},"author":1,"featured_media":0,"parent":0,"menu_order":0,"comment_status":"closed","ping_status":"closed","template":"","meta":{"om_disable_all_campaigns":false,"inline_featured_image":false,"_monsterinsights_skip_tracking":false,"_monsterinsights_sitenote_active":false,"_monsterinsights_sitenote_note":"","_monsterinsights_sitenote_category":0,"_uf_show_specific_survey":0,"_uf_disable_surveys":false,"footnotes":""},"class_list":["post-3435","page","type-page","status-publish","hentry"],"aioseo_notices":[],"featured_image_src":"","featured_image_src_square":false,"rbea_author_info":{"display_name":"Peder Nygaard","author_link":"https:\/\/destinasjonkvenver.no\/de\/author\/peder_1998_s1e9239a\/"},"rbea_excerpt_info":null,"_links":{"self":[{"href":"https:\/\/destinasjonkvenver.no\/de\/wp-json\/wp\/v2\/pages\/3435","targetHints":{"allow":["GET"]}}],"collection":[{"href":"https:\/\/destinasjonkvenver.no\/de\/wp-json\/wp\/v2\/pages"}],"about":[{"href":"https:\/\/destinasjonkvenver.no\/de\/wp-json\/wp\/v2\/types\/page"}],"author":[{"embeddable":true,"href":"https:\/\/destinasjonkvenver.no\/de\/wp-json\/wp\/v2\/users\/1"}],"replies":[{"embeddable":true,"href":"https:\/\/destinasjonkvenver.no\/de\/wp-json\/wp\/v2\/comments?post=3435"}],"version-history":[{"count":0,"href":"https:\/\/destinasjonkvenver.no\/de\/wp-json\/wp\/v2\/pages\/3435\/revisions"}],"wp:attachment":[{"href":"https:\/\/destinasjonkvenver.no\/de\/wp-json\/wp\/v2\/media?parent=3435"}],"curies":[{"name":"wp","href":"https:\/\/api.w.org\/{rel}","templated":true}]}}